{"id":24890,"date":"2025-10-31T14:03:18","date_gmt":"2025-10-31T13:03:18","guid":{"rendered":"https:\/\/www.mlc-munich.de\/web\/?page_id=24890"},"modified":"2025-10-31T14:03:18","modified_gmt":"2025-10-31T13:03:18","slug":"ecmc","status":"publish","type":"page","link":"https:\/\/www.mlc-munich.de\/web\/en\/der-mlc\/ecmc\/","title":{"rendered":"ECMC"},"content":{"rendered":"<p>Seit Oktober 2025 ist der MLC wieder Mitglied der ECMC (European Confederation of Motorcycle Clubs).<\/p>\n<p>Die ECMC f\u00f6rdert die Zusammenarbeit und den Zusammenhalt schwuler Leder- und Fetisch-Clubs sowie der Biker-Community in Europa. Als Dachorganisation mit \u00fcber 40 Clubs aus mehr als einem Dutzend L\u00e4ndern organisiert sie zentrale Events wie den ECMC Bike Run und das Jahrestreffen mit der Wahl zum Mr. Leather Europe\u00ae.<\/p>\n<p><img loading=\"lazy\" decoding=\"async\" class=\"alignnone size-medium wp-image-24891\" src=\"https:\/\/www.mlc-munich.de\/web\/wp-content\/uploads\/2025\/10\/ecmc-logo-600x326.png\" alt=\"\" width=\"600\" height=\"326\" srcset=\"https:\/\/www.mlc-munich.de\/web\/wp-content\/uploads\/2025\/10\/ecmc-logo-600x326.png 600w, https:\/\/www.mlc-munich.de\/web\/wp-content\/uploads\/2025\/10\/ecmc-logo-2000x1087.png 2000w, https:\/\/www.mlc-munich.de\/web\/wp-content\/uploads\/2025\/10\/ecmc-logo-768x418.png 768w, https:\/\/www.mlc-munich.de\/web\/wp-content\/uploads\/2025\/10\/ecmc-logo-1536x835.png 1536w, https:\/\/www.mlc-munich.de\/web\/wp-content\/uploads\/2025\/10\/ecmc-logo-2048x1114.png 2048w\" sizes=\"auto, (max-width: 600px) 100vw, 600px\" \/><\/p>\n","protected":false},"excerpt":{"rendered":"<p>Seit Oktober 2025 ist der MLC wieder Mitglied der ECMC (European Confederation of Motorcycle Clubs). Die ECMC f\u00f6rdert die Zusammenarbeit und den Zusammenhalt schwuler Leder- und Fetisch-Clubs sowie der Biker-Community in Europa. Als Dachorganisation mit \u00fcber 40 Clubs aus mehr als einem Dutzend L\u00e4ndern organisiert sie zentrale Events wie den ECMC Bike Run und das Jahrestreffen mit der Wahl zum Mr. Leather Europe\u00ae.<\/p>\n","protected":false},"author":2,"featured_media":0,"parent":166,"menu_order":60,"comment_status":"closed","ping_status":"closed","template":"","meta":{"footnotes":""},"class_list":["post-24890","page","type-page","status-publish","hentry","post"],"translation":{"provider":"WPGlobus","version":"3.0.2","language":"en","enabled_languages":["de","en"],"languages":{"de":{"title":true,"content":true,"excerpt":false},"en":{"title":false,"content":false,"excerpt":false}}},"yoast_head":"<!-- This site is optimized with the Yoast SEO plugin v27.5 - https:\/\/yoast.com\/product\/yoast-seo-wordpress\/ -->\n<title>ECMC - M\u00fcnchner L\u00f6wen Club e.V.<\/title>\n<meta name=\"robots\" content=\"index, follow, max-snippet:-1, max-image-preview:large, max-video-preview:-1\" \/>\n<link rel=\"canonical\" href=\"https:\/\/www.mlc-munich.de\/web\/der-mlc\/ecmc\/\" \/>\n<meta property=\"og:locale\" content=\"en_US\" \/>\n<meta property=\"og:type\" content=\"article\" \/>\n<meta property=\"og:title\" content=\"ECMC - M\u00fcnchner L\u00f6wen Club e.V.\" \/>\n<meta property=\"og:url\" content=\"https:\/\/www.mlc-munich.de\/web\/der-mlc\/ecmc\/\" \/>\n<meta property=\"og:site_name\" content=\"M\u00fcnchner L\u00f6wen Club e.V.\" \/>\n<meta property=\"og:image\" content=\"https:\/\/www.mlc-munich.de\/web\/wp-content\/uploads\/2025\/10\/ecmc-logo-scaled.png\" \/>\n\t<meta property=\"og:image:width\" content=\"2560\" \/>\n\t<meta property=\"og:image:height\" content=\"1392\" \/>\n\t<meta property=\"og:image:type\" content=\"image\/png\" \/>\n<meta name=\"twitter:card\" content=\"summary_large_image\" \/>\n<meta name=\"twitter:label1\" content=\"Est. reading time\" \/>\n\t<meta name=\"twitter:data1\" content=\"1 minute\" \/>\n<script type=\"application\/ld+json\" class=\"yoast-schema-graph\">{\"@context\":\"https:\\\/\\\/schema.org\",\"@graph\":[{\"@type\":\"WebPage\",\"@id\":\"https:\\\/\\\/www.mlc-munich.de\\\/web\\\/der-mlc\\\/ecmc\\\/\",\"url\":\"https:\\\/\\\/www.mlc-munich.de\\\/web\\\/der-mlc\\\/ecmc\\\/\",\"name\":\"ECMC - M\u00fcnchner L\u00f6wen Club e.V.\",\"isPartOf\":{\"@id\":\"https:\\\/\\\/www.mlc-munich.de\\\/web\\\/#website\"},\"primaryImageOfPage\":{\"@id\":\"https:\\\/\\\/www.mlc-munich.de\\\/web\\\/der-mlc\\\/ecmc\\\/#primaryimage\"},\"image\":{\"@id\":\"https:\\\/\\\/www.mlc-munich.de\\\/web\\\/der-mlc\\\/ecmc\\\/#primaryimage\"},\"thumbnailUrl\":\"https:\\\/\\\/www.mlc-munich.de\\\/web\\\/wp-content\\\/uploads\\\/2025\\\/10\\\/ecmc-logo-600x326.png\",\"datePublished\":\"2025-10-31T13:03:18+00:00\",\"breadcrumb\":{\"@id\":\"https:\\\/\\\/www.mlc-munich.de\\\/web\\\/der-mlc\\\/ecmc\\\/#breadcrumb\"},\"inLanguage\":\"en-US\",\"potentialAction\":[{\"@type\":\"ReadAction\",\"target\":[\"https:\\\/\\\/www.mlc-munich.de\\\/web\\\/der-mlc\\\/ecmc\\\/\"]}]},{\"@type\":\"ImageObject\",\"inLanguage\":\"en-US\",\"@id\":\"https:\\\/\\\/www.mlc-munich.de\\\/web\\\/der-mlc\\\/ecmc\\\/#primaryimage\",\"url\":\"https:\\\/\\\/www.mlc-munich.de\\\/web\\\/wp-content\\\/uploads\\\/2025\\\/10\\\/ecmc-logo-600x326.png\",\"contentUrl\":\"https:\\\/\\\/www.mlc-munich.de\\\/web\\\/wp-content\\\/uploads\\\/2025\\\/10\\\/ecmc-logo-600x326.png\"},{\"@type\":\"BreadcrumbList\",\"@id\":\"https:\\\/\\\/www.mlc-munich.de\\\/web\\\/der-mlc\\\/ecmc\\\/#breadcrumb\",\"itemListElement\":[{\"@type\":\"ListItem\",\"position\":1,\"name\":\"Startseite\",\"item\":\"https:\\\/\\\/www.mlc-munich.de\\\/web\\\/\"},{\"@type\":\"ListItem\",\"position\":2,\"name\":\"Der MLC\",\"item\":\"https:\\\/\\\/www.mlc-munich.de\\\/web\\\/der-mlc\\\/\"},{\"@type\":\"ListItem\",\"position\":3,\"name\":\"ECMC\"}]},{\"@type\":\"WebSite\",\"@id\":\"https:\\\/\\\/www.mlc-munich.de\\\/web\\\/#website\",\"url\":\"https:\\\/\\\/www.mlc-munich.de\\\/web\\\/\",\"name\":\"M\u00fcnchner L\u00f6wen Club e.V.\",\"description\":\"M\u00fcnchner L\u00f6wen Club e.V.\",\"publisher\":{\"@id\":\"https:\\\/\\\/www.mlc-munich.de\\\/web\\\/#organization\"},\"potentialAction\":[{\"@type\":\"SearchAction\",\"target\":{\"@type\":\"EntryPoint\",\"urlTemplate\":\"https:\\\/\\\/www.mlc-munich.de\\\/web\\\/?s={search_term_string}\"},\"query-input\":{\"@type\":\"PropertyValueSpecification\",\"valueRequired\":true,\"valueName\":\"search_term_string\"}}],\"inLanguage\":\"en-US\"},{\"@type\":\"Organization\",\"@id\":\"https:\\\/\\\/www.mlc-munich.de\\\/web\\\/#organization\",\"name\":\"M\u00fcnchner L\u00f6wen Club e.V.\",\"url\":\"https:\\\/\\\/www.mlc-munich.de\\\/web\\\/\",\"logo\":{\"@type\":\"ImageObject\",\"inLanguage\":\"en-US\",\"@id\":\"https:\\\/\\\/www.mlc-munich.de\\\/web\\\/#\\\/schema\\\/logo\\\/image\\\/\",\"url\":\"https:\\\/\\\/www.mlc-munich.de\\\/web\\\/wp-content\\\/uploads\\\/2018\\\/05\\\/logo_250x95px-Kopie.png\",\"contentUrl\":\"https:\\\/\\\/www.mlc-munich.de\\\/web\\\/wp-content\\\/uploads\\\/2018\\\/05\\\/logo_250x95px-Kopie.png\",\"width\":250,\"height\":95,\"caption\":\"M\u00fcnchner L\u00f6wen Club e.V.\"},\"image\":{\"@id\":\"https:\\\/\\\/www.mlc-munich.de\\\/web\\\/#\\\/schema\\\/logo\\\/image\\\/\"}}]}<\/script>\n<!-- \/ Yoast SEO plugin. -->","yoast_head_json":{"title":"ECMC - M\u00fcnchner L\u00f6wen Club e.V.","robots":{"index":"index","follow":"follow","max-snippet":"max-snippet:-1","max-image-preview":"max-image-preview:large","max-video-preview":"max-video-preview:-1"},"canonical":"https:\/\/www.mlc-munich.de\/web\/der-mlc\/ecmc\/","og_locale":"en_US","og_type":"article","og_title":"ECMC - M\u00fcnchner L\u00f6wen Club e.V.","og_url":"https:\/\/www.mlc-munich.de\/web\/der-mlc\/ecmc\/","og_site_name":"M\u00fcnchner L\u00f6wen Club e.V.","og_image":[{"width":2560,"height":1392,"url":"https:\/\/www.mlc-munich.de\/web\/wp-content\/uploads\/2025\/10\/ecmc-logo-scaled.png","type":"image\/png"}],"twitter_card":"summary_large_image","twitter_misc":{"Est. reading time":"1 minute"},"schema":{"@context":"https:\/\/schema.org","@graph":[{"@type":"WebPage","@id":"https:\/\/www.mlc-munich.de\/web\/der-mlc\/ecmc\/","url":"https:\/\/www.mlc-munich.de\/web\/der-mlc\/ecmc\/","name":"ECMC - M\u00fcnchner L\u00f6wen Club e.V.","isPartOf":{"@id":"https:\/\/www.mlc-munich.de\/web\/#website"},"primaryImageOfPage":{"@id":"https:\/\/www.mlc-munich.de\/web\/der-mlc\/ecmc\/#primaryimage"},"image":{"@id":"https:\/\/www.mlc-munich.de\/web\/der-mlc\/ecmc\/#primaryimage"},"thumbnailUrl":"https:\/\/www.mlc-munich.de\/web\/wp-content\/uploads\/2025\/10\/ecmc-logo-600x326.png","datePublished":"2025-10-31T13:03:18+00:00","breadcrumb":{"@id":"https:\/\/www.mlc-munich.de\/web\/der-mlc\/ecmc\/#breadcrumb"},"inLanguage":"en-US","potentialAction":[{"@type":"ReadAction","target":["https:\/\/www.mlc-munich.de\/web\/der-mlc\/ecmc\/"]}]},{"@type":"ImageObject","inLanguage":"en-US","@id":"https:\/\/www.mlc-munich.de\/web\/der-mlc\/ecmc\/#primaryimage","url":"https:\/\/www.mlc-munich.de\/web\/wp-content\/uploads\/2025\/10\/ecmc-logo-600x326.png","contentUrl":"https:\/\/www.mlc-munich.de\/web\/wp-content\/uploads\/2025\/10\/ecmc-logo-600x326.png"},{"@type":"BreadcrumbList","@id":"https:\/\/www.mlc-munich.de\/web\/der-mlc\/ecmc\/#breadcrumb","itemListElement":[{"@type":"ListItem","position":1,"name":"Startseite","item":"https:\/\/www.mlc-munich.de\/web\/"},{"@type":"ListItem","position":2,"name":"Der MLC","item":"https:\/\/www.mlc-munich.de\/web\/der-mlc\/"},{"@type":"ListItem","position":3,"name":"ECMC"}]},{"@type":"WebSite","@id":"https:\/\/www.mlc-munich.de\/web\/#website","url":"https:\/\/www.mlc-munich.de\/web\/","name":"M\u00fcnchner L\u00f6wen Club e.V.","description":"M\u00fcnchner L\u00f6wen Club e.V.","publisher":{"@id":"https:\/\/www.mlc-munich.de\/web\/#organization"},"potentialAction":[{"@type":"SearchAction","target":{"@type":"EntryPoint","urlTemplate":"https:\/\/www.mlc-munich.de\/web\/?s={search_term_string}"},"query-input":{"@type":"PropertyValueSpecification","valueRequired":true,"valueName":"search_term_string"}}],"inLanguage":"en-US"},{"@type":"Organization","@id":"https:\/\/www.mlc-munich.de\/web\/#organization","name":"M\u00fcnchner L\u00f6wen Club e.V.","url":"https:\/\/www.mlc-munich.de\/web\/","logo":{"@type":"ImageObject","inLanguage":"en-US","@id":"https:\/\/www.mlc-munich.de\/web\/#\/schema\/logo\/image\/","url":"https:\/\/www.mlc-munich.de\/web\/wp-content\/uploads\/2018\/05\/logo_250x95px-Kopie.png","contentUrl":"https:\/\/www.mlc-munich.de\/web\/wp-content\/uploads\/2018\/05\/logo_250x95px-Kopie.png","width":250,"height":95,"caption":"M\u00fcnchner L\u00f6wen Club e.V."},"image":{"@id":"https:\/\/www.mlc-munich.de\/web\/#\/schema\/logo\/image\/"}}]}},"_links":{"self":[{"href":"https:\/\/www.mlc-munich.de\/web\/en\/wp-json\/wp\/v2\/pages\/24890","targetHints":{"allow":["GET"]}}],"collection":[{"href":"https:\/\/www.mlc-munich.de\/web\/en\/wp-json\/wp\/v2\/pages"}],"about":[{"href":"https:\/\/www.mlc-munich.de\/web\/en\/wp-json\/wp\/v2\/types\/page"}],"author":[{"embeddable":true,"href":"https:\/\/www.mlc-munich.de\/web\/en\/wp-json\/wp\/v2\/users\/2"}],"replies":[{"embeddable":true,"href":"https:\/\/www.mlc-munich.de\/web\/en\/wp-json\/wp\/v2\/comments?post=24890"}],"version-history":[{"count":1,"href":"https:\/\/www.mlc-munich.de\/web\/en\/wp-json\/wp\/v2\/pages\/24890\/revisions"}],"predecessor-version":[{"id":24892,"href":"https:\/\/www.mlc-munich.de\/web\/en\/wp-json\/wp\/v2\/pages\/24890\/revisions\/24892"}],"up":[{"embeddable":true,"href":"https:\/\/www.mlc-munich.de\/web\/en\/wp-json\/wp\/v2\/pages\/166"}],"wp:attachment":[{"href":"https:\/\/www.mlc-munich.de\/web\/en\/wp-json\/wp\/v2\/media?parent=24890"}],"curies":[{"name":"wp","href":"https:\/\/api.w.org\/{rel}","templated":true}]}}