{"id":270,"date":"2018-04-27T14:57:10","date_gmt":"2018-04-27T12:57:10","guid":{"rendered":"https:\/\/www.mlc-munich.de\/web\/?page_id=270"},"modified":"2021-10-16T16:43:29","modified_gmt":"2021-10-16T14:43:29","slug":"hausordnung","status":"publish","type":"page","link":"https:\/\/www.mlc-munich.de\/web\/en\/partys-events\/hausordnung\/","title":{"rendered":"HOUSE RULES UnderGround"},"content":{"rendered":"<h1><strong><span style=\"background-color: #ffffff;\">HOUSE RULES \/<br \/>\nDISCLAIMER<\/span><\/strong><\/h1>\n<h3><span style=\"color: #000000; background-color: #ffffff;\"><strong>The UnderGround is the clubhouse of the &#8220;MLC M\u00dcNCHEN&#8221; M\u00fcnchner L\u00f6wen Club e. V.<\/strong><\/span><\/h3>\n<p><strong><span style=\"color: #000000; background-color: #ffffff;\">TYPE OF EVENTS<\/span><\/strong><br \/>\nThe events taking place are social and sexual and exclusively private and coterie like in nature.<\/p>\n<p><strong><span style=\"color: #000000; background-color: #ffffff;\">MEMBERSHIP<\/span><\/strong><br \/>\nUpon entering the UnderGround, a day membership is established by the person entering by implied action, provided there is no membership in the M\u00fcnchner L\u00f6wen Club e. V. The day membership ends upon leaving the UnderGround, or at the latest after the end of the event. The amount of the daily membership fee is published on the homepage of the M\u00fcnchner L\u00f6wen Club e. V., among other places.<\/p>\n<p><strong><span style=\"color: #000000; background-color: #ffffff;\">ADMISSION AND DOMESTIC AUTHORITY<\/span><\/strong><br \/>\nAdmission is granted to persons with a distinctly male appearance. The board of the M\u00fcnchner L\u00f6wen Club e. V. or its auxiliary persons\/officials reserve the right of admission and domiciliary rights. Women, minors, drunk persons and persons under the influence of drugs will not be admitted.<\/p>\n<p><strong><span style=\"color: #000000; background-color: #ffffff;\">ADMISSION RULES<\/span><\/strong><br \/>\nNumbered consumption wristbands and locker keys will be issued upon admission. In case of loss, a compensation of 75 EUR for the consumption wristband and 25 EUR for the locker key must be paid.<\/p>\n<p><strong><span style=\"color: #000000; background-color: #ffffff;\">DRESS CODE<\/span><\/strong><br \/>\nTo minimize the risk of injury in the UnderGround, wearing sturdy shoes is mandatory. The floor can be slippery. Furthermore, the dress code regulations applicable to the respective event must always be followed.<\/p>\n<p><strong><span style=\"color: #000000; background-color: #ffffff;\">BODY HYGIENE<\/span><\/strong><br \/>\nPerfume smell in the UnderGround is generally not desired!<\/p>\n<p><strong><span style=\"color: #000000; background-color: #ffffff;\">FOOD AND DRINKS BROUGHT ALONG, DRUG CONSUMPTION<\/span><\/strong><br \/>\nConsumption of beverages and food brought in is not permitted. Drug consumption is also not permitted. In case of violation, we reserve the right to issue a house ban without refunding any expenses.<\/p>\n<p><strong><span style=\"color: #000000; background-color: #ffffff;\">PHOTOGRAPHY-, VIDEO- and MOBILE PHONE PROHIBITION<\/span><\/strong><br \/>\nThere is a general ban on filming, photography and cell phones in the UnderGround. In case of violation, we reserve the right to issue a house ban without refunding any expenses.<\/p>\n<p><strong><span style=\"color: #000000; background-color: #ffffff;\">DISCLAIMER<\/span><\/strong><br \/>\nParticipation in the event and the use of the facilities of the UnderGround are at your own risk. Any liability of the club and its auxiliary persons\/officials for personal injury and property damage is excluded. The M\u00fcnchner L\u00f6wen Club e. V. is not liable for personal injury and property damage caused by third parties. The use of the sanitary facilities (incl. shower) is at your own risk. The M\u00fcnchner L\u00f6wen Club e. V., its board of directors and its auxiliary persons\/officials are only liable for damages caused by intentional or grossly negligent disregard of their supervisory duties. No liability is expressly assumed for checkroom, other discarded clothing and valuables brought along.<\/p>\n<p><strong><span style=\"color: #000000; background-color: #ffffff;\">RIGHT OF COMMANDMENT<\/span><\/strong><br \/>\nThe instructions of the board of directors of the M\u00fcnchner L\u00f6wen Club e. V. or its auxiliary persons\/officials must be followed at all times and without exception.<\/p>\n<p><strong><span style=\"color: #000000; background-color: #ffffff;\">AGREEMENT TO HOUSE RULES<\/span><\/strong><br \/>\nBy entering the UnderGround, the house rules and the exclusion of liability are accepted (implied action); these are displayed in the UnderGround and are published on the website of M\u00fcnchner L\u00f6wen Club e. V..<\/p>\n<p><strong><span style=\"color: #000000; background-color: #ffffff;\">ORGANIZATION AND ORIENTATION OF THE M\u00dcNCHNER L\u00d6WEN CLUB E. V.<\/span><\/strong><br \/>\nThe M\u00fcnchner L\u00f6wen Club e. V. is an association. The UnderGround is its clubhouse.<br \/>\nAll helpers work on a voluntary basis for your well-being.<\/p>\n","protected":false},"excerpt":{"rendered":"<p>HOUSE RULES \/ DISCLAIMER The UnderGround is the clubhouse of the &#8220;MLC M\u00dcNCHEN&#8221; M\u00fcnchner L\u00f6wen Club e. V. TYPE OF EVENTS The events taking place are social and sexual and exclusively private and coterie like in nature. MEMBERSHIP Upon entering the UnderGround, a day membership is established by the person entering by implied action, provided there is no membership in the M\u00fcnchner L\u00f6wen Club e. V. The day membership ends upon leaving the UnderGround, or at the latest after the [&hellip;]<\/p>\n","protected":false},"author":2,"featured_media":0,"parent":161,"menu_order":30,"comment_status":"closed","ping_status":"closed","template":"","meta":{"footnotes":""},"class_list":["post-270","page","type-page","status-publish","hentry","post"],"translation":{"provider":"WPGlobus","version":"3.0.2","language":"en","enabled_languages":["de","en"],"languages":{"de":{"title":true,"content":true,"excerpt":false},"en":{"title":true,"content":true,"excerpt":false}}},"yoast_head":"<!-- This site is optimized with the Yoast SEO plugin v27.5 - https:\/\/yoast.com\/product\/yoast-seo-wordpress\/ -->\n<title>HOUSE RULES UnderGround - M\u00fcnchner L\u00f6wen Club e.V.<\/title>\n<meta name=\"robots\" content=\"index, follow, max-snippet:-1, max-image-preview:large, max-video-preview:-1\" \/>\n<link rel=\"canonical\" href=\"https:\/\/www.mlc-munich.de\/web\/partys-events\/hausordnung\/\" \/>\n<meta property=\"og:locale\" content=\"en_US\" \/>\n<meta property=\"og:type\" content=\"article\" \/>\n<meta property=\"og:title\" content=\"HOUSE RULES UnderGround - M\u00fcnchner L\u00f6wen Club e.V.\" \/>\n<meta property=\"og:url\" content=\"https:\/\/www.mlc-munich.de\/web\/partys-events\/hausordnung\/\" \/>\n<meta property=\"og:site_name\" content=\"M\u00fcnchner L\u00f6wen Club e.V.\" \/>\n<meta property=\"article:modified_time\" content=\"2021-10-16T14:43:29+00:00\" \/>\n<meta property=\"og:image\" content=\"https:\/\/www.mlc-munich.de\/web\/wp-content\/uploads\/2019\/03\/cropped-logo_mlc_munich.jpg\" \/>\n\t<meta property=\"og:image:width\" content=\"512\" \/>\n\t<meta property=\"og:image:height\" content=\"512\" \/>\n\t<meta property=\"og:image:type\" content=\"image\/jpeg\" \/>\n<meta name=\"twitter:card\" content=\"summary_large_image\" \/>\n<meta name=\"twitter:label1\" content=\"Est. reading time\" \/>\n\t<meta name=\"twitter:data1\" content=\"5 minutes\" \/>\n<script type=\"application\/ld+json\" class=\"yoast-schema-graph\">{\"@context\":\"https:\\\/\\\/schema.org\",\"@graph\":[{\"@type\":\"WebPage\",\"@id\":\"https:\\\/\\\/www.mlc-munich.de\\\/web\\\/partys-events\\\/hausordnung\\\/\",\"url\":\"https:\\\/\\\/www.mlc-munich.de\\\/web\\\/partys-events\\\/hausordnung\\\/\",\"name\":\"HOUSE RULES UnderGround - M\u00fcnchner L\u00f6wen Club e.V.\",\"isPartOf\":{\"@id\":\"https:\\\/\\\/www.mlc-munich.de\\\/web\\\/#website\"},\"datePublished\":\"2018-04-27T12:57:10+00:00\",\"dateModified\":\"2021-10-16T14:43:29+00:00\",\"breadcrumb\":{\"@id\":\"https:\\\/\\\/www.mlc-munich.de\\\/web\\\/partys-events\\\/hausordnung\\\/#breadcrumb\"},\"inLanguage\":\"en-US\",\"potentialAction\":[{\"@type\":\"ReadAction\",\"target\":[\"https:\\\/\\\/www.mlc-munich.de\\\/web\\\/partys-events\\\/hausordnung\\\/\"]}]},{\"@type\":\"BreadcrumbList\",\"@id\":\"https:\\\/\\\/www.mlc-munich.de\\\/web\\\/partys-events\\\/hausordnung\\\/#breadcrumb\",\"itemListElement\":[{\"@type\":\"ListItem\",\"position\":1,\"name\":\"Startseite\",\"item\":\"https:\\\/\\\/www.mlc-munich.de\\\/web\\\/\"},{\"@type\":\"ListItem\",\"position\":2,\"name\":\"Partys &#038; Events\",\"item\":\"https:\\\/\\\/www.mlc-munich.de\\\/web\\\/partys-events\\\/\"},{\"@type\":\"ListItem\",\"position\":3,\"name\":\"Hausordnung UnderGround\"}]},{\"@type\":\"WebSite\",\"@id\":\"https:\\\/\\\/www.mlc-munich.de\\\/web\\\/#website\",\"url\":\"https:\\\/\\\/www.mlc-munich.de\\\/web\\\/\",\"name\":\"M\u00fcnchner L\u00f6wen Club e.V.\",\"description\":\"M\u00fcnchner L\u00f6wen Club e.V.\",\"publisher\":{\"@id\":\"https:\\\/\\\/www.mlc-munich.de\\\/web\\\/#organization\"},\"potentialAction\":[{\"@type\":\"SearchAction\",\"target\":{\"@type\":\"EntryPoint\",\"urlTemplate\":\"https:\\\/\\\/www.mlc-munich.de\\\/web\\\/?s={search_term_string}\"},\"query-input\":{\"@type\":\"PropertyValueSpecification\",\"valueRequired\":true,\"valueName\":\"search_term_string\"}}],\"inLanguage\":\"en-US\"},{\"@type\":\"Organization\",\"@id\":\"https:\\\/\\\/www.mlc-munich.de\\\/web\\\/#organization\",\"name\":\"M\u00fcnchner L\u00f6wen Club e.V.\",\"url\":\"https:\\\/\\\/www.mlc-munich.de\\\/web\\\/\",\"logo\":{\"@type\":\"ImageObject\",\"inLanguage\":\"en-US\",\"@id\":\"https:\\\/\\\/www.mlc-munich.de\\\/web\\\/#\\\/schema\\\/logo\\\/image\\\/\",\"url\":\"https:\\\/\\\/www.mlc-munich.de\\\/web\\\/wp-content\\\/uploads\\\/2018\\\/05\\\/logo_250x95px-Kopie.png\",\"contentUrl\":\"https:\\\/\\\/www.mlc-munich.de\\\/web\\\/wp-content\\\/uploads\\\/2018\\\/05\\\/logo_250x95px-Kopie.png\",\"width\":250,\"height\":95,\"caption\":\"M\u00fcnchner L\u00f6wen Club e.V.\"},\"image\":{\"@id\":\"https:\\\/\\\/www.mlc-munich.de\\\/web\\\/#\\\/schema\\\/logo\\\/image\\\/\"}}]}<\/script>\n<!-- \/ Yoast SEO plugin. -->","yoast_head_json":{"title":"HOUSE RULES UnderGround - M\u00fcnchner L\u00f6wen Club e.V.","robots":{"index":"index","follow":"follow","max-snippet":"max-snippet:-1","max-image-preview":"max-image-preview:large","max-video-preview":"max-video-preview:-1"},"canonical":"https:\/\/www.mlc-munich.de\/web\/partys-events\/hausordnung\/","og_locale":"en_US","og_type":"article","og_title":"HOUSE RULES UnderGround - M\u00fcnchner L\u00f6wen Club e.V.","og_url":"https:\/\/www.mlc-munich.de\/web\/partys-events\/hausordnung\/","og_site_name":"M\u00fcnchner L\u00f6wen Club e.V.","article_modified_time":"2021-10-16T14:43:29+00:00","og_image":[{"width":512,"height":512,"url":"https:\/\/www.mlc-munich.de\/web\/wp-content\/uploads\/2019\/03\/cropped-logo_mlc_munich.jpg","type":"image\/jpeg"}],"twitter_card":"summary_large_image","twitter_misc":{"Est. reading time":"5 minutes"},"schema":{"@context":"https:\/\/schema.org","@graph":[{"@type":"WebPage","@id":"https:\/\/www.mlc-munich.de\/web\/partys-events\/hausordnung\/","url":"https:\/\/www.mlc-munich.de\/web\/partys-events\/hausordnung\/","name":"HOUSE RULES UnderGround - M\u00fcnchner L\u00f6wen Club e.V.","isPartOf":{"@id":"https:\/\/www.mlc-munich.de\/web\/#website"},"datePublished":"2018-04-27T12:57:10+00:00","dateModified":"2021-10-16T14:43:29+00:00","breadcrumb":{"@id":"https:\/\/www.mlc-munich.de\/web\/partys-events\/hausordnung\/#breadcrumb"},"inLanguage":"en-US","potentialAction":[{"@type":"ReadAction","target":["https:\/\/www.mlc-munich.de\/web\/partys-events\/hausordnung\/"]}]},{"@type":"BreadcrumbList","@id":"https:\/\/www.mlc-munich.de\/web\/partys-events\/hausordnung\/#breadcrumb","itemListElement":[{"@type":"ListItem","position":1,"name":"Startseite","item":"https:\/\/www.mlc-munich.de\/web\/"},{"@type":"ListItem","position":2,"name":"Partys &#038; Events","item":"https:\/\/www.mlc-munich.de\/web\/partys-events\/"},{"@type":"ListItem","position":3,"name":"Hausordnung UnderGround"}]},{"@type":"WebSite","@id":"https:\/\/www.mlc-munich.de\/web\/#website","url":"https:\/\/www.mlc-munich.de\/web\/","name":"M\u00fcnchner L\u00f6wen Club e.V.","description":"M\u00fcnchner L\u00f6wen Club e.V.","publisher":{"@id":"https:\/\/www.mlc-munich.de\/web\/#organization"},"potentialAction":[{"@type":"SearchAction","target":{"@type":"EntryPoint","urlTemplate":"https:\/\/www.mlc-munich.de\/web\/?s={search_term_string}"},"query-input":{"@type":"PropertyValueSpecification","valueRequired":true,"valueName":"search_term_string"}}],"inLanguage":"en-US"},{"@type":"Organization","@id":"https:\/\/www.mlc-munich.de\/web\/#organization","name":"M\u00fcnchner L\u00f6wen Club e.V.","url":"https:\/\/www.mlc-munich.de\/web\/","logo":{"@type":"ImageObject","inLanguage":"en-US","@id":"https:\/\/www.mlc-munich.de\/web\/#\/schema\/logo\/image\/","url":"https:\/\/www.mlc-munich.de\/web\/wp-content\/uploads\/2018\/05\/logo_250x95px-Kopie.png","contentUrl":"https:\/\/www.mlc-munich.de\/web\/wp-content\/uploads\/2018\/05\/logo_250x95px-Kopie.png","width":250,"height":95,"caption":"M\u00fcnchner L\u00f6wen Club e.V."},"image":{"@id":"https:\/\/www.mlc-munich.de\/web\/#\/schema\/logo\/image\/"}}]}},"_links":{"self":[{"href":"https:\/\/www.mlc-munich.de\/web\/en\/wp-json\/wp\/v2\/pages\/270","targetHints":{"allow":["GET"]}}],"collection":[{"href":"https:\/\/www.mlc-munich.de\/web\/en\/wp-json\/wp\/v2\/pages"}],"about":[{"href":"https:\/\/www.mlc-munich.de\/web\/en\/wp-json\/wp\/v2\/types\/page"}],"author":[{"embeddable":true,"href":"https:\/\/www.mlc-munich.de\/web\/en\/wp-json\/wp\/v2\/users\/2"}],"replies":[{"embeddable":true,"href":"https:\/\/www.mlc-munich.de\/web\/en\/wp-json\/wp\/v2\/comments?post=270"}],"version-history":[{"count":18,"href":"https:\/\/www.mlc-munich.de\/web\/en\/wp-json\/wp\/v2\/pages\/270\/revisions"}],"predecessor-version":[{"id":3478,"href":"https:\/\/www.mlc-munich.de\/web\/en\/wp-json\/wp\/v2\/pages\/270\/revisions\/3478"}],"up":[{"embeddable":true,"href":"https:\/\/www.mlc-munich.de\/web\/en\/wp-json\/wp\/v2\/pages\/161"}],"wp:attachment":[{"href":"https:\/\/www.mlc-munich.de\/web\/en\/wp-json\/wp\/v2\/media?parent=270"}],"curies":[{"name":"wp","href":"https:\/\/api.w.org\/{rel}","templated":true}]}}