{"id":364,"date":"2018-04-30T13:00:47","date_gmt":"2018-04-30T11:00:47","guid":{"rendered":"https:\/\/www.mlc-munich.de\/web\/?page_id=364"},"modified":"2026-03-02T21:46:28","modified_gmt":"2026-03-02T20:46:28","slug":"der-vorstand","status":"publish","type":"page","link":"https:\/\/www.mlc-munich.de\/web\/en\/der-mlc\/der-vorstand\/","title":{"rendered":"The board of management"},"content":{"rendered":"<p><a href=\"https:\/\/www.mlc-munich.de\/web\/wp-content\/uploads\/2023\/04\/VorstandGS06.png\"><img loading=\"lazy\" decoding=\"async\" class=\"alignright wp-image-6846\" src=\"https:\/\/www.mlc-munich.de\/web\/wp-content\/uploads\/2023\/04\/VorstandGS06.png\" alt=\"\" width=\"316\" height=\"421\" srcset=\"https:\/\/www.mlc-munich.de\/web\/wp-content\/uploads\/2023\/04\/VorstandGS06.png 1050w, https:\/\/www.mlc-munich.de\/web\/wp-content\/uploads\/2023\/04\/VorstandGS06-450x600.png 450w, https:\/\/www.mlc-munich.de\/web\/wp-content\/uploads\/2023\/04\/VorstandGS06-768x1024.png 768w\" sizes=\"auto, (max-width: 316px) 100vw, 316px\" \/><\/a>The MLC is voluntary managed by a board of management consisting of three members: Curtis, Benjamin and Martin . The board is elected at the general meeting every two years. All three members of the board are quated.<\/p>\n<p>The tasks include the management of UnderGround, organization of club life and major events such as the Starkbierfest and the Oktoberfesttreffen.<\/p>\n<p>The realization of the partys at the UnderGround is made possible by a large number of volunteer helpers. In addition, the board is supported in the following areas, partially by volunteers:<\/p>\n<ul>\n<li>Office<\/li>\n<li>Graphics &amp; Design<\/li>\n<li>Accounting &amp; Taxes<\/li>\n<li>Caretaker &amp; Cleaning<\/li>\n<li>Data protection<\/li>\n<\/ul>\n","protected":false},"excerpt":{"rendered":"<p>The MLC is voluntary managed by a board of management consisting of three members: Curtis, Benjamin and Martin . The board is elected at the general meeting every two years. All three members of the board are quated. The tasks include the management of UnderGround, organization of club life and major events such as the Starkbierfest and the Oktoberfesttreffen. The realization of the partys at the UnderGround is made possible by a large number of volunteer helpers. In addition, the [&hellip;]<\/p>\n","protected":false},"author":2,"featured_media":0,"parent":166,"menu_order":10,"comment_status":"closed","ping_status":"closed","template":"","meta":{"footnotes":""},"class_list":["post-364","page","type-page","status-publish","hentry","post"],"translation":{"provider":"WPGlobus","version":"3.0.2","language":"en","enabled_languages":["de","en"],"languages":{"de":{"title":true,"content":true,"excerpt":false},"en":{"title":true,"content":true,"excerpt":false}}},"yoast_head":"<!-- This site is optimized with the Yoast SEO plugin v27.5 - https:\/\/yoast.com\/product\/yoast-seo-wordpress\/ -->\n<title>The board of management - M\u00fcnchner L\u00f6wen Club e.V.<\/title>\n<meta name=\"robots\" content=\"index, follow, max-snippet:-1, max-image-preview:large, max-video-preview:-1\" \/>\n<link rel=\"canonical\" href=\"https:\/\/www.mlc-munich.de\/web\/der-mlc\/der-vorstand\/\" \/>\n<meta property=\"og:locale\" content=\"en_US\" \/>\n<meta property=\"og:type\" content=\"article\" \/>\n<meta property=\"og:title\" content=\"The board of management - M\u00fcnchner L\u00f6wen Club e.V.\" \/>\n<meta property=\"og:url\" content=\"https:\/\/www.mlc-munich.de\/web\/der-mlc\/der-vorstand\/\" \/>\n<meta property=\"og:site_name\" content=\"M\u00fcnchner L\u00f6wen Club e.V.\" \/>\n<meta property=\"article:modified_time\" content=\"2026-03-02T20:46:28+00:00\" \/>\n<meta property=\"og:image\" content=\"https:\/\/www.mlc-munich.de\/web\/wp-content\/uploads\/2023\/04\/VorstandGS06.png\" \/>\n\t<meta property=\"og:image:width\" content=\"720\" \/>\n\t<meta property=\"og:image:height\" content=\"960\" \/>\n\t<meta property=\"og:image:type\" content=\"image\/png\" \/>\n<meta name=\"twitter:card\" content=\"summary_large_image\" \/>\n<meta name=\"twitter:label1\" content=\"Est. reading time\" \/>\n\t<meta name=\"twitter:data1\" content=\"1 minute\" \/>\n<script type=\"application\/ld+json\" class=\"yoast-schema-graph\">{\"@context\":\"https:\\\/\\\/schema.org\",\"@graph\":[{\"@type\":\"WebPage\",\"@id\":\"https:\\\/\\\/www.mlc-munich.de\\\/web\\\/der-mlc\\\/der-vorstand\\\/\",\"url\":\"https:\\\/\\\/www.mlc-munich.de\\\/web\\\/der-mlc\\\/der-vorstand\\\/\",\"name\":\"The board of management - M\u00fcnchner L\u00f6wen Club e.V.\",\"isPartOf\":{\"@id\":\"https:\\\/\\\/www.mlc-munich.de\\\/web\\\/#website\"},\"primaryImageOfPage\":{\"@id\":\"https:\\\/\\\/www.mlc-munich.de\\\/web\\\/der-mlc\\\/der-vorstand\\\/#primaryimage\"},\"image\":{\"@id\":\"https:\\\/\\\/www.mlc-munich.de\\\/web\\\/der-mlc\\\/der-vorstand\\\/#primaryimage\"},\"thumbnailUrl\":\"https:\\\/\\\/www.mlc-munich.de\\\/web\\\/wp-content\\\/uploads\\\/2023\\\/04\\\/VorstandGS06.png\",\"datePublished\":\"2018-04-30T11:00:47+00:00\",\"dateModified\":\"2026-03-02T20:46:28+00:00\",\"breadcrumb\":{\"@id\":\"https:\\\/\\\/www.mlc-munich.de\\\/web\\\/der-mlc\\\/der-vorstand\\\/#breadcrumb\"},\"inLanguage\":\"en-US\",\"potentialAction\":[{\"@type\":\"ReadAction\",\"target\":[\"https:\\\/\\\/www.mlc-munich.de\\\/web\\\/der-mlc\\\/der-vorstand\\\/\"]}]},{\"@type\":\"ImageObject\",\"inLanguage\":\"en-US\",\"@id\":\"https:\\\/\\\/www.mlc-munich.de\\\/web\\\/der-mlc\\\/der-vorstand\\\/#primaryimage\",\"url\":\"https:\\\/\\\/www.mlc-munich.de\\\/web\\\/wp-content\\\/uploads\\\/2023\\\/04\\\/VorstandGS06.png\",\"contentUrl\":\"https:\\\/\\\/www.mlc-munich.de\\\/web\\\/wp-content\\\/uploads\\\/2023\\\/04\\\/VorstandGS06.png\"},{\"@type\":\"BreadcrumbList\",\"@id\":\"https:\\\/\\\/www.mlc-munich.de\\\/web\\\/der-mlc\\\/der-vorstand\\\/#breadcrumb\",\"itemListElement\":[{\"@type\":\"ListItem\",\"position\":1,\"name\":\"Startseite\",\"item\":\"https:\\\/\\\/www.mlc-munich.de\\\/web\\\/\"},{\"@type\":\"ListItem\",\"position\":2,\"name\":\"Der MLC\",\"item\":\"https:\\\/\\\/www.mlc-munich.de\\\/web\\\/der-mlc\\\/\"},{\"@type\":\"ListItem\",\"position\":3,\"name\":\"Der Vorstand\"}]},{\"@type\":\"WebSite\",\"@id\":\"https:\\\/\\\/www.mlc-munich.de\\\/web\\\/#website\",\"url\":\"https:\\\/\\\/www.mlc-munich.de\\\/web\\\/\",\"name\":\"M\u00fcnchner L\u00f6wen Club e.V.\",\"description\":\"M\u00fcnchner L\u00f6wen Club e.V.\",\"publisher\":{\"@id\":\"https:\\\/\\\/www.mlc-munich.de\\\/web\\\/#organization\"},\"potentialAction\":[{\"@type\":\"SearchAction\",\"target\":{\"@type\":\"EntryPoint\",\"urlTemplate\":\"https:\\\/\\\/www.mlc-munich.de\\\/web\\\/?s={search_term_string}\"},\"query-input\":{\"@type\":\"PropertyValueSpecification\",\"valueRequired\":true,\"valueName\":\"search_term_string\"}}],\"inLanguage\":\"en-US\"},{\"@type\":\"Organization\",\"@id\":\"https:\\\/\\\/www.mlc-munich.de\\\/web\\\/#organization\",\"name\":\"M\u00fcnchner L\u00f6wen Club e.V.\",\"url\":\"https:\\\/\\\/www.mlc-munich.de\\\/web\\\/\",\"logo\":{\"@type\":\"ImageObject\",\"inLanguage\":\"en-US\",\"@id\":\"https:\\\/\\\/www.mlc-munich.de\\\/web\\\/#\\\/schema\\\/logo\\\/image\\\/\",\"url\":\"https:\\\/\\\/www.mlc-munich.de\\\/web\\\/wp-content\\\/uploads\\\/2018\\\/05\\\/logo_250x95px-Kopie.png\",\"contentUrl\":\"https:\\\/\\\/www.mlc-munich.de\\\/web\\\/wp-content\\\/uploads\\\/2018\\\/05\\\/logo_250x95px-Kopie.png\",\"width\":250,\"height\":95,\"caption\":\"M\u00fcnchner L\u00f6wen Club e.V.\"},\"image\":{\"@id\":\"https:\\\/\\\/www.mlc-munich.de\\\/web\\\/#\\\/schema\\\/logo\\\/image\\\/\"}}]}<\/script>\n<!-- \/ Yoast SEO plugin. -->","yoast_head_json":{"title":"The board of management - M\u00fcnchner L\u00f6wen Club e.V.","robots":{"index":"index","follow":"follow","max-snippet":"max-snippet:-1","max-image-preview":"max-image-preview:large","max-video-preview":"max-video-preview:-1"},"canonical":"https:\/\/www.mlc-munich.de\/web\/der-mlc\/der-vorstand\/","og_locale":"en_US","og_type":"article","og_title":"The board of management - M\u00fcnchner L\u00f6wen Club e.V.","og_url":"https:\/\/www.mlc-munich.de\/web\/der-mlc\/der-vorstand\/","og_site_name":"M\u00fcnchner L\u00f6wen Club e.V.","article_modified_time":"2026-03-02T20:46:28+00:00","og_image":[{"url":"https:\/\/www.mlc-munich.de\/web\/wp-content\/uploads\/2023\/04\/VorstandGS06.png","width":720,"height":960,"type":"image\/png"}],"twitter_card":"summary_large_image","twitter_misc":{"Est. reading time":"1 minute"},"schema":{"@context":"https:\/\/schema.org","@graph":[{"@type":"WebPage","@id":"https:\/\/www.mlc-munich.de\/web\/der-mlc\/der-vorstand\/","url":"https:\/\/www.mlc-munich.de\/web\/der-mlc\/der-vorstand\/","name":"The board of management - M\u00fcnchner L\u00f6wen Club e.V.","isPartOf":{"@id":"https:\/\/www.mlc-munich.de\/web\/#website"},"primaryImageOfPage":{"@id":"https:\/\/www.mlc-munich.de\/web\/der-mlc\/der-vorstand\/#primaryimage"},"image":{"@id":"https:\/\/www.mlc-munich.de\/web\/der-mlc\/der-vorstand\/#primaryimage"},"thumbnailUrl":"https:\/\/www.mlc-munich.de\/web\/wp-content\/uploads\/2023\/04\/VorstandGS06.png","datePublished":"2018-04-30T11:00:47+00:00","dateModified":"2026-03-02T20:46:28+00:00","breadcrumb":{"@id":"https:\/\/www.mlc-munich.de\/web\/der-mlc\/der-vorstand\/#breadcrumb"},"inLanguage":"en-US","potentialAction":[{"@type":"ReadAction","target":["https:\/\/www.mlc-munich.de\/web\/der-mlc\/der-vorstand\/"]}]},{"@type":"ImageObject","inLanguage":"en-US","@id":"https:\/\/www.mlc-munich.de\/web\/der-mlc\/der-vorstand\/#primaryimage","url":"https:\/\/www.mlc-munich.de\/web\/wp-content\/uploads\/2023\/04\/VorstandGS06.png","contentUrl":"https:\/\/www.mlc-munich.de\/web\/wp-content\/uploads\/2023\/04\/VorstandGS06.png"},{"@type":"BreadcrumbList","@id":"https:\/\/www.mlc-munich.de\/web\/der-mlc\/der-vorstand\/#breadcrumb","itemListElement":[{"@type":"ListItem","position":1,"name":"Startseite","item":"https:\/\/www.mlc-munich.de\/web\/"},{"@type":"ListItem","position":2,"name":"Der MLC","item":"https:\/\/www.mlc-munich.de\/web\/der-mlc\/"},{"@type":"ListItem","position":3,"name":"Der Vorstand"}]},{"@type":"WebSite","@id":"https:\/\/www.mlc-munich.de\/web\/#website","url":"https:\/\/www.mlc-munich.de\/web\/","name":"M\u00fcnchner L\u00f6wen Club e.V.","description":"M\u00fcnchner L\u00f6wen Club e.V.","publisher":{"@id":"https:\/\/www.mlc-munich.de\/web\/#organization"},"potentialAction":[{"@type":"SearchAction","target":{"@type":"EntryPoint","urlTemplate":"https:\/\/www.mlc-munich.de\/web\/?s={search_term_string}"},"query-input":{"@type":"PropertyValueSpecification","valueRequired":true,"valueName":"search_term_string"}}],"inLanguage":"en-US"},{"@type":"Organization","@id":"https:\/\/www.mlc-munich.de\/web\/#organization","name":"M\u00fcnchner L\u00f6wen Club e.V.","url":"https:\/\/www.mlc-munich.de\/web\/","logo":{"@type":"ImageObject","inLanguage":"en-US","@id":"https:\/\/www.mlc-munich.de\/web\/#\/schema\/logo\/image\/","url":"https:\/\/www.mlc-munich.de\/web\/wp-content\/uploads\/2018\/05\/logo_250x95px-Kopie.png","contentUrl":"https:\/\/www.mlc-munich.de\/web\/wp-content\/uploads\/2018\/05\/logo_250x95px-Kopie.png","width":250,"height":95,"caption":"M\u00fcnchner L\u00f6wen Club e.V."},"image":{"@id":"https:\/\/www.mlc-munich.de\/web\/#\/schema\/logo\/image\/"}}]}},"_links":{"self":[{"href":"https:\/\/www.mlc-munich.de\/web\/en\/wp-json\/wp\/v2\/pages\/364","targetHints":{"allow":["GET"]}}],"collection":[{"href":"https:\/\/www.mlc-munich.de\/web\/en\/wp-json\/wp\/v2\/pages"}],"about":[{"href":"https:\/\/www.mlc-munich.de\/web\/en\/wp-json\/wp\/v2\/types\/page"}],"author":[{"embeddable":true,"href":"https:\/\/www.mlc-munich.de\/web\/en\/wp-json\/wp\/v2\/users\/2"}],"replies":[{"embeddable":true,"href":"https:\/\/www.mlc-munich.de\/web\/en\/wp-json\/wp\/v2\/comments?post=364"}],"version-history":[{"count":23,"href":"https:\/\/www.mlc-munich.de\/web\/en\/wp-json\/wp\/v2\/pages\/364\/revisions"}],"predecessor-version":[{"id":26031,"href":"https:\/\/www.mlc-munich.de\/web\/en\/wp-json\/wp\/v2\/pages\/364\/revisions\/26031"}],"up":[{"embeddable":true,"href":"https:\/\/www.mlc-munich.de\/web\/en\/wp-json\/wp\/v2\/pages\/166"}],"wp:attachment":[{"href":"https:\/\/www.mlc-munich.de\/web\/en\/wp-json\/wp\/v2\/media?parent=364"}],"curies":[{"name":"wp","href":"https:\/\/api.w.org\/{rel}","templated":true}]}}