{"id":793,"date":"2018-07-04T11:12:35","date_gmt":"2018-07-04T09:12:35","guid":{"rendered":"https:\/\/www.mlc-munich.de\/web\/?page_id=793"},"modified":"2025-06-12T08:14:28","modified_gmt":"2025-06-12T06:14:28","slug":"mlc-grillfest","status":"publish","type":"page","link":"https:\/\/www.mlc-munich.de\/web\/en\/partys-events\/mlc-grillfest\/","title":{"rendered":"MLC-barbecue"},"content":{"rendered":"<p><img loading=\"lazy\" decoding=\"async\" class=\"alignnone size-full wp-image-817\" src=\"https:\/\/www.mlc-munich.de\/web\/wp-content\/uploads\/2018\/07\/Grillfest.jpg\" alt=\"\" width=\"498\" height=\"260\" srcset=\"https:\/\/www.mlc-munich.de\/web\/wp-content\/uploads\/2018\/07\/Grillfest.jpg 498w, https:\/\/www.mlc-munich.de\/web\/wp-content\/uploads\/2018\/07\/Grillfest-300x157.jpg 300w\" sizes=\"auto, (max-width: 498px) 100vw, 498px\" \/><\/p>\n<div>\n<section id=\"content\" class=\"content\">\n<div id=\"post-965\" class=\"post-965 page type-page status-publish hentry\">\n<div class=\"page-content\">\n<h1><span style=\"color: #000000; background-color: #ffffff;\"><strong>Sunday, 03. August &#8211; 2pm<\/strong><\/span><\/h1>\n<ul>\n<li>Meat, sausage (including vegetarian alternatives) and salads for members: 5 Euro<\/li>\n<li>Guests pay 15 Euro<\/li>\n<li>Drinks are available at regular prices at the bar.<\/li>\n<li>14:00 &#8211; 22:00<\/li>\n<li>Tickets: <a href=\"https:\/\/shop.eventjet.at\/de\/mlc\/event\/4eae86be-077c-4501-9a7a-077217065dd7\">Onlineshop<\/a><\/li>\n<\/ul>\n<\/div>\n<\/div>\n<\/section>\n<\/div>\n","protected":false},"excerpt":{"rendered":"<p>Sunday, 03. August &#8211; 2pm Meat, sausage (including vegetarian alternatives) and salads for members: 5 Euro Guests pay 15 Euro Drinks are available at regular prices at the bar. 14:00 &#8211; 22:00 Tickets: Onlineshop<\/p>\n","protected":false},"author":2,"featured_media":0,"parent":161,"menu_order":100,"comment_status":"closed","ping_status":"closed","template":"","meta":{"footnotes":""},"class_list":["post-793","page","type-page","status-publish","hentry","post"],"translation":{"provider":"WPGlobus","version":"3.0.2","language":"en","enabled_languages":["de","en"],"languages":{"de":{"title":true,"content":true,"excerpt":false},"en":{"title":true,"content":true,"excerpt":false}}},"yoast_head":"<!-- This site is optimized with the Yoast SEO plugin v27.5 - https:\/\/yoast.com\/product\/yoast-seo-wordpress\/ -->\n<title>MLC-barbecue - M\u00fcnchner L\u00f6wen Club e.V.<\/title>\n<meta name=\"robots\" content=\"index, follow, max-snippet:-1, max-image-preview:large, max-video-preview:-1\" \/>\n<link rel=\"canonical\" href=\"https:\/\/www.mlc-munich.de\/web\/partys-events\/mlc-grillfest\/\" \/>\n<meta property=\"og:locale\" content=\"en_US\" \/>\n<meta property=\"og:type\" content=\"article\" \/>\n<meta property=\"og:title\" content=\"MLC-barbecue - M\u00fcnchner L\u00f6wen Club e.V.\" \/>\n<meta property=\"og:url\" content=\"https:\/\/www.mlc-munich.de\/web\/partys-events\/mlc-grillfest\/\" \/>\n<meta property=\"og:site_name\" content=\"M\u00fcnchner L\u00f6wen Club e.V.\" \/>\n<meta property=\"article:modified_time\" content=\"2025-06-12T06:14:28+00:00\" \/>\n<meta property=\"og:image\" content=\"https:\/\/www.mlc-munich.de\/web\/wp-content\/uploads\/2018\/07\/Grillfest.jpg\" \/>\n\t<meta property=\"og:image:width\" content=\"498\" \/>\n\t<meta property=\"og:image:height\" content=\"260\" \/>\n\t<meta property=\"og:image:type\" content=\"image\/jpeg\" \/>\n<meta name=\"twitter:card\" content=\"summary_large_image\" \/>\n<meta name=\"twitter:label1\" content=\"Est. reading time\" \/>\n\t<meta name=\"twitter:data1\" content=\"1 minute\" \/>\n<script type=\"application\/ld+json\" class=\"yoast-schema-graph\">{\"@context\":\"https:\\\/\\\/schema.org\",\"@graph\":[{\"@type\":\"WebPage\",\"@id\":\"https:\\\/\\\/www.mlc-munich.de\\\/web\\\/partys-events\\\/mlc-grillfest\\\/\",\"url\":\"https:\\\/\\\/www.mlc-munich.de\\\/web\\\/partys-events\\\/mlc-grillfest\\\/\",\"name\":\"MLC-barbecue - M\u00fcnchner L\u00f6wen Club e.V.\",\"isPartOf\":{\"@id\":\"https:\\\/\\\/www.mlc-munich.de\\\/web\\\/#website\"},\"primaryImageOfPage\":{\"@id\":\"https:\\\/\\\/www.mlc-munich.de\\\/web\\\/partys-events\\\/mlc-grillfest\\\/#primaryimage\"},\"image\":{\"@id\":\"https:\\\/\\\/www.mlc-munich.de\\\/web\\\/partys-events\\\/mlc-grillfest\\\/#primaryimage\"},\"thumbnailUrl\":\"https:\\\/\\\/www.mlc-munich.de\\\/web\\\/wp-content\\\/uploads\\\/2018\\\/07\\\/Grillfest.jpg\",\"datePublished\":\"2018-07-04T09:12:35+00:00\",\"dateModified\":\"2025-06-12T06:14:28+00:00\",\"breadcrumb\":{\"@id\":\"https:\\\/\\\/www.mlc-munich.de\\\/web\\\/partys-events\\\/mlc-grillfest\\\/#breadcrumb\"},\"inLanguage\":\"en-US\",\"potentialAction\":[{\"@type\":\"ReadAction\",\"target\":[\"https:\\\/\\\/www.mlc-munich.de\\\/web\\\/partys-events\\\/mlc-grillfest\\\/\"]}]},{\"@type\":\"ImageObject\",\"inLanguage\":\"en-US\",\"@id\":\"https:\\\/\\\/www.mlc-munich.de\\\/web\\\/partys-events\\\/mlc-grillfest\\\/#primaryimage\",\"url\":\"https:\\\/\\\/www.mlc-munich.de\\\/web\\\/wp-content\\\/uploads\\\/2018\\\/07\\\/Grillfest.jpg\",\"contentUrl\":\"https:\\\/\\\/www.mlc-munich.de\\\/web\\\/wp-content\\\/uploads\\\/2018\\\/07\\\/Grillfest.jpg\"},{\"@type\":\"BreadcrumbList\",\"@id\":\"https:\\\/\\\/www.mlc-munich.de\\\/web\\\/partys-events\\\/mlc-grillfest\\\/#breadcrumb\",\"itemListElement\":[{\"@type\":\"ListItem\",\"position\":1,\"name\":\"Startseite\",\"item\":\"https:\\\/\\\/www.mlc-munich.de\\\/web\\\/\"},{\"@type\":\"ListItem\",\"position\":2,\"name\":\"Partys &#038; Events\",\"item\":\"https:\\\/\\\/www.mlc-munich.de\\\/web\\\/partys-events\\\/\"},{\"@type\":\"ListItem\",\"position\":3,\"name\":\"MLC Grillfest\"}]},{\"@type\":\"WebSite\",\"@id\":\"https:\\\/\\\/www.mlc-munich.de\\\/web\\\/#website\",\"url\":\"https:\\\/\\\/www.mlc-munich.de\\\/web\\\/\",\"name\":\"M\u00fcnchner L\u00f6wen Club e.V.\",\"description\":\"M\u00fcnchner L\u00f6wen Club e.V.\",\"publisher\":{\"@id\":\"https:\\\/\\\/www.mlc-munich.de\\\/web\\\/#organization\"},\"potentialAction\":[{\"@type\":\"SearchAction\",\"target\":{\"@type\":\"EntryPoint\",\"urlTemplate\":\"https:\\\/\\\/www.mlc-munich.de\\\/web\\\/?s={search_term_string}\"},\"query-input\":{\"@type\":\"PropertyValueSpecification\",\"valueRequired\":true,\"valueName\":\"search_term_string\"}}],\"inLanguage\":\"en-US\"},{\"@type\":\"Organization\",\"@id\":\"https:\\\/\\\/www.mlc-munich.de\\\/web\\\/#organization\",\"name\":\"M\u00fcnchner L\u00f6wen Club e.V.\",\"url\":\"https:\\\/\\\/www.mlc-munich.de\\\/web\\\/\",\"logo\":{\"@type\":\"ImageObject\",\"inLanguage\":\"en-US\",\"@id\":\"https:\\\/\\\/www.mlc-munich.de\\\/web\\\/#\\\/schema\\\/logo\\\/image\\\/\",\"url\":\"https:\\\/\\\/www.mlc-munich.de\\\/web\\\/wp-content\\\/uploads\\\/2018\\\/05\\\/logo_250x95px-Kopie.png\",\"contentUrl\":\"https:\\\/\\\/www.mlc-munich.de\\\/web\\\/wp-content\\\/uploads\\\/2018\\\/05\\\/logo_250x95px-Kopie.png\",\"width\":250,\"height\":95,\"caption\":\"M\u00fcnchner L\u00f6wen Club e.V.\"},\"image\":{\"@id\":\"https:\\\/\\\/www.mlc-munich.de\\\/web\\\/#\\\/schema\\\/logo\\\/image\\\/\"}}]}<\/script>\n<!-- \/ Yoast SEO plugin. -->","yoast_head_json":{"title":"MLC-barbecue - M\u00fcnchner L\u00f6wen Club e.V.","robots":{"index":"index","follow":"follow","max-snippet":"max-snippet:-1","max-image-preview":"max-image-preview:large","max-video-preview":"max-video-preview:-1"},"canonical":"https:\/\/www.mlc-munich.de\/web\/partys-events\/mlc-grillfest\/","og_locale":"en_US","og_type":"article","og_title":"MLC-barbecue - M\u00fcnchner L\u00f6wen Club e.V.","og_url":"https:\/\/www.mlc-munich.de\/web\/partys-events\/mlc-grillfest\/","og_site_name":"M\u00fcnchner L\u00f6wen Club e.V.","article_modified_time":"2025-06-12T06:14:28+00:00","og_image":[{"width":498,"height":260,"url":"https:\/\/www.mlc-munich.de\/web\/wp-content\/uploads\/2018\/07\/Grillfest.jpg","type":"image\/jpeg"}],"twitter_card":"summary_large_image","twitter_misc":{"Est. reading time":"1 minute"},"schema":{"@context":"https:\/\/schema.org","@graph":[{"@type":"WebPage","@id":"https:\/\/www.mlc-munich.de\/web\/partys-events\/mlc-grillfest\/","url":"https:\/\/www.mlc-munich.de\/web\/partys-events\/mlc-grillfest\/","name":"MLC-barbecue - M\u00fcnchner L\u00f6wen Club e.V.","isPartOf":{"@id":"https:\/\/www.mlc-munich.de\/web\/#website"},"primaryImageOfPage":{"@id":"https:\/\/www.mlc-munich.de\/web\/partys-events\/mlc-grillfest\/#primaryimage"},"image":{"@id":"https:\/\/www.mlc-munich.de\/web\/partys-events\/mlc-grillfest\/#primaryimage"},"thumbnailUrl":"https:\/\/www.mlc-munich.de\/web\/wp-content\/uploads\/2018\/07\/Grillfest.jpg","datePublished":"2018-07-04T09:12:35+00:00","dateModified":"2025-06-12T06:14:28+00:00","breadcrumb":{"@id":"https:\/\/www.mlc-munich.de\/web\/partys-events\/mlc-grillfest\/#breadcrumb"},"inLanguage":"en-US","potentialAction":[{"@type":"ReadAction","target":["https:\/\/www.mlc-munich.de\/web\/partys-events\/mlc-grillfest\/"]}]},{"@type":"ImageObject","inLanguage":"en-US","@id":"https:\/\/www.mlc-munich.de\/web\/partys-events\/mlc-grillfest\/#primaryimage","url":"https:\/\/www.mlc-munich.de\/web\/wp-content\/uploads\/2018\/07\/Grillfest.jpg","contentUrl":"https:\/\/www.mlc-munich.de\/web\/wp-content\/uploads\/2018\/07\/Grillfest.jpg"},{"@type":"BreadcrumbList","@id":"https:\/\/www.mlc-munich.de\/web\/partys-events\/mlc-grillfest\/#breadcrumb","itemListElement":[{"@type":"ListItem","position":1,"name":"Startseite","item":"https:\/\/www.mlc-munich.de\/web\/"},{"@type":"ListItem","position":2,"name":"Partys &#038; Events","item":"https:\/\/www.mlc-munich.de\/web\/partys-events\/"},{"@type":"ListItem","position":3,"name":"MLC Grillfest"}]},{"@type":"WebSite","@id":"https:\/\/www.mlc-munich.de\/web\/#website","url":"https:\/\/www.mlc-munich.de\/web\/","name":"M\u00fcnchner L\u00f6wen Club e.V.","description":"M\u00fcnchner L\u00f6wen Club e.V.","publisher":{"@id":"https:\/\/www.mlc-munich.de\/web\/#organization"},"potentialAction":[{"@type":"SearchAction","target":{"@type":"EntryPoint","urlTemplate":"https:\/\/www.mlc-munich.de\/web\/?s={search_term_string}"},"query-input":{"@type":"PropertyValueSpecification","valueRequired":true,"valueName":"search_term_string"}}],"inLanguage":"en-US"},{"@type":"Organization","@id":"https:\/\/www.mlc-munich.de\/web\/#organization","name":"M\u00fcnchner L\u00f6wen Club e.V.","url":"https:\/\/www.mlc-munich.de\/web\/","logo":{"@type":"ImageObject","inLanguage":"en-US","@id":"https:\/\/www.mlc-munich.de\/web\/#\/schema\/logo\/image\/","url":"https:\/\/www.mlc-munich.de\/web\/wp-content\/uploads\/2018\/05\/logo_250x95px-Kopie.png","contentUrl":"https:\/\/www.mlc-munich.de\/web\/wp-content\/uploads\/2018\/05\/logo_250x95px-Kopie.png","width":250,"height":95,"caption":"M\u00fcnchner L\u00f6wen Club e.V."},"image":{"@id":"https:\/\/www.mlc-munich.de\/web\/#\/schema\/logo\/image\/"}}]}},"_links":{"self":[{"href":"https:\/\/www.mlc-munich.de\/web\/en\/wp-json\/wp\/v2\/pages\/793","targetHints":{"allow":["GET"]}}],"collection":[{"href":"https:\/\/www.mlc-munich.de\/web\/en\/wp-json\/wp\/v2\/pages"}],"about":[{"href":"https:\/\/www.mlc-munich.de\/web\/en\/wp-json\/wp\/v2\/types\/page"}],"author":[{"embeddable":true,"href":"https:\/\/www.mlc-munich.de\/web\/en\/wp-json\/wp\/v2\/users\/2"}],"replies":[{"embeddable":true,"href":"https:\/\/www.mlc-munich.de\/web\/en\/wp-json\/wp\/v2\/comments?post=793"}],"version-history":[{"count":42,"href":"https:\/\/www.mlc-munich.de\/web\/en\/wp-json\/wp\/v2\/pages\/793\/revisions"}],"predecessor-version":[{"id":23951,"href":"https:\/\/www.mlc-munich.de\/web\/en\/wp-json\/wp\/v2\/pages\/793\/revisions\/23951"}],"up":[{"embeddable":true,"href":"https:\/\/www.mlc-munich.de\/web\/en\/wp-json\/wp\/v2\/pages\/161"}],"wp:attachment":[{"href":"https:\/\/www.mlc-munich.de\/web\/en\/wp-json\/wp\/v2\/media?parent=793"}],"curies":[{"name":"wp","href":"https:\/\/api.w.org\/{rel}","templated":true}]}}