{"id":818,"date":"2018-07-18T12:31:14","date_gmt":"2018-07-18T10:31:14","guid":{"rendered":"https:\/\/www.mlc-munich.de\/web\/?page_id=818"},"modified":"2021-09-30T15:05:22","modified_gmt":"2021-09-30T13:05:22","slug":"gay-content","status":"publish","type":"page","link":"https:\/\/www.mlc-munich.de\/web\/en\/gay-content\/","title":{"rendered":"Gay-Content"},"content":{"rendered":"<div id=\"pl-818\"  class=\"panel-layout\" ><div id=\"pg-818-0\"  class=\"panel-grid panel-no-style\" ><div id=\"pgc-818-0-0\"  class=\"panel-grid-cell\" ><div id=\"panel-818-0-0-0\" class=\"so-panel widget widget_sow-editor panel-first-child panel-last-child\" data-index=\"0\" ><div\n\t\t\t\n\t\t\tclass=\"so-widget-sow-editor so-widget-sow-editor-base\"\n\t\t\t\n\t\t>\n<div class=\"siteorigin-widget-tinymce textwidget\">\n\t<p><img loading=\"lazy\" decoding=\"async\" class=\"alignnone size-full wp-image-819\" src=\"https:\/\/www.mlc-munich.de\/web\/wp-content\/uploads\/2018\/07\/flag_de.gif\" alt=\"\" width=\"52\" height=\"35\" \/> <em><strong>WEITER AUF DEUTSCH<\/strong><\/em><\/p>\n<p><strong>Dies ist eine Webseite mit schwulen Inhalten.<\/strong><\/p>\n<p>Bitte verlasse diese Webseite, wenn Dich Schwule im allgemeinen oder Bilder, politische Meinungen und Links zu anderen schwulen Seiten st\u00f6ren oder Du noch nicht das in Deinem Staat zur Ansicht unserer Seiten notwendige Alter erreicht hast.<\/p>\n<p>Wenn Du einen Link zu unseren Seiten auf Deiner eigenen Webseite einbinden m\u00f6chtest, setze diesen bitte auf diese Einstiegsseite, so dass andere die M\u00f6glichkeit haben, selbst zu entscheiden, ob sie die weiteren Seiten ansehen m\u00f6chten.<\/p>\n<p><strong>Mit dem Betreten dieser Webseite best\u00e4tige ich, dass ich die auf diesen Seiten befindlichen Informationen weder gegen den Autor noch den entsprechenden Provider verwenden werde. Zudem versichere ich, dass ich vollj\u00e4hrig bin.<\/strong><\/p>\n<p style=\"text-align: right;\"><a href=\"https:\/\/www.mlc-munich.de\/web\/\" class=\"su-button su-button-style-default\" style=\"color:#FFFFFF;background-color:#e2001a;border-color:#b50015;border-radius:6px\" target=\"_self\"><span style=\"color:#FFFFFF;padding:0px 18px;font-size:14px;line-height:28px;border-color:#eb4d5f;border-radius:6px;text-shadow:none\"> Weiter &gt;&gt;<\/span><\/a><\/p>\n<\/div>\n<\/div><\/div><\/div><div id=\"pgc-818-0-1\"  class=\"panel-grid-cell\" ><div id=\"panel-818-0-1-0\" class=\"so-panel widget widget_sow-editor panel-first-child panel-last-child\" data-index=\"1\" ><div\n\t\t\t\n\t\t\tclass=\"so-widget-sow-editor so-widget-sow-editor-base\"\n\t\t\t\n\t\t>\n<div class=\"siteorigin-widget-tinymce textwidget\">\n\t<p style=\"text-align: right;\">\n<p><img loading=\"lazy\" decoding=\"async\" class=\"alignnone size-full wp-image-821\" src=\"https:\/\/www.mlc-munich.de\/web\/wp-content\/uploads\/2018\/07\/flag_uk.gif\" alt=\"\" width=\"52\" height=\"35\" \/> <em><strong>CONTINUE <span id=\"result_box\" class=\"short_text\" lang=\"en\"><span class=\"\">IN ENGLISH<\/span><\/span><\/strong><\/em><\/p>\n<p><strong>This is a website with gay content.<\/strong><\/p>\n<p>Please leave this website now if you are offended by gay people, pictures, political opinions and links to other gay websites or if you are not of legal age to view this website as defined by your country\u2019s laws.<\/p>\n<p>If you would like to link to us from your own website please set the link to point to this welcome page in order to allow others to still be able to decide if they want to proceed or not.<\/p>\n<p><strong>By entering this website I confirm that I won\u2019t use the information contained in its pages neither against the author nor against the correlative provider. Further I confirm that I am of legal age.<\/strong><\/p>\n<p style=\"text-align: right;\"><a href=\"https:\/\/www.mlc-munich.de\/web\/en\/\" class=\"su-button su-button-style-default\" style=\"color:#FFFFFF;background-color:#e2001a;border-color:#b50015;border-radius:6px\" target=\"_self\"><span style=\"color:#FFFFFF;padding:0px 18px;font-size:14px;line-height:28px;border-color:#eb4d5f;border-radius:6px;text-shadow:none\"> Continue &gt;&gt;<\/span><\/a><\/p>\n<\/div>\n<\/div><\/div><\/div><\/div><\/div>","protected":false},"excerpt":{"rendered":"<p>WEITER AUF DEUTSCH Dies ist eine Webseite mit schwulen Inhalten. Bitte verlasse diese Webseite, wenn Dich Schwule im allgemeinen oder Bilder, politische Meinungen und Links zu anderen schwulen Seiten st\u00f6ren oder Du noch nicht das in Deinem Staat zur Ansicht unserer Seiten notwendige Alter erreicht hast. Wenn Du einen Link zu unseren Seiten auf Deiner eigenen Webseite einbinden m\u00f6chtest, setze diesen bitte auf diese Einstiegsseite, so dass andere die M\u00f6glichkeit haben, selbst zu entscheiden, ob sie die weiteren Seiten ansehen [&hellip;]<\/p>\n","protected":false},"author":2,"featured_media":0,"parent":0,"menu_order":501,"comment_status":"closed","ping_status":"closed","template":"","meta":{"footnotes":""},"class_list":["post-818","page","type-page","status-publish","hentry","post"],"translation":{"provider":"WPGlobus","version":"3.0.2","language":"en","enabled_languages":["de","en"],"languages":{"de":{"title":true,"content":true,"excerpt":false},"en":{"title":false,"content":false,"excerpt":false}}},"yoast_head":"<!-- This site is optimized with the Yoast SEO plugin v27.4 - https:\/\/yoast.com\/product\/yoast-seo-wordpress\/ -->\n<title>Gay-Content - M\u00fcnchner L\u00f6wen Club e.V.<\/title>\n<meta name=\"robots\" content=\"index, follow, max-snippet:-1, max-image-preview:large, max-video-preview:-1\" \/>\n<link rel=\"canonical\" href=\"https:\/\/www.mlc-munich.de\/web\/gay-content\/\" \/>\n<meta property=\"og:locale\" content=\"en_US\" \/>\n<meta property=\"og:type\" content=\"article\" \/>\n<meta property=\"og:title\" content=\"Gay-Content - M\u00fcnchner L\u00f6wen Club e.V.\" \/>\n<meta property=\"og:url\" content=\"https:\/\/www.mlc-munich.de\/web\/gay-content\/\" \/>\n<meta property=\"og:site_name\" content=\"M\u00fcnchner L\u00f6wen Club e.V.\" \/>\n<meta property=\"article:modified_time\" content=\"2021-09-30T13:05:22+00:00\" \/>\n<meta property=\"og:image\" content=\"https:\/\/www.mlc-munich.de\/web\/wp-content\/uploads\/2018\/07\/flag_de.gif\" \/>\n<meta name=\"twitter:card\" content=\"summary_large_image\" \/>\n<meta name=\"twitter:label1\" content=\"Est. reading time\" \/>\n\t<meta name=\"twitter:data1\" content=\"1 minute\" \/>\n<script type=\"application\/ld+json\" class=\"yoast-schema-graph\">{\"@context\":\"https:\\\/\\\/schema.org\",\"@graph\":[{\"@type\":\"WebPage\",\"@id\":\"https:\\\/\\\/www.mlc-munich.de\\\/web\\\/gay-content\\\/\",\"url\":\"https:\\\/\\\/www.mlc-munich.de\\\/web\\\/gay-content\\\/\",\"name\":\"Gay-Content - M\u00fcnchner L\u00f6wen Club e.V.\",\"isPartOf\":{\"@id\":\"https:\\\/\\\/www.mlc-munich.de\\\/web\\\/#website\"},\"primaryImageOfPage\":{\"@id\":\"https:\\\/\\\/www.mlc-munich.de\\\/web\\\/gay-content\\\/#primaryimage\"},\"image\":{\"@id\":\"https:\\\/\\\/www.mlc-munich.de\\\/web\\\/gay-content\\\/#primaryimage\"},\"thumbnailUrl\":\"https:\\\/\\\/www.mlc-munich.de\\\/web\\\/wp-content\\\/uploads\\\/2018\\\/07\\\/flag_de.gif\",\"datePublished\":\"2018-07-18T10:31:14+00:00\",\"dateModified\":\"2021-09-30T13:05:22+00:00\",\"breadcrumb\":{\"@id\":\"https:\\\/\\\/www.mlc-munich.de\\\/web\\\/gay-content\\\/#breadcrumb\"},\"inLanguage\":\"en-US\",\"potentialAction\":[{\"@type\":\"ReadAction\",\"target\":[\"https:\\\/\\\/www.mlc-munich.de\\\/web\\\/gay-content\\\/\"]}]},{\"@type\":\"ImageObject\",\"inLanguage\":\"en-US\",\"@id\":\"https:\\\/\\\/www.mlc-munich.de\\\/web\\\/gay-content\\\/#primaryimage\",\"url\":\"https:\\\/\\\/www.mlc-munich.de\\\/web\\\/wp-content\\\/uploads\\\/2018\\\/07\\\/flag_de.gif\",\"contentUrl\":\"https:\\\/\\\/www.mlc-munich.de\\\/web\\\/wp-content\\\/uploads\\\/2018\\\/07\\\/flag_de.gif\"},{\"@type\":\"BreadcrumbList\",\"@id\":\"https:\\\/\\\/www.mlc-munich.de\\\/web\\\/gay-content\\\/#breadcrumb\",\"itemListElement\":[{\"@type\":\"ListItem\",\"position\":1,\"name\":\"Startseite\",\"item\":\"https:\\\/\\\/www.mlc-munich.de\\\/web\\\/\"},{\"@type\":\"ListItem\",\"position\":2,\"name\":\"Gay-Content\"}]},{\"@type\":\"WebSite\",\"@id\":\"https:\\\/\\\/www.mlc-munich.de\\\/web\\\/#website\",\"url\":\"https:\\\/\\\/www.mlc-munich.de\\\/web\\\/\",\"name\":\"M\u00fcnchner L\u00f6wen Club e.V.\",\"description\":\"M\u00fcnchner L\u00f6wen Club e.V.\",\"publisher\":{\"@id\":\"https:\\\/\\\/www.mlc-munich.de\\\/web\\\/#organization\"},\"potentialAction\":[{\"@type\":\"SearchAction\",\"target\":{\"@type\":\"EntryPoint\",\"urlTemplate\":\"https:\\\/\\\/www.mlc-munich.de\\\/web\\\/?s={search_term_string}\"},\"query-input\":{\"@type\":\"PropertyValueSpecification\",\"valueRequired\":true,\"valueName\":\"search_term_string\"}}],\"inLanguage\":\"en-US\"},{\"@type\":\"Organization\",\"@id\":\"https:\\\/\\\/www.mlc-munich.de\\\/web\\\/#organization\",\"name\":\"M\u00fcnchner L\u00f6wen Club e.V.\",\"url\":\"https:\\\/\\\/www.mlc-munich.de\\\/web\\\/\",\"logo\":{\"@type\":\"ImageObject\",\"inLanguage\":\"en-US\",\"@id\":\"https:\\\/\\\/www.mlc-munich.de\\\/web\\\/#\\\/schema\\\/logo\\\/image\\\/\",\"url\":\"https:\\\/\\\/www.mlc-munich.de\\\/web\\\/wp-content\\\/uploads\\\/2018\\\/05\\\/logo_250x95px-Kopie.png\",\"contentUrl\":\"https:\\\/\\\/www.mlc-munich.de\\\/web\\\/wp-content\\\/uploads\\\/2018\\\/05\\\/logo_250x95px-Kopie.png\",\"width\":250,\"height\":95,\"caption\":\"M\u00fcnchner L\u00f6wen Club e.V.\"},\"image\":{\"@id\":\"https:\\\/\\\/www.mlc-munich.de\\\/web\\\/#\\\/schema\\\/logo\\\/image\\\/\"}}]}<\/script>\n<!-- \/ Yoast SEO plugin. -->","yoast_head_json":{"title":"Gay-Content - M\u00fcnchner L\u00f6wen Club e.V.","robots":{"index":"index","follow":"follow","max-snippet":"max-snippet:-1","max-image-preview":"max-image-preview:large","max-video-preview":"max-video-preview:-1"},"canonical":"https:\/\/www.mlc-munich.de\/web\/gay-content\/","og_locale":"en_US","og_type":"article","og_title":"Gay-Content - M\u00fcnchner L\u00f6wen Club e.V.","og_url":"https:\/\/www.mlc-munich.de\/web\/gay-content\/","og_site_name":"M\u00fcnchner L\u00f6wen Club e.V.","article_modified_time":"2021-09-30T13:05:22+00:00","og_image":[{"url":"https:\/\/www.mlc-munich.de\/web\/wp-content\/uploads\/2018\/07\/flag_de.gif","type":"","width":"","height":""}],"twitter_card":"summary_large_image","twitter_misc":{"Est. reading time":"1 minute"},"schema":{"@context":"https:\/\/schema.org","@graph":[{"@type":"WebPage","@id":"https:\/\/www.mlc-munich.de\/web\/gay-content\/","url":"https:\/\/www.mlc-munich.de\/web\/gay-content\/","name":"Gay-Content - M\u00fcnchner L\u00f6wen Club e.V.","isPartOf":{"@id":"https:\/\/www.mlc-munich.de\/web\/#website"},"primaryImageOfPage":{"@id":"https:\/\/www.mlc-munich.de\/web\/gay-content\/#primaryimage"},"image":{"@id":"https:\/\/www.mlc-munich.de\/web\/gay-content\/#primaryimage"},"thumbnailUrl":"https:\/\/www.mlc-munich.de\/web\/wp-content\/uploads\/2018\/07\/flag_de.gif","datePublished":"2018-07-18T10:31:14+00:00","dateModified":"2021-09-30T13:05:22+00:00","breadcrumb":{"@id":"https:\/\/www.mlc-munich.de\/web\/gay-content\/#breadcrumb"},"inLanguage":"en-US","potentialAction":[{"@type":"ReadAction","target":["https:\/\/www.mlc-munich.de\/web\/gay-content\/"]}]},{"@type":"ImageObject","inLanguage":"en-US","@id":"https:\/\/www.mlc-munich.de\/web\/gay-content\/#primaryimage","url":"https:\/\/www.mlc-munich.de\/web\/wp-content\/uploads\/2018\/07\/flag_de.gif","contentUrl":"https:\/\/www.mlc-munich.de\/web\/wp-content\/uploads\/2018\/07\/flag_de.gif"},{"@type":"BreadcrumbList","@id":"https:\/\/www.mlc-munich.de\/web\/gay-content\/#breadcrumb","itemListElement":[{"@type":"ListItem","position":1,"name":"Startseite","item":"https:\/\/www.mlc-munich.de\/web\/"},{"@type":"ListItem","position":2,"name":"Gay-Content"}]},{"@type":"WebSite","@id":"https:\/\/www.mlc-munich.de\/web\/#website","url":"https:\/\/www.mlc-munich.de\/web\/","name":"M\u00fcnchner L\u00f6wen Club e.V.","description":"M\u00fcnchner L\u00f6wen Club e.V.","publisher":{"@id":"https:\/\/www.mlc-munich.de\/web\/#organization"},"potentialAction":[{"@type":"SearchAction","target":{"@type":"EntryPoint","urlTemplate":"https:\/\/www.mlc-munich.de\/web\/?s={search_term_string}"},"query-input":{"@type":"PropertyValueSpecification","valueRequired":true,"valueName":"search_term_string"}}],"inLanguage":"en-US"},{"@type":"Organization","@id":"https:\/\/www.mlc-munich.de\/web\/#organization","name":"M\u00fcnchner L\u00f6wen Club e.V.","url":"https:\/\/www.mlc-munich.de\/web\/","logo":{"@type":"ImageObject","inLanguage":"en-US","@id":"https:\/\/www.mlc-munich.de\/web\/#\/schema\/logo\/image\/","url":"https:\/\/www.mlc-munich.de\/web\/wp-content\/uploads\/2018\/05\/logo_250x95px-Kopie.png","contentUrl":"https:\/\/www.mlc-munich.de\/web\/wp-content\/uploads\/2018\/05\/logo_250x95px-Kopie.png","width":250,"height":95,"caption":"M\u00fcnchner L\u00f6wen Club e.V."},"image":{"@id":"https:\/\/www.mlc-munich.de\/web\/#\/schema\/logo\/image\/"}}]}},"_links":{"self":[{"href":"https:\/\/www.mlc-munich.de\/web\/en\/wp-json\/wp\/v2\/pages\/818","targetHints":{"allow":["GET"]}}],"collection":[{"href":"https:\/\/www.mlc-munich.de\/web\/en\/wp-json\/wp\/v2\/pages"}],"about":[{"href":"https:\/\/www.mlc-munich.de\/web\/en\/wp-json\/wp\/v2\/types\/page"}],"author":[{"embeddable":true,"href":"https:\/\/www.mlc-munich.de\/web\/en\/wp-json\/wp\/v2\/users\/2"}],"replies":[{"embeddable":true,"href":"https:\/\/www.mlc-munich.de\/web\/en\/wp-json\/wp\/v2\/comments?post=818"}],"version-history":[{"count":15,"href":"https:\/\/www.mlc-munich.de\/web\/en\/wp-json\/wp\/v2\/pages\/818\/revisions"}],"predecessor-version":[{"id":3711,"href":"https:\/\/www.mlc-munich.de\/web\/en\/wp-json\/wp\/v2\/pages\/818\/revisions\/3711"}],"wp:attachment":[{"href":"https:\/\/www.mlc-munich.de\/web\/en\/wp-json\/wp\/v2\/media?parent=818"}],"curies":[{"name":"wp","href":"https:\/\/api.w.org\/{rel}","templated":true}]}}