{"id":86,"date":"2018-04-26T13:55:33","date_gmt":"2018-04-26T11:55:33","guid":{"rendered":"https:\/\/www.mlc-munich.de\/web\/?page_id=86"},"modified":"2025-09-22T09:04:29","modified_gmt":"2025-09-22T07:04:29","slug":"test-fuer-de","status":"publish","type":"page","link":"https:\/\/www.mlc-munich.de\/web\/en\/","title":{"rendered":"HOME"},"content":{"rendered":"<div>\n<div class=\"ctsc-spacer  \" style=\"height:25px\"><\/div><!-- HFCM by 99 Robots - Snippet # 1: Cache Helfer -->\n<meta http-equiv=\"cache-control\" content=\"max-age=0\"\/>\r\n<meta http-equiv=\"cache-control\" content=\"no-store\"\/>\n<!-- \/end HFCM by 99 Robots -->\n\n<div>\n<p style=\"text-align: center;\"><span style=\"font-size: 28pt;\"><strong>Our upcoming events<\/strong><br \/>\n<\/span><\/p>\n<div>\n<div>\n<h2 style=\"text-align: center;\"><span style=\"font-size: 16px;\"><\/span><\/h2>\n<\/div>\n<div style=\"text-align: center;\"><\/div>\n<div><\/div>\n<\/div>\n<\/div>\n<div>\n<hr \/>\n<\/div>\n<\/div>\n<div class=\"entry-content\">\n<div class=\"su-box su-box-style-default\" id=\"\" style=\"border-color:#aa0000;border-radius:3px;max-width:none\"><div class=\"su-box-title\" style=\"background-color:#dd3333;color:#FFFFFF;border-top-left-radius:1px;border-top-right-radius:1px\">Your visit at UnderGround<\/div><div class=\"su-box-content su-u-clearfix su-u-trim\" style=\"border-bottom-left-radius:1px;border-bottom-right-radius:1px\">Due to the regulation of the legal authority of the city of Munich, we have to verify the identy of each guest of the UNDERGROUND by a legal document. So no final access without a official document, like a passport, drivers license or an identity card issued by the legal authority of the country or the homecity, never the less, MLC membercards are also allowed. Photographed documents or digital document apps <strong>are not allowed<\/strong>. A pre-registration is no longer necessary. <div class=\"ctsc-spacer  \" style=\"height:25px\"><\/div> <strong>Admission prices:<\/strong> <div class=\"ctsc-spacer  \" style=\"height:25px\"><\/div> Reduced admission price for MLC members: 10 EUR <div class=\"ctsc-spacer  \" style=\"height:5px\"><\/div> <em>Without a membership card, admission will be granted at the regular admission price.<\/em> <div class=\"ctsc-spacer  \" style=\"height:5px\"><\/div> Regular admission price for one-day membership: 17 EUR <div class=\"ctsc-spacer  \" style=\"height:5px\"><\/div> Reduced admission price for persons up to 26 years of age as part of a one-day membership: 12 EUR <div class=\"ctsc-spacer  \" style=\"height:25px\"><\/div><\/div><\/div>\n<\/div>\n<hr \/>\n<div><\/div>\n\n\n<hr \/>\n<div class=\"su-accordion su-u-trim\"><div class=\"su-spoiler su-spoiler-style-fancy su-spoiler-icon-plus su-spoiler-closed\" data-scroll-offset=\"0\" data-anchor-in-url=\"no\"><div class=\"su-spoiler-title\" tabindex=\"0\" role=\"button\"><span class=\"su-spoiler-icon\"><\/span>Hotel recommendations<\/div><div class=\"su-spoiler-content su-u-clearfix su-u-trim\">\n<p>The Hotel Deutsche Eiche (\u201cGerman Oak\u201d) has been for over 150 years a real center of the gay community in the middle of the gay village, in the heart of Munich. The Eiche outshines chain hotels\u00a0with its unique mix of services: Munich\u2019s most beautiful rooftop terrace with a view of the Old City and the Alps, Central Europe\u2019s largest male sauna, a design hotel with 36 modern rooms\u00a0and a regionally very well-known and traditional restaurant.<\/p>\n<p>Nearby parking spaces are available upon prior reservation and the MLC\u2019s (M\u00fcnchner L\u00f6wen Club) Underground Club can also be reached directly in barely more than 20 minutes by subway.<\/p>\n<p>The Deutsche Eiche looks forward to welcoming MLC guests.<br \/>\n<a href=\"https:\/\/www.deutsche-eiche.de\" target=\"_blank\" rel=\"noopener\">www.deutsche-eiche.de<\/a><\/p>\n<div class=\"su-table su-table-responsive su-table-alternate\">\n<table>\n<tbody>\n<tr>\n<td><a href=\"https:\/\/www.mlc-munich.de\/web\/wp-content\/uploads\/2020\/03\/eiche_04.jpg\"><img loading=\"lazy\" decoding=\"async\" class=\"alignnone size-full wp-image-2560\" src=\"https:\/\/www.mlc-munich.de\/web\/wp-content\/uploads\/2020\/03\/eiche_04.jpg\" alt=\"\" width=\"500\" height=\"334\" \/><\/a><\/td>\n<td><a href=\"https:\/\/www.mlc-munich.de\/web\/wp-content\/uploads\/2020\/03\/eiche_03.jpg\"><img loading=\"lazy\" decoding=\"async\" class=\"alignnone size-full wp-image-2559\" src=\"https:\/\/www.mlc-munich.de\/web\/wp-content\/uploads\/2020\/03\/eiche_03.jpg\" alt=\"\" width=\"500\" height=\"334\" \/><\/a><\/td>\n<\/tr>\n<tr>\n<td><a href=\"https:\/\/www.mlc-munich.de\/web\/wp-content\/uploads\/2020\/03\/eiche_02.jpg\"><img loading=\"lazy\" decoding=\"async\" class=\"alignnone size-full wp-image-2558\" src=\"https:\/\/www.mlc-munich.de\/web\/wp-content\/uploads\/2020\/03\/eiche_02.jpg\" alt=\"\" width=\"500\" height=\"334\" \/><\/a><\/td>\n<td><a href=\"https:\/\/www.mlc-munich.de\/web\/wp-content\/uploads\/2020\/03\/eiche_01.jpg\"><img loading=\"lazy\" decoding=\"async\" class=\"alignnone size-full wp-image-2557\" src=\"https:\/\/www.mlc-munich.de\/web\/wp-content\/uploads\/2020\/03\/eiche_01.jpg\" alt=\"\" width=\"500\" height=\"334\" \/><\/a><\/td>\n<\/tr>\n<\/tbody>\n<\/table>\n<\/div>\n<hr \/>\n<h4>10% discount on accomodation at Holiday Inn M\u00fcnchen S\u00fcd<\/h4>\n<p>For all members and guests looking for accomodation close to UnderGround we made a price deal with the Holiday Inn M\u00fcnchen S\u00fcd at Kistlerhofstrasse 142 (only 200 meters from UnderGround).<\/p>\n<p>If you book your room using this <a href=\"https:\/\/www.ihg.com\/holidayinn\/hotels\/us\/en\/munich\/mucso\/hoteldetail?qAAR=ILP16&amp;qAdlt=1&amp;qBrs=6c.hi.ex.rs.ic.cp.in.sb.cw.cv.ul.vn.ki.va.sp.nd.ct&amp;qChld=0&amp;qCpid=786798308&amp;qFRA=1&amp;qGRM=0&amp;qIta=99502056&amp;qPSt=0&amp;qRRSrt=rt&amp;qRef=df&amp;qRms=1&amp;qRpn=1&amp;qRpp=20&amp;qRtP=ILP16&amp;qSHp=1&amp;qSmP=3&amp;qSrt=sBR&amp;qWch=0&amp;srb_u=1&amp;icdv=99502056&amp;setPMCookies=true\" target=\"_blank\" rel=\"noopener\">link<\/a> you will receive a 10% discount on the lowest Best Flexible Rate (daily rate). During certain times of high-season trade fairs or other big events (unfotunately this also applies to Oktoberfest) this discount won&#8217;t be applicable. Please make sure to enter our company ID 786798308 on the left hand side and choose the tariff preference &#8220;M\u00fcnchner L\u00f6wen Club&#8221;. Only then you will be eligible for the discount.<\/p>\n<p>The\u00a0MLC only did the discount negociations. Bookings, payments and all other things are solely to be processed with the hotel directly.<\/p>\n<\/div><\/div>\n<div class=\"su-spoiler su-spoiler-style-fancy su-spoiler-icon-plus su-spoiler-closed\" data-scroll-offset=\"0\" data-anchor-in-url=\"no\"><div class=\"su-spoiler-title\" tabindex=\"0\" role=\"button\"><span class=\"su-spoiler-icon\"><\/span>HIV-Test per Post mit S.A.M<\/div><div class=\"su-spoiler-content su-u-clearfix su-u-trim\">\n<p><em>Eine Info der M\u00fcnchner Aids-Hilfe:<br \/>\n<img loading=\"lazy\" decoding=\"async\" class=\"alignnone size-full wp-image-982\" src=\"https:\/\/www.mlc-munich.de\/web\/wp-content\/uploads\/2018\/08\/mueah-introbild767x320-sam-19072018.jpg\" alt=\"\" width=\"767\" height=\"320\" srcset=\"https:\/\/www.mlc-munich.de\/web\/wp-content\/uploads\/2018\/08\/mueah-introbild767x320-sam-19072018.jpg 767w, https:\/\/www.mlc-munich.de\/web\/wp-content\/uploads\/2018\/08\/mueah-introbild767x320-sam-19072018-300x125.jpg 300w\" sizes=\"auto, (max-width: 767px) 100vw, 767px\" \/><\/em><br \/>\n<strong>Infektionen fr\u00fch entdecken und behandeln<\/strong><br \/>\nEin kleiner Stich in den Finger zur Blutentnahme, eine Urinprobe, einige Abstriche mit Wattest\u00e4bchen, die Proben in einem Plastikbeutel verstauen und in die Post geben: So einfach funktioniert das neue Heimtest-System S.A.M f\u00fcr Checks auf HIV und Geschlechtskrankheiten. Ab sofort wird es in Bayern f\u00fcr ein Jahr erprobt. Entwickelt wurde das innovative Konzept von der M\u00fcnchner Aids-Hilfe und ihrem Dachverband, der Deutschen AIDS-Hilfe, ViiV Healthcare und dem Labor Lademannbogen in Hamburg. Mehr Infos auf: <a href=\"https:\/\/samtest.de\/?utm_source=munich_leder\" target=\"_blank\" rel=\"noopener\">https:\/\/samtest.de<\/a> und auf der Seite der <a href=\"https:\/\/www.muenchner-aidshilfe.de\/aktuelle-themen-newsreader\/test-per-post-mit-s-a-m.html\" target=\"_blank\" rel=\"noopener\">M\u00fcnchner Aids-Hilfe<\/a>!<\/p>\n<\/div><\/div><\/div>\n","protected":false},"excerpt":{"rendered":"<p>Our upcoming events<\/p>\n","protected":false},"author":2,"featured_media":0,"parent":0,"menu_order":10,"comment_status":"closed","ping_status":"closed","template":"","meta":{"footnotes":""},"class_list":["post-86","page","type-page","status-publish","hentry","post"],"translation":{"provider":"WPGlobus","version":"3.0.2","language":"en","enabled_languages":["de","en"],"languages":{"de":{"title":true,"content":true,"excerpt":false},"en":{"title":true,"content":true,"excerpt":false}}},"yoast_head":"<!-- This site is optimized with the Yoast SEO plugin v27.3 - https:\/\/yoast.com\/product\/yoast-seo-wordpress\/ -->\n<title>HOME - M\u00fcnchner L\u00f6wen Club e.V.<\/title>\n<meta name=\"robots\" content=\"index, follow, max-snippet:-1, max-image-preview:large, max-video-preview:-1\" \/>\n<link rel=\"canonical\" href=\"https:\/\/www.mlc-munich.de\/web\/\" \/>\n<meta property=\"og:locale\" content=\"en_US\" \/>\n<meta property=\"og:type\" content=\"article\" \/>\n<meta property=\"og:title\" content=\"HOME - M\u00fcnchner L\u00f6wen Club e.V.\" \/>\n<meta property=\"og:url\" content=\"https:\/\/www.mlc-munich.de\/web\/\" \/>\n<meta property=\"og:site_name\" content=\"M\u00fcnchner L\u00f6wen Club e.V.\" \/>\n<meta property=\"article:modified_time\" content=\"2025-09-22T07:04:29+00:00\" \/>\n<meta property=\"og:image\" content=\"https:\/\/www.mlc-munich.de\/web\/wp-content\/uploads\/2023\/12\/mlc_fanshop_2023-Kopie.jpg\" \/>\n<meta name=\"twitter:card\" content=\"summary_large_image\" \/>\n<meta name=\"twitter:label1\" content=\"Est. reading time\" \/>\n\t<meta name=\"twitter:data1\" content=\"4 minutes\" \/>\n<script type=\"application\/ld+json\" class=\"yoast-schema-graph\">{\"@context\":\"https:\\\/\\\/schema.org\",\"@graph\":[{\"@type\":\"WebPage\",\"@id\":\"https:\\\/\\\/www.mlc-munich.de\\\/web\\\/\",\"url\":\"https:\\\/\\\/www.mlc-munich.de\\\/web\\\/\",\"name\":\"HOME - M\u00fcnchner L\u00f6wen Club e.V.\",\"isPartOf\":{\"@id\":\"https:\\\/\\\/www.mlc-munich.de\\\/web\\\/#website\"},\"primaryImageOfPage\":{\"@id\":\"https:\\\/\\\/www.mlc-munich.de\\\/web\\\/#primaryimage\"},\"image\":{\"@id\":\"https:\\\/\\\/www.mlc-munich.de\\\/web\\\/#primaryimage\"},\"thumbnailUrl\":\"https:\\\/\\\/www.mlc-munich.de\\\/web\\\/wp-content\\\/uploads\\\/2023\\\/12\\\/mlc_fanshop_2023-Kopie.jpg\",\"datePublished\":\"2018-04-26T11:55:33+00:00\",\"dateModified\":\"2025-09-22T07:04:29+00:00\",\"breadcrumb\":{\"@id\":\"https:\\\/\\\/www.mlc-munich.de\\\/web\\\/#breadcrumb\"},\"inLanguage\":\"en-US\",\"potentialAction\":[{\"@type\":\"ReadAction\",\"target\":[\"https:\\\/\\\/www.mlc-munich.de\\\/web\\\/\"]}]},{\"@type\":\"ImageObject\",\"inLanguage\":\"en-US\",\"@id\":\"https:\\\/\\\/www.mlc-munich.de\\\/web\\\/#primaryimage\",\"url\":\"https:\\\/\\\/www.mlc-munich.de\\\/web\\\/wp-content\\\/uploads\\\/2023\\\/12\\\/mlc_fanshop_2023-Kopie.jpg\",\"contentUrl\":\"https:\\\/\\\/www.mlc-munich.de\\\/web\\\/wp-content\\\/uploads\\\/2023\\\/12\\\/mlc_fanshop_2023-Kopie.jpg\"},{\"@type\":\"BreadcrumbList\",\"@id\":\"https:\\\/\\\/www.mlc-munich.de\\\/web\\\/#breadcrumb\",\"itemListElement\":[{\"@type\":\"ListItem\",\"position\":1,\"name\":\"Startseite\",\"item\":\"https:\\\/\\\/www.mlc-munich.de\\\/web\\\/\"},{\"@type\":\"ListItem\",\"position\":2,\"name\":\"HOME\"}]},{\"@type\":\"WebSite\",\"@id\":\"https:\\\/\\\/www.mlc-munich.de\\\/web\\\/#website\",\"url\":\"https:\\\/\\\/www.mlc-munich.de\\\/web\\\/\",\"name\":\"M\u00fcnchner L\u00f6wen Club e.V.\",\"description\":\"M\u00fcnchner L\u00f6wen Club e.V.\",\"publisher\":{\"@id\":\"https:\\\/\\\/www.mlc-munich.de\\\/web\\\/#organization\"},\"potentialAction\":[{\"@type\":\"SearchAction\",\"target\":{\"@type\":\"EntryPoint\",\"urlTemplate\":\"https:\\\/\\\/www.mlc-munich.de\\\/web\\\/?s={search_term_string}\"},\"query-input\":{\"@type\":\"PropertyValueSpecification\",\"valueRequired\":true,\"valueName\":\"search_term_string\"}}],\"inLanguage\":\"en-US\"},{\"@type\":\"Organization\",\"@id\":\"https:\\\/\\\/www.mlc-munich.de\\\/web\\\/#organization\",\"name\":\"M\u00fcnchner L\u00f6wen Club e.V.\",\"url\":\"https:\\\/\\\/www.mlc-munich.de\\\/web\\\/\",\"logo\":{\"@type\":\"ImageObject\",\"inLanguage\":\"en-US\",\"@id\":\"https:\\\/\\\/www.mlc-munich.de\\\/web\\\/#\\\/schema\\\/logo\\\/image\\\/\",\"url\":\"https:\\\/\\\/www.mlc-munich.de\\\/web\\\/wp-content\\\/uploads\\\/2018\\\/05\\\/logo_250x95px-Kopie.png\",\"contentUrl\":\"https:\\\/\\\/www.mlc-munich.de\\\/web\\\/wp-content\\\/uploads\\\/2018\\\/05\\\/logo_250x95px-Kopie.png\",\"width\":250,\"height\":95,\"caption\":\"M\u00fcnchner L\u00f6wen Club e.V.\"},\"image\":{\"@id\":\"https:\\\/\\\/www.mlc-munich.de\\\/web\\\/#\\\/schema\\\/logo\\\/image\\\/\"}}]}<\/script>\n<!-- \/ Yoast SEO plugin. -->","yoast_head_json":{"title":"HOME - M\u00fcnchner L\u00f6wen Club e.V.","robots":{"index":"index","follow":"follow","max-snippet":"max-snippet:-1","max-image-preview":"max-image-preview:large","max-video-preview":"max-video-preview:-1"},"canonical":"https:\/\/www.mlc-munich.de\/web\/","og_locale":"en_US","og_type":"article","og_title":"HOME - M\u00fcnchner L\u00f6wen Club e.V.","og_url":"https:\/\/www.mlc-munich.de\/web\/","og_site_name":"M\u00fcnchner L\u00f6wen Club e.V.","article_modified_time":"2025-09-22T07:04:29+00:00","og_image":[{"url":"https:\/\/www.mlc-munich.de\/web\/wp-content\/uploads\/2023\/12\/mlc_fanshop_2023-Kopie.jpg","type":"","width":"","height":""}],"twitter_card":"summary_large_image","twitter_misc":{"Est. reading time":"4 minutes"},"schema":{"@context":"https:\/\/schema.org","@graph":[{"@type":"WebPage","@id":"https:\/\/www.mlc-munich.de\/web\/","url":"https:\/\/www.mlc-munich.de\/web\/","name":"HOME - M\u00fcnchner L\u00f6wen Club e.V.","isPartOf":{"@id":"https:\/\/www.mlc-munich.de\/web\/#website"},"primaryImageOfPage":{"@id":"https:\/\/www.mlc-munich.de\/web\/#primaryimage"},"image":{"@id":"https:\/\/www.mlc-munich.de\/web\/#primaryimage"},"thumbnailUrl":"https:\/\/www.mlc-munich.de\/web\/wp-content\/uploads\/2023\/12\/mlc_fanshop_2023-Kopie.jpg","datePublished":"2018-04-26T11:55:33+00:00","dateModified":"2025-09-22T07:04:29+00:00","breadcrumb":{"@id":"https:\/\/www.mlc-munich.de\/web\/#breadcrumb"},"inLanguage":"en-US","potentialAction":[{"@type":"ReadAction","target":["https:\/\/www.mlc-munich.de\/web\/"]}]},{"@type":"ImageObject","inLanguage":"en-US","@id":"https:\/\/www.mlc-munich.de\/web\/#primaryimage","url":"https:\/\/www.mlc-munich.de\/web\/wp-content\/uploads\/2023\/12\/mlc_fanshop_2023-Kopie.jpg","contentUrl":"https:\/\/www.mlc-munich.de\/web\/wp-content\/uploads\/2023\/12\/mlc_fanshop_2023-Kopie.jpg"},{"@type":"BreadcrumbList","@id":"https:\/\/www.mlc-munich.de\/web\/#breadcrumb","itemListElement":[{"@type":"ListItem","position":1,"name":"Startseite","item":"https:\/\/www.mlc-munich.de\/web\/"},{"@type":"ListItem","position":2,"name":"HOME"}]},{"@type":"WebSite","@id":"https:\/\/www.mlc-munich.de\/web\/#website","url":"https:\/\/www.mlc-munich.de\/web\/","name":"M\u00fcnchner L\u00f6wen Club e.V.","description":"M\u00fcnchner L\u00f6wen Club e.V.","publisher":{"@id":"https:\/\/www.mlc-munich.de\/web\/#organization"},"potentialAction":[{"@type":"SearchAction","target":{"@type":"EntryPoint","urlTemplate":"https:\/\/www.mlc-munich.de\/web\/?s={search_term_string}"},"query-input":{"@type":"PropertyValueSpecification","valueRequired":true,"valueName":"search_term_string"}}],"inLanguage":"en-US"},{"@type":"Organization","@id":"https:\/\/www.mlc-munich.de\/web\/#organization","name":"M\u00fcnchner L\u00f6wen Club e.V.","url":"https:\/\/www.mlc-munich.de\/web\/","logo":{"@type":"ImageObject","inLanguage":"en-US","@id":"https:\/\/www.mlc-munich.de\/web\/#\/schema\/logo\/image\/","url":"https:\/\/www.mlc-munich.de\/web\/wp-content\/uploads\/2018\/05\/logo_250x95px-Kopie.png","contentUrl":"https:\/\/www.mlc-munich.de\/web\/wp-content\/uploads\/2018\/05\/logo_250x95px-Kopie.png","width":250,"height":95,"caption":"M\u00fcnchner L\u00f6wen Club e.V."},"image":{"@id":"https:\/\/www.mlc-munich.de\/web\/#\/schema\/logo\/image\/"}}]}},"_links":{"self":[{"href":"https:\/\/www.mlc-munich.de\/web\/en\/wp-json\/wp\/v2\/pages\/86","targetHints":{"allow":["GET"]}}],"collection":[{"href":"https:\/\/www.mlc-munich.de\/web\/en\/wp-json\/wp\/v2\/pages"}],"about":[{"href":"https:\/\/www.mlc-munich.de\/web\/en\/wp-json\/wp\/v2\/types\/page"}],"author":[{"embeddable":true,"href":"https:\/\/www.mlc-munich.de\/web\/en\/wp-json\/wp\/v2\/users\/2"}],"replies":[{"embeddable":true,"href":"https:\/\/www.mlc-munich.de\/web\/en\/wp-json\/wp\/v2\/comments?post=86"}],"version-history":[{"count":1295,"href":"https:\/\/www.mlc-munich.de\/web\/en\/wp-json\/wp\/v2\/pages\/86\/revisions"}],"predecessor-version":[{"id":24639,"href":"https:\/\/www.mlc-munich.de\/web\/en\/wp-json\/wp\/v2\/pages\/86\/revisions\/24639"}],"wp:attachment":[{"href":"https:\/\/www.mlc-munich.de\/web\/en\/wp-json\/wp\/v2\/media?parent=86"}],"curies":[{"name":"wp","href":"https:\/\/api.w.org\/{rel}","templated":true}]}}