{"id":11224,"date":"2024-01-25T09:45:56","date_gmt":"2024-01-25T08:45:56","guid":{"rendered":"https:\/\/www.mlc-munich.de\/web\/?page_id=11224"},"modified":"2024-01-25T10:08:15","modified_gmt":"2024-01-25T09:08:15","slug":"muenchner-stuten-ficken","status":"publish","type":"page","link":"https:\/\/www.mlc-munich.de\/web\/partys-events\/muenchner-stuten-ficken\/","title":{"rendered":"M\u00fcnchner Stuten Ficken"},"content":{"rendered":"<h3>Details f\u00fcr die M\u00fcnchner Stuten Ficken Partys:<\/h3>\n<p><img loading=\"lazy\" decoding=\"async\" class=\"wp-image-11227 alignnone\" src=\"https:\/\/www.mlc-munich.de\/web\/wp-content\/uploads\/2024\/01\/stutenF_kopfgrafik_gasmaske-Kopie.png\" alt=\"\" width=\"270\" height=\"288\" \/><\/p>\n<p>Es ist keine Anmeldung n\u00f6tig!<\/p>\n<p><strong>Details zur Location:<\/strong><br \/>\n&#8211; 400 qm Darkroom<br \/>\n&#8211; Fickwiese<br \/>\n&#8211; 20 Slings und Fickbretter<br \/>\n&#8211; Spinde f\u00fcr alle<br \/>\n&#8211; Sp\u00fclm\u00f6glichkeiten<br \/>\n&#8211; Duschen und Handt\u00fccher<br \/>\n&#8211; gro\u00dfe Bar mit g\u00fcnstigen Preisen<br \/>\n&#8211; Raucherbereich<\/p>\n<p><strong>WICHIG:<\/strong><br \/>\nStuten oder Hengste m\u00fcssen sich zum jeweiligen Termin entscheiden, ob sie als Stute oder Hengst teilnehmen wollen. Ein Wechsel von Stute zu Hengst oder umgekehrt w\u00e4hrend der Party ist NICHT m\u00f6glich. Die Stuten bekommen w\u00e4hrend des Stutenfickens die Hengste nicht zu sehen.<\/p>\n<p><strong>REGELN ABLAUF:<\/strong><br \/>\nDie Stuten erhalten von uns einen \u201eSichtschutz\u201c. Durch diesen werden die Stuten \u201eblind\u201c. Mund und Nase sind aber frei. Der Sichtschutz ist farblich codiert.<\/p>\n<p>Wei\u00dfer Sichtschutz = die Stute darf NUR mit Kondom gefickt!<\/p>\n<p>Schwarzer Sichtschutz = die Stute kann Bareback gefickt werden. Die Stuten kann das Ficken mit Kondom ablehnen!<\/p>\n<p>Die Stuten m\u00fcssen sich zur festgesetzten Zeit am Einlass einfinden. Sp\u00e4terer Einlass ist nicht mehr m\u00f6glich. Stuten erscheinen bitte gesp\u00fclt!<\/p>\n<p>Nach dem Einlass gehen die Stuten zur Umkleide und ziehen sich aus (die Stuten m\u00fcssen nackt sein). Cockring oder Harness d\u00fcrfen getragen werden. Schuhe m\u00fcssen aus Sicherheitsgr\u00fcnden getragen werden.<\/p>\n<p>Die Stuten gehen dann umgehend zum &#8222;Spielbereich&#8220;, wo sie sich einen Platz suchen k\u00f6nnen. Die Hengste werden erst NACH den Stuten eingelassen. Die Hengste sollen ansprechend bzw. animierend gekleidet sein, gern in Fetisch Kleidung \ud83d\ude09 Stra\u00dfenkleidung ist nicht zugelassen!<\/p>\n<p>Sobald die Hengste eingelassen werden, beginnt das Besteigen (Ficken) der Stuten. Stuten M\u00dcSSEN sich von JEDEM Hengst besteigen lassen. Stuten d\u00fcrfen keinen Hengst abweisen. Andere Praktiken sind optional und nach R\u00fccksprache und der Stute m\u00f6glich. Bei Schmerz oder sonstigen nicht zu akzeptierenden Praktiken kann eine Stute stoppen oder einen Helfer rufen.<\/p>\n<p><strong>HELFER:<\/strong><br \/>\nDie Helfer sind vor allem f\u00fcr die Stuten da. Wenn eine Stute eine Pause ben\u00f6tigt, zur Toilette muss, was trinken mag, kann ein StutenHelfer gerufen werden. Der Helfer f\u00fchrt die Stute in die Stutenlounge. Dort ist hengstfreie Zone. Nur in der Stutenlounge und auf der Toilette darf der Sichtschutz abgenommen werden!<\/p>\n<p>Es werden Kondome und Gleitgel kostenfrei zur Verf\u00fcgung gestellt.<\/p>\n<p>Die Stuten k\u00f6nnen vom Hengst verlangen, dass er sich von der Stute ein frisches Kondom \u00f6ffnen und auch anlegen l\u00e4sst.<br \/>\nDer Sichtschutz darf den Stuten nicht abgenommen werden.<\/p>\n<p>Blasen zwischen Hengsten \/ Stuten ist erlaubt.<br \/>\nFicken zwischen Hengsten \/ Stuten ist NICHT erlaubt.<\/p>\n<p>Werden diese Regeln nicht beachtet, wird der Teilnehmer von dieser Party ausgeschlossen!<\/p>\n<p>Es ist prim\u00e4r eine FICKPARTY unter besonderen Regeln, die jeder Teilnehmer kennt. Mit seiner Teilnahme erkl\u00e4rt sich der Teilnehmer damit einverstanden und beachtet diese auch.<\/p>\n<p>Das Ende der Stutenfick-Party wird angek\u00fcndigt und durchgesagt.<\/p>\n<p>An dieser Stelle m\u00f6chten wir auf die Risiken beim ungesch\u00fctzten Sex hinweisen. Blasen, ficken, rimmen ohne Kondom bzw. fisten ohne Handschuhe kann die \u00dcbertragung von S\u00dcK (Sexuell \u00fcbertragbare Krankheiten) beg\u00fcnstigen wie etwa HIV, Hepatitis, Hep A, Hep B, Hep C, Lues, Chlamydien Gonorrhoe, HPV etc. <a href=\"https:\/\/www.iwwit.de\/blog\/2018\/05\/safer-sex-3-0-safer-sex-geht-auch-anders\/\" target=\"_blank\" rel=\"noopener\">https:\/\/www.iwwit.de\/blog\/2018\/05\/safer-sex-3-0-safer-sex-geht-auch-anders\/<\/a> &#8211; Checken lassen k\u00f6nnt ihr euch bei der AIDS-Hilfe, im Sub e. V. oder eurem Arzt.<\/p>\n","protected":false},"excerpt":{"rendered":"<p>Details f\u00fcr die M\u00fcnchner Stuten Ficken Partys: Es ist keine Anmeldung n\u00f6tig! Details zur Location: &#8211; 400 qm Darkroom &#8211; Fickwiese &#8211; 20 Slings und Fickbretter &#8211; Spinde f\u00fcr alle &#8211; Sp\u00fclm\u00f6glichkeiten &#8211; Duschen und Handt\u00fccher &#8211; gro\u00dfe Bar mit g\u00fcnstigen Preisen &#8211; Raucherbereich WICHIG: Stuten oder Hengste m\u00fcssen sich zum jeweiligen Termin entscheiden, ob sie als Stute oder Hengst teilnehmen wollen. Ein Wechsel von Stute zu Hengst oder umgekehrt w\u00e4hrend der Party ist NICHT m\u00f6glich. Die Stuten bekommen w\u00e4hrend [&hellip;]<\/p>\n","protected":false},"author":2,"featured_media":0,"parent":161,"menu_order":2000,"comment_status":"closed","ping_status":"closed","template":"","meta":{"footnotes":""},"class_list":["post-11224","page","type-page","status-publish","hentry","post"],"translation":{"provider":"WPGlobus","version":"3.0.2","language":"de","enabled_languages":["de","en"],"languages":{"de":{"title":true,"content":true,"excerpt":false},"en":{"title":false,"content":false,"excerpt":false}}},"yoast_head":"<!-- This site is optimized with the Yoast SEO plugin v27.5 - https:\/\/yoast.com\/product\/yoast-seo-wordpress\/ -->\n<title>M\u00fcnchner Stuten Ficken - MLC M\u00fcnchner L\u00f6wen Club e.V.<\/title>\n<meta name=\"robots\" content=\"index, follow, max-snippet:-1, max-image-preview:large, max-video-preview:-1\" \/>\n<link rel=\"canonical\" href=\"https:\/\/www.mlc-munich.de\/web\/partys-events\/muenchner-stuten-ficken\/\" \/>\n<meta property=\"og:locale\" content=\"de_DE\" \/>\n<meta property=\"og:type\" content=\"article\" \/>\n<meta property=\"og:title\" content=\"Details f\u00fcr die M\u00fcnchner Stuten Fi*** Partys:\" \/>\n<meta property=\"og:description\" content=\"Es ist keine Anmeldung n\u00f6tig!\" \/>\n<meta property=\"og:url\" content=\"https:\/\/www.mlc-munich.de\/web\/partys-events\/muenchner-stuten-ficken\/\" \/>\n<meta property=\"og:site_name\" content=\"MLC M\u00fcnchner L\u00f6wen Club e.V.\" \/>\n<meta property=\"article:modified_time\" content=\"2024-01-25T09:08:15+00:00\" \/>\n<meta property=\"og:image\" content=\"https:\/\/www.mlc-munich.de\/web\/wp-content\/uploads\/2024\/01\/stutenF_kopfgrafik_gasmaske-Kopie.png\" \/>\n\t<meta property=\"og:image:width\" content=\"562\" \/>\n\t<meta property=\"og:image:height\" content=\"598\" \/>\n\t<meta property=\"og:image:type\" content=\"image\/png\" \/>\n<meta name=\"twitter:card\" content=\"summary_large_image\" \/>\n<meta name=\"twitter:title\" content=\"Details f\u00fcr die M\u00fcnchner Stuten Fi*** Partys:\" \/>\n<meta name=\"twitter:description\" content=\"Es ist keine Anmeldung n\u00f6tig!\" \/>\n<meta name=\"twitter:image\" content=\"https:\/\/www.mlc-munich.de\/web\/wp-content\/uploads\/2024\/01\/stutenF_kopfgrafik_gasmaske-Kopie.png\" \/>\n<meta name=\"twitter:label1\" content=\"Gesch\u00e4tzte Lesezeit\" \/>\n\t<meta name=\"twitter:data1\" content=\"3\u00a0Minuten\" \/>\n<script type=\"application\/ld+json\" class=\"yoast-schema-graph\">{\"@context\":\"https:\\\/\\\/schema.org\",\"@graph\":[{\"@type\":\"WebPage\",\"@id\":\"https:\\\/\\\/www.mlc-munich.de\\\/web\\\/partys-events\\\/muenchner-stuten-ficken\\\/\",\"url\":\"https:\\\/\\\/www.mlc-munich.de\\\/web\\\/partys-events\\\/muenchner-stuten-ficken\\\/\",\"name\":\"M\u00fcnchner Stuten Ficken - MLC M\u00fcnchner L\u00f6wen Club e.V.\",\"isPartOf\":{\"@id\":\"https:\\\/\\\/www.mlc-munich.de\\\/web\\\/#website\"},\"primaryImageOfPage\":{\"@id\":\"https:\\\/\\\/www.mlc-munich.de\\\/web\\\/partys-events\\\/muenchner-stuten-ficken\\\/#primaryimage\"},\"image\":{\"@id\":\"https:\\\/\\\/www.mlc-munich.de\\\/web\\\/partys-events\\\/muenchner-stuten-ficken\\\/#primaryimage\"},\"thumbnailUrl\":\"https:\\\/\\\/www.mlc-munich.de\\\/web\\\/wp-content\\\/uploads\\\/2024\\\/01\\\/stutenF_kopfgrafik_gasmaske-Kopie.png\",\"datePublished\":\"2024-01-25T08:45:56+00:00\",\"dateModified\":\"2024-01-25T09:08:15+00:00\",\"breadcrumb\":{\"@id\":\"https:\\\/\\\/www.mlc-munich.de\\\/web\\\/partys-events\\\/muenchner-stuten-ficken\\\/#breadcrumb\"},\"inLanguage\":\"de\",\"potentialAction\":[{\"@type\":\"ReadAction\",\"target\":[\"https:\\\/\\\/www.mlc-munich.de\\\/web\\\/partys-events\\\/muenchner-stuten-ficken\\\/\"]}]},{\"@type\":\"ImageObject\",\"inLanguage\":\"de\",\"@id\":\"https:\\\/\\\/www.mlc-munich.de\\\/web\\\/partys-events\\\/muenchner-stuten-ficken\\\/#primaryimage\",\"url\":\"https:\\\/\\\/www.mlc-munich.de\\\/web\\\/wp-content\\\/uploads\\\/2024\\\/01\\\/stutenF_kopfgrafik_gasmaske-Kopie.png\",\"contentUrl\":\"https:\\\/\\\/www.mlc-munich.de\\\/web\\\/wp-content\\\/uploads\\\/2024\\\/01\\\/stutenF_kopfgrafik_gasmaske-Kopie.png\",\"width\":562,\"height\":598},{\"@type\":\"BreadcrumbList\",\"@id\":\"https:\\\/\\\/www.mlc-munich.de\\\/web\\\/partys-events\\\/muenchner-stuten-ficken\\\/#breadcrumb\",\"itemListElement\":[{\"@type\":\"ListItem\",\"position\":1,\"name\":\"Startseite\",\"item\":\"https:\\\/\\\/www.mlc-munich.de\\\/web\\\/\"},{\"@type\":\"ListItem\",\"position\":2,\"name\":\"Partys &#038; Events\",\"item\":\"https:\\\/\\\/www.mlc-munich.de\\\/web\\\/partys-events\\\/\"},{\"@type\":\"ListItem\",\"position\":3,\"name\":\"M\u00fcnchner Stuten Ficken\"}]},{\"@type\":\"WebSite\",\"@id\":\"https:\\\/\\\/www.mlc-munich.de\\\/web\\\/#website\",\"url\":\"https:\\\/\\\/www.mlc-munich.de\\\/web\\\/\",\"name\":\"MLC M\u00fcnchner L\u00f6wen Club e.V.\",\"description\":\"MLC M\u00fcnchner L\u00f6wen Club e.V.\",\"publisher\":{\"@id\":\"https:\\\/\\\/www.mlc-munich.de\\\/web\\\/#organization\"},\"potentialAction\":[{\"@type\":\"SearchAction\",\"target\":{\"@type\":\"EntryPoint\",\"urlTemplate\":\"https:\\\/\\\/www.mlc-munich.de\\\/web\\\/?s={search_term_string}\"},\"query-input\":{\"@type\":\"PropertyValueSpecification\",\"valueRequired\":true,\"valueName\":\"search_term_string\"}}],\"inLanguage\":\"de\"},{\"@type\":\"Organization\",\"@id\":\"https:\\\/\\\/www.mlc-munich.de\\\/web\\\/#organization\",\"name\":\"MLC M\u00fcnchner L\u00f6wen Club e.V.\",\"url\":\"https:\\\/\\\/www.mlc-munich.de\\\/web\\\/\",\"logo\":{\"@type\":\"ImageObject\",\"inLanguage\":\"de\",\"@id\":\"https:\\\/\\\/www.mlc-munich.de\\\/web\\\/#\\\/schema\\\/logo\\\/image\\\/\",\"url\":\"https:\\\/\\\/www.mlc-munich.de\\\/web\\\/wp-content\\\/uploads\\\/2018\\\/05\\\/logo_250x95px-Kopie.png\",\"contentUrl\":\"https:\\\/\\\/www.mlc-munich.de\\\/web\\\/wp-content\\\/uploads\\\/2018\\\/05\\\/logo_250x95px-Kopie.png\",\"width\":250,\"height\":95,\"caption\":\"MLC M\u00fcnchner L\u00f6wen Club e.V.\"},\"image\":{\"@id\":\"https:\\\/\\\/www.mlc-munich.de\\\/web\\\/#\\\/schema\\\/logo\\\/image\\\/\"}}]}<\/script>\n<!-- \/ Yoast SEO plugin. -->","yoast_head_json":{"title":"M\u00fcnchner Stuten Ficken - MLC M\u00fcnchner L\u00f6wen Club e.V.","robots":{"index":"index","follow":"follow","max-snippet":"max-snippet:-1","max-image-preview":"max-image-preview:large","max-video-preview":"max-video-preview:-1"},"canonical":"https:\/\/www.mlc-munich.de\/web\/partys-events\/muenchner-stuten-ficken\/","og_locale":"de_DE","og_type":"article","og_title":"Details f\u00fcr die M\u00fcnchner Stuten Fi*** Partys:","og_description":"Es ist keine Anmeldung n\u00f6tig!","og_url":"https:\/\/www.mlc-munich.de\/web\/partys-events\/muenchner-stuten-ficken\/","og_site_name":"MLC M\u00fcnchner L\u00f6wen Club e.V.","article_modified_time":"2024-01-25T09:08:15+00:00","og_image":[{"width":562,"height":598,"url":"https:\/\/www.mlc-munich.de\/web\/wp-content\/uploads\/2024\/01\/stutenF_kopfgrafik_gasmaske-Kopie.png","type":"image\/png"}],"twitter_card":"summary_large_image","twitter_title":"Details f\u00fcr die M\u00fcnchner Stuten Fi*** Partys:","twitter_description":"Es ist keine Anmeldung n\u00f6tig!","twitter_image":"https:\/\/www.mlc-munich.de\/web\/wp-content\/uploads\/2024\/01\/stutenF_kopfgrafik_gasmaske-Kopie.png","twitter_misc":{"Gesch\u00e4tzte Lesezeit":"3\u00a0Minuten"},"schema":{"@context":"https:\/\/schema.org","@graph":[{"@type":"WebPage","@id":"https:\/\/www.mlc-munich.de\/web\/partys-events\/muenchner-stuten-ficken\/","url":"https:\/\/www.mlc-munich.de\/web\/partys-events\/muenchner-stuten-ficken\/","name":"M\u00fcnchner Stuten Ficken - MLC M\u00fcnchner L\u00f6wen Club e.V.","isPartOf":{"@id":"https:\/\/www.mlc-munich.de\/web\/#website"},"primaryImageOfPage":{"@id":"https:\/\/www.mlc-munich.de\/web\/partys-events\/muenchner-stuten-ficken\/#primaryimage"},"image":{"@id":"https:\/\/www.mlc-munich.de\/web\/partys-events\/muenchner-stuten-ficken\/#primaryimage"},"thumbnailUrl":"https:\/\/www.mlc-munich.de\/web\/wp-content\/uploads\/2024\/01\/stutenF_kopfgrafik_gasmaske-Kopie.png","datePublished":"2024-01-25T08:45:56+00:00","dateModified":"2024-01-25T09:08:15+00:00","breadcrumb":{"@id":"https:\/\/www.mlc-munich.de\/web\/partys-events\/muenchner-stuten-ficken\/#breadcrumb"},"inLanguage":"de","potentialAction":[{"@type":"ReadAction","target":["https:\/\/www.mlc-munich.de\/web\/partys-events\/muenchner-stuten-ficken\/"]}]},{"@type":"ImageObject","inLanguage":"de","@id":"https:\/\/www.mlc-munich.de\/web\/partys-events\/muenchner-stuten-ficken\/#primaryimage","url":"https:\/\/www.mlc-munich.de\/web\/wp-content\/uploads\/2024\/01\/stutenF_kopfgrafik_gasmaske-Kopie.png","contentUrl":"https:\/\/www.mlc-munich.de\/web\/wp-content\/uploads\/2024\/01\/stutenF_kopfgrafik_gasmaske-Kopie.png","width":562,"height":598},{"@type":"BreadcrumbList","@id":"https:\/\/www.mlc-munich.de\/web\/partys-events\/muenchner-stuten-ficken\/#breadcrumb","itemListElement":[{"@type":"ListItem","position":1,"name":"Startseite","item":"https:\/\/www.mlc-munich.de\/web\/"},{"@type":"ListItem","position":2,"name":"Partys &#038; Events","item":"https:\/\/www.mlc-munich.de\/web\/partys-events\/"},{"@type":"ListItem","position":3,"name":"M\u00fcnchner Stuten Ficken"}]},{"@type":"WebSite","@id":"https:\/\/www.mlc-munich.de\/web\/#website","url":"https:\/\/www.mlc-munich.de\/web\/","name":"MLC M\u00fcnchner L\u00f6wen Club e.V.","description":"MLC M\u00fcnchner L\u00f6wen Club e.V.","publisher":{"@id":"https:\/\/www.mlc-munich.de\/web\/#organization"},"potentialAction":[{"@type":"SearchAction","target":{"@type":"EntryPoint","urlTemplate":"https:\/\/www.mlc-munich.de\/web\/?s={search_term_string}"},"query-input":{"@type":"PropertyValueSpecification","valueRequired":true,"valueName":"search_term_string"}}],"inLanguage":"de"},{"@type":"Organization","@id":"https:\/\/www.mlc-munich.de\/web\/#organization","name":"MLC M\u00fcnchner L\u00f6wen Club e.V.","url":"https:\/\/www.mlc-munich.de\/web\/","logo":{"@type":"ImageObject","inLanguage":"de","@id":"https:\/\/www.mlc-munich.de\/web\/#\/schema\/logo\/image\/","url":"https:\/\/www.mlc-munich.de\/web\/wp-content\/uploads\/2018\/05\/logo_250x95px-Kopie.png","contentUrl":"https:\/\/www.mlc-munich.de\/web\/wp-content\/uploads\/2018\/05\/logo_250x95px-Kopie.png","width":250,"height":95,"caption":"MLC M\u00fcnchner L\u00f6wen Club e.V."},"image":{"@id":"https:\/\/www.mlc-munich.de\/web\/#\/schema\/logo\/image\/"}}]}},"_links":{"self":[{"href":"https:\/\/www.mlc-munich.de\/web\/wp-json\/wp\/v2\/pages\/11224","targetHints":{"allow":["GET"]}}],"collection":[{"href":"https:\/\/www.mlc-munich.de\/web\/wp-json\/wp\/v2\/pages"}],"about":[{"href":"https:\/\/www.mlc-munich.de\/web\/wp-json\/wp\/v2\/types\/page"}],"author":[{"embeddable":true,"href":"https:\/\/www.mlc-munich.de\/web\/wp-json\/wp\/v2\/users\/2"}],"replies":[{"embeddable":true,"href":"https:\/\/www.mlc-munich.de\/web\/wp-json\/wp\/v2\/comments?post=11224"}],"version-history":[{"count":5,"href":"https:\/\/www.mlc-munich.de\/web\/wp-json\/wp\/v2\/pages\/11224\/revisions"}],"predecessor-version":[{"id":11231,"href":"https:\/\/www.mlc-munich.de\/web\/wp-json\/wp\/v2\/pages\/11224\/revisions\/11231"}],"up":[{"embeddable":true,"href":"https:\/\/www.mlc-munich.de\/web\/wp-json\/wp\/v2\/pages\/161"}],"wp:attachment":[{"href":"https:\/\/www.mlc-munich.de\/web\/wp-json\/wp\/v2\/media?parent=11224"}],"curies":[{"name":"wp","href":"https:\/\/api.w.org\/{rel}","templated":true}]}}