{"id":14159,"date":"2024-05-06T12:49:07","date_gmt":"2024-05-06T10:49:07","guid":{"rendered":"https:\/\/www.mlc-munich.de\/web\/?page_id=14159"},"modified":"2024-10-19T12:24:46","modified_gmt":"2024-10-19T10:24:46","slug":"mr-fetish-germany-2024","status":"publish","type":"page","link":"https:\/\/www.mlc-munich.de\/web\/partys-events\/mr-fetish-germany-2024\/","title":{"rendered":"Mr Fetish Germany 2025"},"content":{"rendered":"<p><img loading=\"lazy\" decoding=\"async\" class=\"alignnone wp-image-19165 size-medium\" src=\"https:\/\/www.mlc-munich.de\/web\/wp-content\/uploads\/2024\/10\/signal-2024-10-08-182544_002-427x600.jpeg\" alt=\"\" width=\"427\" height=\"600\" \/><\/p>\n<h2><strong>Programm:<\/strong><\/h2>\n<a href=\"https:\/\/shop.eventjet.at\/mlc\/event-group\/59036af9-815e-49bb-af81-2a1eccac3179\" class=\"su-button su-button-style-noise\" style=\"color:#FFFFFF;background-color:#e2001a;border-color:#b50015;border-radius:77px\" target=\"_blank\" rel=\"noopener noreferrer\"><span style=\"color:#FFFFFF;padding:10px 34px;font-size:25px;line-height:38px;border-color:#eb4d5f;border-radius:77px;text-shadow:none\"><i class=\"sui sui-ticket\" style=\"font-size:25px;color:#FFFFFF\"><\/i> Ticket-Shop<\/span><\/a>\n<p><span style=\"font-size: 18pt; background-color: #ff0000; color: #ffffff;\"><strong>07.11.2024<\/strong><\/span><br \/>\n<span style=\"background-color: #339966; color: #ffffff;\"><strong><span style=\"font-size: 14pt; background-color: #339966;\">LFC Meet &amp; Greet + Vernissage &#8222;Exploded&#8220; von Ulli Richter @ SUB<\/span><\/strong><\/span><\/p>\n<ul>\n<li>19:00 bis 23:00 Uhr im Sub<br \/>\n<a href=\"https:\/\/www.google.com\/maps\/place\/Sub+-+Schwules+Kommunikations-+und+Kulturzentrum+M%C3%BCnchen+e.V.\/@48.1326156,11.570977,17z\/data=!4m14!1m7!3m6!1s0x479ddf5e91f716a1:0xb96b903fe0084c01!2sSub+-+Schwules+Kommunikations-+und+Kulturzentrum+M%C3%BCnchen+e.V.!8m2!3d48.132612!4d11.5735519!16s%2Fg%2F1vc6cckw!3m5!1s0x479ddf5e91f716a1:0xb96b903fe0084c01!8m2!3d48.132612!4d11.5735519!16s%2Fg%2F1vc6cckw?entry=ttu\" target=\"_blank\" rel=\"noopener\">M\u00fcllerstra\u00dfe 14, 80469 M\u00fcnchen<\/a><\/li>\n<li>Begr\u00fc\u00dfung des Vorstands und des K\u00fcnstlers ca. 20:00 Uhr<\/li>\n<li>Eintritt kostenlos \u2013 Keine Anmeldung erforderlich<\/li>\n<li>Getr\u00e4nke auf eigene Rechnung<\/li>\n<li>Dresscode: Keiner \u2013 Fetish welcome (Intimzonen bedeckt)<\/li>\n<li>All Gender<\/li>\n<\/ul>\n<p><span style=\"font-size: 18pt; background-color: #ff0000; color: #ffffff;\"><strong>08.11.2024<\/strong><\/span><\/p>\n<p><span style=\"background-color: #339966; color: #ffffff;\"><strong><span style=\"font-size: 14pt; background-color: #339966;\">Kandidatenvorstellung @ SUB<\/span><\/strong><\/span><\/p>\n<ul>\n<li>19:00 bis 23:00 Uhr im Sub<br \/>\n<a href=\"https:\/\/www.google.com\/maps\/place\/Sub+-+Schwules+Kommunikations-+und+Kulturzentrum+M%C3%BCnchen+e.V.\/@48.1326156,11.570977,17z\/data=!4m14!1m7!3m6!1s0x479ddf5e91f716a1:0xb96b903fe0084c01!2sSub+-+Schwules+Kommunikations-+und+Kulturzentrum+M%C3%BCnchen+e.V.!8m2!3d48.132612!4d11.5735519!16s%2Fg%2F1vc6cckw!3m5!1s0x479ddf5e91f716a1:0xb96b903fe0084c01!8m2!3d48.132612!4d11.5735519!16s%2Fg%2F1vc6cckw?entry=ttu\" target=\"_blank\" rel=\"noopener\">M\u00fcllerstra\u00dfe 14, 80469 M\u00fcnchen<\/a><\/li>\n<li>Vorstellung der Kandidaten zur Wahl des Mr. Fetish Germany 2025 ca. 20:00 Uhr w\u00e4hrend des World Fetish Show Contest<\/li>\n<li>Eintritt kostenlos \u2013 Keine Anmeldung erforderlich<\/li>\n<li>Getr\u00e4nke auf eigene Rechnung<\/li>\n<li>Dresscode: Keiner \u2013 Fetish welcome (Intimzonen bedeckt)<\/li>\n<li>All Gender<\/li>\n<\/ul>\n<p><span style=\"background-color: #339966; color: #ffffff;\"><strong><span style=\"font-size: 14pt; background-color: #339966;\">Sports, Rubber, Neopren &amp; PVC Party @ UnderGround<\/span><\/strong><\/span><\/p>\n<ul>\n<li>21:00 bis 05:00 Uhr im UnderGround<br \/>\n<a href=\"https:\/\/www.google.com\/maps\/place\/MLC+M%C3%BCnchen+-+M%C3%BCnchner+L%C3%B6wen+Club+e.V.+%2F+UnderGround\/@48.095061,11.5116005,17z\/data=!3m1!5s0x479dd9242dc22413:0x518c0294cc47795d!4m15!1m8!3m7!1s0x479dd9242fd6c271:0x3c2fda6dd42397ea!2sMachtlfinger+Str.+29,+81379+M%C3%BCnchen!3b1!8m2!3d48.0950574!4d11.5141754!16s%2Fg%2F11b8v493z1!3m5!1s0x479dd9242cb5e56d:0x6f9e1ae16fa79827!8m2!3d48.0951828!4d11.5148926!16s%2Fg%2F1tmpcxv_?entry=ttu\" target=\"_blank\" rel=\"noopener\">Machtlfinger Stra\u00dfe 29, M\u00fcnchen<\/a><\/li>\n<li>Eintritt Abendkasse: 17 Euro f\u00fcr G\u00e4ste \/ 12 Euro f\u00fcr G\u00e4ste U26 \/ 10 Euro f\u00fcr MLC- und LFC Mitglieder (Mitgliedskarte muss an der Kasse vorgezeigt werden)<\/li>\n<li>Einlass bis 01:00 Uhr<\/li>\n<li>Partyende: 05:00 Uhr<\/li>\n<li>Dresscode: Sports, Rubber, Neoprene &amp; PVC<br \/>\n<a href=\"https:\/\/www.mlc-munich.de\/web\/der-mlc\/dresscode\/\">www.mlc-munich.de\/web\/der-mlc\/dresscode\/<\/a><\/li>\n<li>Men only<\/li>\n<\/ul>\n<p><span style=\"font-size: 18pt; background-color: #ff0000; color: #ffffff;\"><strong>09.11.2024<\/strong><\/span><\/p>\n<p><span style=\"background-color: #339966; color: #ffffff;\"><strong><span style=\"font-size: 14pt; background-color: #339966;\">Rathausf\u00fchrung<\/span><\/strong><\/span><\/p>\n<ul>\n<li>Treffpunkt: 13:00 Uhr am Marienplatz am Fischerbrunnen direkt vor dem Rathaus<\/li>\n<li>Dauer ca. 1,5 Std<\/li>\n<li>Ticket: 17 Euro<\/li>\n<li>Dresscode: Keiner \u2013 Fetish welcome (Intimzonen bedeckt)<\/li>\n<li>All Gender<\/li>\n<\/ul>\n<p><strong style=\"color: #ffffff;\"><span style=\"font-size: 14pt; background-color: #339966;\">Wahlveranstaltung @ Milla<\/span><\/strong><\/p>\n<ul>\n<li>Um 17:00 bis 20:00 Uhr im Milla Club<br \/>\n<a href=\"https:\/\/www.google.de\/maps\/place\/Milla+Club\/@48.1290331,11.5652519,17z\/data=!3m1!4b1!4m6!3m5!1s0x479ddf5c4a49fdd3:0xe69324469105ee51!8m2!3d48.1290295!4d11.5678322!16s%2Fg%2F1hhh_yy1b?entry=ttu&amp;g_ep=EgoyMDI0MTAxNi4wIKXMDSoASAFQAw%3D%3D\" target=\"_blank\" rel=\"noopener\">Milla Club, Holzstr. 28<\/a><\/li>\n<li>Spannende Interviews und B\u00fchnenperformances der Kandidaten mit 2 Wahlg\u00e4ngen<\/li>\n<li>Show von Ladys &amp; the Tramps &#8211; Gewinner des World Fetish Show Contests 2023<\/li>\n<li>Stand des Bootblack Kollektiv S\u00fcddeutschland<\/li>\n<li>Ticket: 14 Euro (beinhaltet Show und Teilnahme an der Wahl)<\/li>\n<li>Dresscode: Keiner \u2013 Fetish welcome (Intimzonen bedeckt)<\/li>\n<li>All Gender<\/li>\n<\/ul>\n<p><span style=\"background-color: #339966; color: #ffffff;\"><strong><span style=\"font-size: 14pt; background-color: #339966;\">Fetish Dinner @ Ludwigs<\/span><\/strong><\/span><\/p>\n<ul>\n<li>Ab 20:30 Uhr im Ludwigs Wirtshaus<br \/>\n<a href=\"https:\/\/www.google.de\/maps\/place\/Ludwig\u2019s+Wirtshaus\/@48.1122117,11.5483379,17z\/data=!3m2!4b1!5s0x479ddf398cbba637:0x419566a27c83e8b3!4m6!3m5!1s0x479ddf4fc20bcc8d:0x8061ede0fb690976!8m2!3d48.1122082!4d11.5532034!16s%2Fg%2F11t634l3h2?entry=ttu&amp;g_ep=EgoyMDI0MTAxNi4wIKXMDSoASAFQAw%3D%3D\" target=\"_blank\" rel=\"noopener\">Ludwigs Wirtshaus, Sch\u00e4ftlarnstra\u00dfe 62\u00a0<\/a><\/li>\n<li>Men\u00fcauswahl:\n<ul>\n<li>K\u00fcrbiscremsuppe mit ger\u00f6steten K\u00fcrbiskerne &amp; Steirischem Kern\u00f6l *** Rosa gebratenes Kalbsfilet auf sautierten Pfifferlinge dazu Kartoffelgratin *** Geeister Kaiserschmarrn<\/li>\n<li>K\u00fcrbiscremsuppe mit ger\u00f6steten K\u00fcrbiskerne &amp; Steirischem Kern\u00f6l *** Hausgemachte Gem\u00fcsepflanzerl auf sautierten Pfifferlingen und Kartoffelgratin *** Geeister Kaiserschmarrn<\/li>\n<\/ul>\n<\/li>\n<li>Ticket: 43 Euro (beinhaltet Men\u00fc, Getr\u00e4nke auf eigene Rechnung)<\/li>\n<li>Dresscode: Keiner \u2013 Fetish welcome (Intimzonen bedeckt)<\/li>\n<li>All Gender<\/li>\n<\/ul>\n<p><span style=\"background-color: #339966; color: #ffffff;\"><strong><span style=\"font-size: 14pt; background-color: #339966;\">Mixed Fetish Party @ UnderGround<\/span><\/strong><\/span><\/p>\n<ul>\n<li>21:00 bis 05:00 Uhr im UnderGround<br \/>\n<a href=\"https:\/\/www.google.com\/maps\/place\/MLC+M%C3%BCnchen+-+M%C3%BCnchner+L%C3%B6wen+Club+e.V.+%2F+UnderGround\/@48.095061,11.5116005,17z\/data=!3m1!5s0x479dd9242dc22413:0x518c0294cc47795d!4m15!1m8!3m7!1s0x479dd9242fd6c271:0x3c2fda6dd42397ea!2sMachtlfinger+Str.+29,+81379+M%C3%BCnchen!3b1!8m2!3d48.0950574!4d11.5141754!16s%2Fg%2F11b8v493z1!3m5!1s0x479dd9242cb5e56d:0x6f9e1ae16fa79827!8m2!3d48.0951828!4d11.5148926!16s%2Fg%2F1tmpcxv_?entry=ttu\" target=\"_blank\" rel=\"noopener\">Machtlfinger Stra\u00dfe 29, M\u00fcnchen<\/a><\/li>\n<li>Eintritt Abendkasse: 17 Euro f\u00fcr G\u00e4ste \/ 12 Euro f\u00fcr G\u00e4ste U26 \/ 10 Euro f\u00fcr MLC- und LFC Mitglieder (Mitgliedskarte muss an der Kasse vorgezeigt werden)<\/li>\n<li>Einlass bis 01:00 Uhr<\/li>\n<li>Partyende: 05:00 Uhr<\/li>\n<li>Dresscode: Allgemeiner MLC-Dresscode<br \/>\n<a href=\"https:\/\/www.mlc-munich.de\/web\/der-mlc\/dresscode\/\">www.mlc-munich.de\/web\/der-mlc\/dresscode\/<\/a><\/li>\n<li>Men only<\/li>\n<\/ul>\n<p><span style=\"font-size: 18pt; background-color: #ff0000; color: #ffffff;\"><strong>10.11.2024<\/strong><\/span><br \/>\n<span style=\"background-color: #339966; color: #ffffff;\"><strong><span style=\"font-size: 14pt; background-color: #339966;\">LFC Brunch @ Deutsche Eiche<\/span><\/strong><\/span><\/p>\n<ul>\n<li>Ab 11:00 Uhr auf der Dachterrasse der Deutschen Eiche<br \/>\n<a href=\"https:\/\/www.google.de\/maps\/place\/Hotel+Deutsche+Eiche\/@48.1327531,11.5738246,17z\/data=!3m1!4b1!4m9!3m8!1s0x479ddf604bbc61b9:0x561139d84fbc3f6d!5m2!4m1!1i2!8m2!3d48.1327495!4d11.5764049!16s%2Fg%2F122_gf2_?entry=ttu&amp;g_ep=EgoyMDI0MTAxNi4wIKXMDSoASAFQAw%3D%3D\" target=\"_blank\" rel=\"noopener\">Deutschen Eiche, Reichenbachstra\u00dfe 13<\/a><\/li>\n<li>Brotzeit: XXL-Brotzeitbrettl, Wei\u00dfwurst mit Breze und Bayrisch Creme als Dessert<\/li>\n<li>Ticket: 32 Euro (beinhaltet Brotzeit, Kaffee, Tee, S\u00e4fte und Wasser)<\/li>\n<li>Dresscode: Keiner \u2013 Fetish welcome (Intimzonen bedeckt)<\/li>\n<li>All Gender<\/li>\n<\/ul>\n<p>&nbsp;<\/p>\n<p>Mitglieder der LFC-Clubs erhalten 15%Rabatt &#8211; Die entsprechenden Rabattcodes wurden an die jeweiligen Vorst\u00e4nde verteilt.<\/p>\n","protected":false},"excerpt":{"rendered":"<p>Programm: 07.11.2024 LFC Meet &amp; Greet + Vernissage &#8222;Exploded&#8220; von Ulli Richter @ SUB 19:00 bis 23:00 Uhr im Sub M\u00fcllerstra\u00dfe 14, 80469 M\u00fcnchen Begr\u00fc\u00dfung des Vorstands und des K\u00fcnstlers ca. 20:00 Uhr Eintritt kostenlos \u2013 Keine Anmeldung erforderlich Getr\u00e4nke auf eigene Rechnung Dresscode: Keiner \u2013 Fetish welcome (Intimzonen bedeckt) All Gender 08.11.2024 Kandidatenvorstellung @ SUB 19:00 bis 23:00 Uhr im Sub M\u00fcllerstra\u00dfe 14, 80469 M\u00fcnchen Vorstellung der Kandidaten zur Wahl des Mr. Fetish Germany 2025 ca. 20:00 Uhr w\u00e4hrend [&hellip;]<\/p>\n","protected":false},"author":2,"featured_media":0,"parent":161,"menu_order":0,"comment_status":"closed","ping_status":"closed","template":"","meta":{"footnotes":""},"class_list":["post-14159","page","type-page","status-publish","hentry","post"],"translation":{"provider":"WPGlobus","version":"3.0.2","language":"de","enabled_languages":["de","en"],"languages":{"de":{"title":true,"content":true,"excerpt":false},"en":{"title":false,"content":true,"excerpt":false}}},"yoast_head":"<!-- This site is optimized with the Yoast SEO plugin v27.4 - https:\/\/yoast.com\/product\/yoast-seo-wordpress\/ -->\n<title>Mr Fetish Germany 2025 - MLC M\u00fcnchner L\u00f6wen Club e.V.<\/title>\n<meta name=\"robots\" content=\"index, follow, max-snippet:-1, max-image-preview:large, max-video-preview:-1\" \/>\n<link rel=\"canonical\" href=\"https:\/\/www.mlc-munich.de\/web\/partys-events\/mr-fetish-germany-2024\/\" \/>\n<meta property=\"og:locale\" content=\"de_DE\" \/>\n<meta property=\"og:type\" content=\"article\" \/>\n<meta property=\"og:title\" content=\"Mr Fetish Germany 2025 - MLC M\u00fcnchner L\u00f6wen Club e.V.\" \/>\n<meta property=\"og:url\" content=\"https:\/\/www.mlc-munich.de\/web\/partys-events\/mr-fetish-germany-2024\/\" \/>\n<meta property=\"og:site_name\" content=\"MLC M\u00fcnchner L\u00f6wen Club e.V.\" \/>\n<meta property=\"article:modified_time\" content=\"2024-10-19T10:24:46+00:00\" \/>\n<meta property=\"og:image\" content=\"https:\/\/www.mlc-munich.de\/web\/wp-content\/uploads\/2019\/03\/cropped-logo_mlc_munich.jpg\" \/>\n\t<meta property=\"og:image:width\" content=\"512\" \/>\n\t<meta property=\"og:image:height\" content=\"512\" \/>\n\t<meta property=\"og:image:type\" content=\"image\/jpeg\" \/>\n<meta name=\"twitter:card\" content=\"summary_large_image\" \/>\n<meta name=\"twitter:label1\" content=\"Gesch\u00e4tzte Lesezeit\" \/>\n\t<meta name=\"twitter:data1\" content=\"3\u00a0Minuten\" \/>\n<script type=\"application\/ld+json\" class=\"yoast-schema-graph\">{\"@context\":\"https:\\\/\\\/schema.org\",\"@graph\":[{\"@type\":\"WebPage\",\"@id\":\"https:\\\/\\\/www.mlc-munich.de\\\/web\\\/partys-events\\\/mr-fetish-germany-2024\\\/\",\"url\":\"https:\\\/\\\/www.mlc-munich.de\\\/web\\\/partys-events\\\/mr-fetish-germany-2024\\\/\",\"name\":\"Mr Fetish Germany 2025 - MLC M\u00fcnchner L\u00f6wen Club e.V.\",\"isPartOf\":{\"@id\":\"https:\\\/\\\/www.mlc-munich.de\\\/web\\\/#website\"},\"primaryImageOfPage\":{\"@id\":\"https:\\\/\\\/www.mlc-munich.de\\\/web\\\/partys-events\\\/mr-fetish-germany-2024\\\/#primaryimage\"},\"image\":{\"@id\":\"https:\\\/\\\/www.mlc-munich.de\\\/web\\\/partys-events\\\/mr-fetish-germany-2024\\\/#primaryimage\"},\"thumbnailUrl\":\"https:\\\/\\\/www.mlc-munich.de\\\/web\\\/wp-content\\\/uploads\\\/2024\\\/10\\\/signal-2024-10-08-182544_002-427x600.jpeg\",\"datePublished\":\"2024-05-06T10:49:07+00:00\",\"dateModified\":\"2024-10-19T10:24:46+00:00\",\"breadcrumb\":{\"@id\":\"https:\\\/\\\/www.mlc-munich.de\\\/web\\\/partys-events\\\/mr-fetish-germany-2024\\\/#breadcrumb\"},\"inLanguage\":\"de\",\"potentialAction\":[{\"@type\":\"ReadAction\",\"target\":[\"https:\\\/\\\/www.mlc-munich.de\\\/web\\\/partys-events\\\/mr-fetish-germany-2024\\\/\"]}]},{\"@type\":\"ImageObject\",\"inLanguage\":\"de\",\"@id\":\"https:\\\/\\\/www.mlc-munich.de\\\/web\\\/partys-events\\\/mr-fetish-germany-2024\\\/#primaryimage\",\"url\":\"\",\"contentUrl\":\"\"},{\"@type\":\"BreadcrumbList\",\"@id\":\"https:\\\/\\\/www.mlc-munich.de\\\/web\\\/partys-events\\\/mr-fetish-germany-2024\\\/#breadcrumb\",\"itemListElement\":[{\"@type\":\"ListItem\",\"position\":1,\"name\":\"Startseite\",\"item\":\"https:\\\/\\\/www.mlc-munich.de\\\/web\\\/\"},{\"@type\":\"ListItem\",\"position\":2,\"name\":\"Partys &#038; Events\",\"item\":\"https:\\\/\\\/www.mlc-munich.de\\\/web\\\/partys-events\\\/\"},{\"@type\":\"ListItem\",\"position\":3,\"name\":\"Mr Fetish Germany 2025\"}]},{\"@type\":\"WebSite\",\"@id\":\"https:\\\/\\\/www.mlc-munich.de\\\/web\\\/#website\",\"url\":\"https:\\\/\\\/www.mlc-munich.de\\\/web\\\/\",\"name\":\"MLC M\u00fcnchner L\u00f6wen Club e.V.\",\"description\":\"MLC M\u00fcnchner L\u00f6wen Club e.V.\",\"publisher\":{\"@id\":\"https:\\\/\\\/www.mlc-munich.de\\\/web\\\/#organization\"},\"potentialAction\":[{\"@type\":\"SearchAction\",\"target\":{\"@type\":\"EntryPoint\",\"urlTemplate\":\"https:\\\/\\\/www.mlc-munich.de\\\/web\\\/?s={search_term_string}\"},\"query-input\":{\"@type\":\"PropertyValueSpecification\",\"valueRequired\":true,\"valueName\":\"search_term_string\"}}],\"inLanguage\":\"de\"},{\"@type\":\"Organization\",\"@id\":\"https:\\\/\\\/www.mlc-munich.de\\\/web\\\/#organization\",\"name\":\"MLC M\u00fcnchner L\u00f6wen Club e.V.\",\"url\":\"https:\\\/\\\/www.mlc-munich.de\\\/web\\\/\",\"logo\":{\"@type\":\"ImageObject\",\"inLanguage\":\"de\",\"@id\":\"https:\\\/\\\/www.mlc-munich.de\\\/web\\\/#\\\/schema\\\/logo\\\/image\\\/\",\"url\":\"https:\\\/\\\/www.mlc-munich.de\\\/web\\\/wp-content\\\/uploads\\\/2018\\\/05\\\/logo_250x95px-Kopie.png\",\"contentUrl\":\"https:\\\/\\\/www.mlc-munich.de\\\/web\\\/wp-content\\\/uploads\\\/2018\\\/05\\\/logo_250x95px-Kopie.png\",\"width\":250,\"height\":95,\"caption\":\"MLC M\u00fcnchner L\u00f6wen Club e.V.\"},\"image\":{\"@id\":\"https:\\\/\\\/www.mlc-munich.de\\\/web\\\/#\\\/schema\\\/logo\\\/image\\\/\"}}]}<\/script>\n<!-- \/ Yoast SEO plugin. -->","yoast_head_json":{"title":"Mr Fetish Germany 2025 - MLC M\u00fcnchner L\u00f6wen Club e.V.","robots":{"index":"index","follow":"follow","max-snippet":"max-snippet:-1","max-image-preview":"max-image-preview:large","max-video-preview":"max-video-preview:-1"},"canonical":"https:\/\/www.mlc-munich.de\/web\/partys-events\/mr-fetish-germany-2024\/","og_locale":"de_DE","og_type":"article","og_title":"Mr Fetish Germany 2025 - MLC M\u00fcnchner L\u00f6wen Club e.V.","og_url":"https:\/\/www.mlc-munich.de\/web\/partys-events\/mr-fetish-germany-2024\/","og_site_name":"MLC M\u00fcnchner L\u00f6wen Club e.V.","article_modified_time":"2024-10-19T10:24:46+00:00","og_image":[{"width":512,"height":512,"url":"https:\/\/www.mlc-munich.de\/web\/wp-content\/uploads\/2019\/03\/cropped-logo_mlc_munich.jpg","type":"image\/jpeg"}],"twitter_card":"summary_large_image","twitter_misc":{"Gesch\u00e4tzte Lesezeit":"3\u00a0Minuten"},"schema":{"@context":"https:\/\/schema.org","@graph":[{"@type":"WebPage","@id":"https:\/\/www.mlc-munich.de\/web\/partys-events\/mr-fetish-germany-2024\/","url":"https:\/\/www.mlc-munich.de\/web\/partys-events\/mr-fetish-germany-2024\/","name":"Mr Fetish Germany 2025 - MLC M\u00fcnchner L\u00f6wen Club e.V.","isPartOf":{"@id":"https:\/\/www.mlc-munich.de\/web\/#website"},"primaryImageOfPage":{"@id":"https:\/\/www.mlc-munich.de\/web\/partys-events\/mr-fetish-germany-2024\/#primaryimage"},"image":{"@id":"https:\/\/www.mlc-munich.de\/web\/partys-events\/mr-fetish-germany-2024\/#primaryimage"},"thumbnailUrl":"https:\/\/www.mlc-munich.de\/web\/wp-content\/uploads\/2024\/10\/signal-2024-10-08-182544_002-427x600.jpeg","datePublished":"2024-05-06T10:49:07+00:00","dateModified":"2024-10-19T10:24:46+00:00","breadcrumb":{"@id":"https:\/\/www.mlc-munich.de\/web\/partys-events\/mr-fetish-germany-2024\/#breadcrumb"},"inLanguage":"de","potentialAction":[{"@type":"ReadAction","target":["https:\/\/www.mlc-munich.de\/web\/partys-events\/mr-fetish-germany-2024\/"]}]},{"@type":"ImageObject","inLanguage":"de","@id":"https:\/\/www.mlc-munich.de\/web\/partys-events\/mr-fetish-germany-2024\/#primaryimage","url":"","contentUrl":""},{"@type":"BreadcrumbList","@id":"https:\/\/www.mlc-munich.de\/web\/partys-events\/mr-fetish-germany-2024\/#breadcrumb","itemListElement":[{"@type":"ListItem","position":1,"name":"Startseite","item":"https:\/\/www.mlc-munich.de\/web\/"},{"@type":"ListItem","position":2,"name":"Partys &#038; Events","item":"https:\/\/www.mlc-munich.de\/web\/partys-events\/"},{"@type":"ListItem","position":3,"name":"Mr Fetish Germany 2025"}]},{"@type":"WebSite","@id":"https:\/\/www.mlc-munich.de\/web\/#website","url":"https:\/\/www.mlc-munich.de\/web\/","name":"MLC M\u00fcnchner L\u00f6wen Club e.V.","description":"MLC M\u00fcnchner L\u00f6wen Club e.V.","publisher":{"@id":"https:\/\/www.mlc-munich.de\/web\/#organization"},"potentialAction":[{"@type":"SearchAction","target":{"@type":"EntryPoint","urlTemplate":"https:\/\/www.mlc-munich.de\/web\/?s={search_term_string}"},"query-input":{"@type":"PropertyValueSpecification","valueRequired":true,"valueName":"search_term_string"}}],"inLanguage":"de"},{"@type":"Organization","@id":"https:\/\/www.mlc-munich.de\/web\/#organization","name":"MLC M\u00fcnchner L\u00f6wen Club e.V.","url":"https:\/\/www.mlc-munich.de\/web\/","logo":{"@type":"ImageObject","inLanguage":"de","@id":"https:\/\/www.mlc-munich.de\/web\/#\/schema\/logo\/image\/","url":"https:\/\/www.mlc-munich.de\/web\/wp-content\/uploads\/2018\/05\/logo_250x95px-Kopie.png","contentUrl":"https:\/\/www.mlc-munich.de\/web\/wp-content\/uploads\/2018\/05\/logo_250x95px-Kopie.png","width":250,"height":95,"caption":"MLC M\u00fcnchner L\u00f6wen Club e.V."},"image":{"@id":"https:\/\/www.mlc-munich.de\/web\/#\/schema\/logo\/image\/"}}]}},"_links":{"self":[{"href":"https:\/\/www.mlc-munich.de\/web\/wp-json\/wp\/v2\/pages\/14159","targetHints":{"allow":["GET"]}}],"collection":[{"href":"https:\/\/www.mlc-munich.de\/web\/wp-json\/wp\/v2\/pages"}],"about":[{"href":"https:\/\/www.mlc-munich.de\/web\/wp-json\/wp\/v2\/types\/page"}],"author":[{"embeddable":true,"href":"https:\/\/www.mlc-munich.de\/web\/wp-json\/wp\/v2\/users\/2"}],"replies":[{"embeddable":true,"href":"https:\/\/www.mlc-munich.de\/web\/wp-json\/wp\/v2\/comments?post=14159"}],"version-history":[{"count":29,"href":"https:\/\/www.mlc-munich.de\/web\/wp-json\/wp\/v2\/pages\/14159\/revisions"}],"predecessor-version":[{"id":19632,"href":"https:\/\/www.mlc-munich.de\/web\/wp-json\/wp\/v2\/pages\/14159\/revisions\/19632"}],"up":[{"embeddable":true,"href":"https:\/\/www.mlc-munich.de\/web\/wp-json\/wp\/v2\/pages\/161"}],"wp:attachment":[{"href":"https:\/\/www.mlc-munich.de\/web\/wp-json\/wp\/v2\/media?parent=14159"}],"curies":[{"name":"wp","href":"https:\/\/api.w.org\/{rel}","templated":true}]}}