{"id":26512,"date":"2026-05-03T13:14:13","date_gmt":"2026-05-03T11:14:13","guid":{"rendered":"https:\/\/www.mlc-munich.de\/web\/?page_id=26512"},"modified":"2026-05-03T13:22:37","modified_gmt":"2026-05-03T11:22:37","slug":"crowdfunding-underground-iv","status":"publish","type":"page","link":"https:\/\/www.mlc-munich.de\/web\/crowdfunding-underground-iv\/","title":{"rendered":"Crowdfunding UnderGround IV"},"content":{"rendered":"<div id=\"pl-26512\"  class=\"panel-layout\" ><div id=\"pg-26512-0\"  class=\"panel-grid panel-no-style\" ><div id=\"pgc-26512-0-0\"  class=\"panel-grid-cell\" ><div id=\"panel-26512-0-0-0\" class=\"so-panel widget widget_text panel-first-child panel-last-child\" data-index=\"0\" >\t\t\t<div class=\"textwidget\"><p>Das UnderGround, die Location des M\u00fcnchner L\u00f6wen Club, steht vor einem gro\u00dfen Umzug \u2013 und wir brauchen eure Unterst\u00fctzung!<\/p>\n<p>Die neue Location soll das werden, was das UnderGround immer war: ein sicherer Ort f\u00fcr Begegnung, Spiel und Leidenschaft \u2013 f\u00fcr Fetischkultur und gegenseitigen Respekt.<br \/>\nIn Zeiten, in denen queere Safe Spaces verschwinden, wollen wir in M\u00fcnchen langfristig einen Ort bewahren, an dem Vielfalt sichtbar bleibt und unsere Fetisch-Community zusammenkommt.<\/p>\n<p>Jede Spende hilft dabei, das neue UnderGround aufzubauen und einzurichten. Mach mit und unterst\u00fctze unser Crowdfunding \u2013 DANKE!<\/p>\n<\/div>\n\t\t<\/div><\/div><div id=\"pgc-26512-0-1\"  class=\"panel-grid-cell\" ><div id=\"panel-26512-0-1-0\" class=\"so-panel widget widget_media_image panel-first-child\" data-index=\"1\" ><img loading=\"lazy\" decoding=\"async\" width=\"600\" height=\"345\" src=\"https:\/\/www.mlc-munich.de\/web\/wp-content\/uploads\/2026\/05\/CharityImage4_transparent_-600x345.png\" class=\"image wp-image-26513  attachment-medium size-medium\" alt=\"\" style=\"max-width: 100%; height: auto;\" srcset=\"https:\/\/www.mlc-munich.de\/web\/wp-content\/uploads\/2026\/05\/CharityImage4_transparent_-600x345.png 600w, https:\/\/www.mlc-munich.de\/web\/wp-content\/uploads\/2026\/05\/CharityImage4_transparent_-2000x1148.png 2000w, https:\/\/www.mlc-munich.de\/web\/wp-content\/uploads\/2026\/05\/CharityImage4_transparent_-768x441.png 768w, https:\/\/www.mlc-munich.de\/web\/wp-content\/uploads\/2026\/05\/CharityImage4_transparent_-1536x882.png 1536w, https:\/\/www.mlc-munich.de\/web\/wp-content\/uploads\/2026\/05\/CharityImage4_transparent_-2048x1176.png 2048w\" sizes=\"auto, (max-width: 600px) 100vw, 600px\" \/><\/div><div id=\"panel-26512-0-1-1\" class=\"so-panel widget widget_text panel-last-child\" data-index=\"2\" >\t\t\t<div class=\"textwidget\"><p align=\"right\">Illustration: James Newland<\/p>\n<\/div>\n\t\t<\/div><\/div><\/div><\/div>","protected":false},"excerpt":{"rendered":"<p>Das UnderGround, die Location des M\u00fcnchner L\u00f6wen Club, steht vor einem gro\u00dfen Umzug \u2013 und wir brauchen eure Unterst\u00fctzung! Die neue Location soll das werden, was das UnderGround immer war: ein sicherer Ort f\u00fcr Begegnung, Spiel und Leidenschaft \u2013 f\u00fcr Fetischkultur und gegenseitigen Respekt. In Zeiten, in denen queere Safe Spaces verschwinden, wollen wir in M\u00fcnchen langfristig einen Ort bewahren, an dem Vielfalt sichtbar bleibt und unsere Fetisch-Community zusammenkommt. Jede Spende hilft dabei, das neue UnderGround aufzubauen und einzurichten. Mach [&hellip;]<\/p>\n","protected":false},"author":13,"featured_media":0,"parent":0,"menu_order":0,"comment_status":"closed","ping_status":"closed","template":"","meta":{"footnotes":""},"class_list":["post-26512","page","type-page","status-publish","hentry","post"],"translation":{"provider":"WPGlobus","version":"3.0.2","language":"de","enabled_languages":["de","en"],"languages":{"de":{"title":true,"content":true,"excerpt":false},"en":{"title":false,"content":false,"excerpt":false}}},"yoast_head":"<!-- This site is optimized with the Yoast SEO plugin v27.5 - https:\/\/yoast.com\/product\/yoast-seo-wordpress\/ -->\n<title>Crowdfunding UnderGround IV - MLC M\u00fcnchner L\u00f6wen Club e.V.<\/title>\n<meta name=\"robots\" content=\"index, follow, max-snippet:-1, max-image-preview:large, max-video-preview:-1\" \/>\n<link rel=\"canonical\" href=\"https:\/\/www.mlc-munich.de\/web\/crowdfunding-underground-iv\/\" \/>\n<meta property=\"og:locale\" content=\"de_DE\" \/>\n<meta property=\"og:type\" content=\"article\" \/>\n<meta property=\"og:title\" content=\"Crowdfunding UnderGround IV - MLC M\u00fcnchner L\u00f6wen Club e.V.\" \/>\n<meta property=\"og:url\" content=\"https:\/\/www.mlc-munich.de\/web\/crowdfunding-underground-iv\/\" \/>\n<meta property=\"og:site_name\" content=\"MLC M\u00fcnchner L\u00f6wen Club e.V.\" \/>\n<meta property=\"article:modified_time\" content=\"2026-05-03T11:22:37+00:00\" \/>\n<meta property=\"og:image\" content=\"https:\/\/www.mlc-munich.de\/web\/wp-content\/uploads\/2019\/03\/cropped-logo_mlc_munich.jpg\" \/>\n\t<meta property=\"og:image:width\" content=\"512\" \/>\n\t<meta property=\"og:image:height\" content=\"512\" \/>\n\t<meta property=\"og:image:type\" content=\"image\/jpeg\" \/>\n<meta name=\"twitter:card\" content=\"summary_large_image\" \/>\n<meta name=\"twitter:label1\" content=\"Gesch\u00e4tzte Lesezeit\" \/>\n\t<meta name=\"twitter:data1\" content=\"1\u00a0Minute\" \/>\n<script type=\"application\/ld+json\" class=\"yoast-schema-graph\">{\"@context\":\"https:\\\/\\\/schema.org\",\"@graph\":[{\"@type\":\"WebPage\",\"@id\":\"https:\\\/\\\/www.mlc-munich.de\\\/web\\\/crowdfunding-underground-iv\\\/\",\"url\":\"https:\\\/\\\/www.mlc-munich.de\\\/web\\\/crowdfunding-underground-iv\\\/\",\"name\":\"Crowdfunding UnderGround IV - MLC M\u00fcnchner L\u00f6wen Club e.V.\",\"isPartOf\":{\"@id\":\"https:\\\/\\\/www.mlc-munich.de\\\/web\\\/#website\"},\"datePublished\":\"2026-05-03T11:14:13+00:00\",\"dateModified\":\"2026-05-03T11:22:37+00:00\",\"breadcrumb\":{\"@id\":\"https:\\\/\\\/www.mlc-munich.de\\\/web\\\/crowdfunding-underground-iv\\\/#breadcrumb\"},\"inLanguage\":\"de\",\"potentialAction\":[{\"@type\":\"ReadAction\",\"target\":[\"https:\\\/\\\/www.mlc-munich.de\\\/web\\\/crowdfunding-underground-iv\\\/\"]}]},{\"@type\":\"BreadcrumbList\",\"@id\":\"https:\\\/\\\/www.mlc-munich.de\\\/web\\\/crowdfunding-underground-iv\\\/#breadcrumb\",\"itemListElement\":[{\"@type\":\"ListItem\",\"position\":1,\"name\":\"Startseite\",\"item\":\"https:\\\/\\\/www.mlc-munich.de\\\/web\\\/\"},{\"@type\":\"ListItem\",\"position\":2,\"name\":\"Crowdfunding UnderGround IV\"}]},{\"@type\":\"WebSite\",\"@id\":\"https:\\\/\\\/www.mlc-munich.de\\\/web\\\/#website\",\"url\":\"https:\\\/\\\/www.mlc-munich.de\\\/web\\\/\",\"name\":\"MLC M\u00fcnchner L\u00f6wen Club e.V.\",\"description\":\"MLC M\u00fcnchner L\u00f6wen Club e.V.\",\"publisher\":{\"@id\":\"https:\\\/\\\/www.mlc-munich.de\\\/web\\\/#organization\"},\"potentialAction\":[{\"@type\":\"SearchAction\",\"target\":{\"@type\":\"EntryPoint\",\"urlTemplate\":\"https:\\\/\\\/www.mlc-munich.de\\\/web\\\/?s={search_term_string}\"},\"query-input\":{\"@type\":\"PropertyValueSpecification\",\"valueRequired\":true,\"valueName\":\"search_term_string\"}}],\"inLanguage\":\"de\"},{\"@type\":\"Organization\",\"@id\":\"https:\\\/\\\/www.mlc-munich.de\\\/web\\\/#organization\",\"name\":\"MLC M\u00fcnchner L\u00f6wen Club e.V.\",\"url\":\"https:\\\/\\\/www.mlc-munich.de\\\/web\\\/\",\"logo\":{\"@type\":\"ImageObject\",\"inLanguage\":\"de\",\"@id\":\"https:\\\/\\\/www.mlc-munich.de\\\/web\\\/#\\\/schema\\\/logo\\\/image\\\/\",\"url\":\"https:\\\/\\\/www.mlc-munich.de\\\/web\\\/wp-content\\\/uploads\\\/2018\\\/05\\\/logo_250x95px-Kopie.png\",\"contentUrl\":\"https:\\\/\\\/www.mlc-munich.de\\\/web\\\/wp-content\\\/uploads\\\/2018\\\/05\\\/logo_250x95px-Kopie.png\",\"width\":250,\"height\":95,\"caption\":\"MLC M\u00fcnchner L\u00f6wen Club e.V.\"},\"image\":{\"@id\":\"https:\\\/\\\/www.mlc-munich.de\\\/web\\\/#\\\/schema\\\/logo\\\/image\\\/\"}}]}<\/script>\n<!-- \/ Yoast SEO plugin. -->","yoast_head_json":{"title":"Crowdfunding UnderGround IV - MLC M\u00fcnchner L\u00f6wen Club e.V.","robots":{"index":"index","follow":"follow","max-snippet":"max-snippet:-1","max-image-preview":"max-image-preview:large","max-video-preview":"max-video-preview:-1"},"canonical":"https:\/\/www.mlc-munich.de\/web\/crowdfunding-underground-iv\/","og_locale":"de_DE","og_type":"article","og_title":"Crowdfunding UnderGround IV - MLC M\u00fcnchner L\u00f6wen Club e.V.","og_url":"https:\/\/www.mlc-munich.de\/web\/crowdfunding-underground-iv\/","og_site_name":"MLC M\u00fcnchner L\u00f6wen Club e.V.","article_modified_time":"2026-05-03T11:22:37+00:00","og_image":[{"width":512,"height":512,"url":"https:\/\/www.mlc-munich.de\/web\/wp-content\/uploads\/2019\/03\/cropped-logo_mlc_munich.jpg","type":"image\/jpeg"}],"twitter_card":"summary_large_image","twitter_misc":{"Gesch\u00e4tzte Lesezeit":"1\u00a0Minute"},"schema":{"@context":"https:\/\/schema.org","@graph":[{"@type":"WebPage","@id":"https:\/\/www.mlc-munich.de\/web\/crowdfunding-underground-iv\/","url":"https:\/\/www.mlc-munich.de\/web\/crowdfunding-underground-iv\/","name":"Crowdfunding UnderGround IV - MLC M\u00fcnchner L\u00f6wen Club e.V.","isPartOf":{"@id":"https:\/\/www.mlc-munich.de\/web\/#website"},"datePublished":"2026-05-03T11:14:13+00:00","dateModified":"2026-05-03T11:22:37+00:00","breadcrumb":{"@id":"https:\/\/www.mlc-munich.de\/web\/crowdfunding-underground-iv\/#breadcrumb"},"inLanguage":"de","potentialAction":[{"@type":"ReadAction","target":["https:\/\/www.mlc-munich.de\/web\/crowdfunding-underground-iv\/"]}]},{"@type":"BreadcrumbList","@id":"https:\/\/www.mlc-munich.de\/web\/crowdfunding-underground-iv\/#breadcrumb","itemListElement":[{"@type":"ListItem","position":1,"name":"Startseite","item":"https:\/\/www.mlc-munich.de\/web\/"},{"@type":"ListItem","position":2,"name":"Crowdfunding UnderGround IV"}]},{"@type":"WebSite","@id":"https:\/\/www.mlc-munich.de\/web\/#website","url":"https:\/\/www.mlc-munich.de\/web\/","name":"MLC M\u00fcnchner L\u00f6wen Club e.V.","description":"MLC M\u00fcnchner L\u00f6wen Club e.V.","publisher":{"@id":"https:\/\/www.mlc-munich.de\/web\/#organization"},"potentialAction":[{"@type":"SearchAction","target":{"@type":"EntryPoint","urlTemplate":"https:\/\/www.mlc-munich.de\/web\/?s={search_term_string}"},"query-input":{"@type":"PropertyValueSpecification","valueRequired":true,"valueName":"search_term_string"}}],"inLanguage":"de"},{"@type":"Organization","@id":"https:\/\/www.mlc-munich.de\/web\/#organization","name":"MLC M\u00fcnchner L\u00f6wen Club e.V.","url":"https:\/\/www.mlc-munich.de\/web\/","logo":{"@type":"ImageObject","inLanguage":"de","@id":"https:\/\/www.mlc-munich.de\/web\/#\/schema\/logo\/image\/","url":"https:\/\/www.mlc-munich.de\/web\/wp-content\/uploads\/2018\/05\/logo_250x95px-Kopie.png","contentUrl":"https:\/\/www.mlc-munich.de\/web\/wp-content\/uploads\/2018\/05\/logo_250x95px-Kopie.png","width":250,"height":95,"caption":"MLC M\u00fcnchner L\u00f6wen Club e.V."},"image":{"@id":"https:\/\/www.mlc-munich.de\/web\/#\/schema\/logo\/image\/"}}]}},"_links":{"self":[{"href":"https:\/\/www.mlc-munich.de\/web\/wp-json\/wp\/v2\/pages\/26512","targetHints":{"allow":["GET"]}}],"collection":[{"href":"https:\/\/www.mlc-munich.de\/web\/wp-json\/wp\/v2\/pages"}],"about":[{"href":"https:\/\/www.mlc-munich.de\/web\/wp-json\/wp\/v2\/types\/page"}],"author":[{"embeddable":true,"href":"https:\/\/www.mlc-munich.de\/web\/wp-json\/wp\/v2\/users\/13"}],"replies":[{"embeddable":true,"href":"https:\/\/www.mlc-munich.de\/web\/wp-json\/wp\/v2\/comments?post=26512"}],"version-history":[{"count":4,"href":"https:\/\/www.mlc-munich.de\/web\/wp-json\/wp\/v2\/pages\/26512\/revisions"}],"predecessor-version":[{"id":26519,"href":"https:\/\/www.mlc-munich.de\/web\/wp-json\/wp\/v2\/pages\/26512\/revisions\/26519"}],"wp:attachment":[{"href":"https:\/\/www.mlc-munich.de\/web\/wp-json\/wp\/v2\/media?parent=26512"}],"curies":[{"name":"wp","href":"https:\/\/api.w.org\/{rel}","templated":true}]}}