{"id":323,"date":"2018-04-30T11:23:49","date_gmt":"2018-04-30T09:23:49","guid":{"rendered":"https:\/\/www.mlc-munich.de\/web\/?page_id=323"},"modified":"2026-02-24T21:07:03","modified_gmt":"2026-02-24T20:07:03","slug":"community","status":"publish","type":"page","link":"https:\/\/www.mlc-munich.de\/web\/community\/","title":{"rendered":"Community"},"content":{"rendered":"<p>Sch\u00e4tzungen gehen davon aus, dass rd. 5 % der M\u00e4nner schwul sind. Auch wenn diese Zahl klein erscheint, so bilden wir doch eine gro\u00dfe und bunte Gruppe in unserer Stadt. Pr\u00e4gendes Element unserer schwulen Community ist ein verbindendes Zusammengeh\u00f6rigkeitsgef\u00fchl innerhalb unserer Gruppe.<\/p>\n<p>Partner, befreundete Clubs, die Szene in M\u00fcnchen oder das Internetportal Gay Romeo sind wichtige Bestandteile der &#8222;gay community&#8220;, auf die wir mit unseren Links besonders hinweisen wollen.<\/p>\n<p><span style=\"color: #000000;\"><div class=\"su-box su-box-style-default\" id=\"\" style=\"border-color:#000000;border-radius:3px;max-width:none\"><div class=\"su-box-title\" style=\"background-color:#333333;color:#FFFFFF;border-top-left-radius:1px;border-top-right-radius:1px\">PlanetRomeo<\/div><div class=\"su-box-content su-u-clearfix su-u-trim\" style=\"border-bottom-left-radius:1px;border-bottom-right-radius:1px\"><\/span><\/p>\n<p><span style=\"color: #000000;\">Der MLC unterh\u00e4lt auf der Internetplattform Planet Romeo einen Club:<\/span><\/p>\n<p><span style=\"color: #000000;\">Munich-UnderGround<\/span><\/p>\n<p><span style=\"color: #000000;\">Der Club wird von einem\u00a0 MLC Mitglied betreut.<\/span><\/p>\n<p><span style=\"color: #000000;\">\u00dcber den Club \u201eMunich-UnderGround&#8220;, der im Moment \u00fcber 1.800 Mitglieder hat, werden Informationen \u00fcber Partys im UnderGround und sonstig Wissenswertes zeitnah versendet.<\/span><\/p>\n<p><span style=\"color: #000000;\">Um das Angebot des Planet Romeo Clubs zu nutzen, musst Du Dich &#8211; falls noch nicht geschehen &#8211; nat\u00fcrlich zun\u00e4chst bei Planet Romeo anmelden. Dann gehst Du auf den Club und beantragst die Mitgliedschaft. Der Clubadministrator wird Dich dann freischalten.<\/span><\/p>\n<p><span style=\"color: #000000;\"><\/div><\/div><\/span><\/p>\n<p><span style=\"color: #000000;\"><div class=\"su-box su-box-style-default\" id=\"\" style=\"border-color:#000000;border-radius:3px;max-width:none\"><div class=\"su-box-title\" style=\"background-color:#333333;color:#FFFFFF;border-top-left-radius:1px;border-top-right-radius:1px\">Partner<\/div><div class=\"su-box-content su-u-clearfix su-u-trim\" style=\"border-bottom-left-radius:1px;border-bottom-right-radius:1px\"><\/span><\/p>\n<ul>\n<li><span style=\"color: #000000;\"><a style=\"color: #000000; text-decoration: underline;\" href=\"http:\/\/www.lfc-online.de\" target=\"_blank\" rel=\"noopener noreferrer\">Leder- und Fetisch Community<\/a><\/span><\/li>\n<li><span style=\"color: #000000;\"><a style=\"color: #000000;\" href=\"https:\/\/ecmc.eu\" target=\"_blank\" rel=\"noopener\">ECMC<\/a><\/span><\/li>\n<li><span style=\"color: #000000;\"><a style=\"color: #000000; text-decoration: underline;\" href=\"http:\/\/www.muenchner-aidshilfe.de\" target=\"_blank\" rel=\"noopener noreferrer\">M\u00fcAH M\u00fcnchner Aids-Hilfe<\/a><\/span><\/li>\n<li><span style=\"color: #000000;\"><a style=\"color: #000000; text-decoration: underline;\" href=\"http:\/\/www.sag-muenchen.de\/\" target=\"_blank\" rel=\"noopener noreferrer\">SAG &#8211; Safety Aktionsgruppe M\u00fcnchen<\/a><\/span><\/li>\n<li><a href=\"https:\/\/www.queerer-rosenmontagsball-muenchen.de\/\" target=\"_blank\" rel=\"noopener\"><span style=\"color: #000000;\">Queerer Rosenmontagsball<\/span><\/a><\/li>\n<\/ul>\n<p><span style=\"color: #000000;\"><\/div><\/div><\/span><\/p>\n<p><span style=\"color: #000000;\"><div class=\"su-box su-box-style-default\" id=\"\" style=\"border-color:#000000;border-radius:3px;max-width:none\"><div class=\"su-box-title\" style=\"background-color:#333333;color:#FFFFFF;border-top-left-radius:1px;border-top-right-radius:1px\">befreundete Clubs<\/div><div class=\"su-box-content su-u-clearfix su-u-trim\" style=\"border-bottom-left-radius:1px;border-bottom-right-radius:1px\"><\/span><\/p>\n<h4><span style=\"color: #000000;\">National:<\/span><\/h4>\n<p><span style=\"color: #000000;\"><!--\n \t\n\n<li><a href=\"http:\/\/www.lc-wuerzburg.de\" _mce_href=\"http:\/\/www.lc-wuerzburg.de\">Leder\nClub W\u00fcrzburg e.V.<\/a><\/li>\n\n\n--><\/span><\/p>\n<ul>\n<li><span style=\"color: #000000;\"><a style=\"color: #000000; text-decoration: underline;\" href=\"http:\/\/www.blf.de\" target=\"_blank\" rel=\"noopener noreferrer\">Berlin Leder und Fetisch e.V. (BLF)<\/a><\/span><\/li>\n<li><span style=\"color: #000000;\"><a style=\"color: #000000; text-decoration: underline;\" href=\"http:\/\/www.bogberlin.de\" target=\"_blank\" rel=\"noopener noreferrer\">Biker ohne Grenzen e.V (BOG)<\/a><\/span><\/li>\n<li><span style=\"color: #000000;\"><a style=\"color: #000000; text-decoration: underline;\" href=\"http:\/\/www.flc-frankfurt.de\" target=\"_blank\" rel=\"noopener noreferrer\">Frankfurter Leder Club e.V. (FLC)<\/a><\/span><\/li>\n<li><span style=\"color: #000000;\"><a style=\"color: #000000; text-decoration: underline;\" href=\"http:\/\/www.lederclub-dresden.de\" target=\"_blank\" rel=\"noopener noreferrer\">Lederclub Dresden e.V.<\/a><\/span><\/li>\n<li><span style=\"color: #000000;\"><a style=\"color: #000000; text-decoration: underline;\" href=\"https:\/\/www.m-s-c-hamburg.de\" target=\"_blank\" rel=\"noopener noreferrer\">MSC Hamburg e.V.<\/a><\/span><\/li>\n<li><span style=\"color: #000000;\"><a style=\"color: #000000; text-decoration: underline;\" href=\"http:\/\/lmduesseldorf.andyvolz.de\" target=\"_blank\" rel=\"noopener noreferrer\">Leathermen D\u00fcsseldorf e.V.<\/a><\/span><\/li>\n<li><span style=\"color: #000000;\"><a style=\"color: #000000; text-decoration: underline;\" href=\"http:\/\/www.lcnw.de\" target=\"_blank\" rel=\"noopener noreferrer\">Leder-Club Nord-West e.V. Bremen (LCNW)<\/a><\/span><\/li>\n<li><span style=\"color: #000000;\"><a style=\"color: #000000; text-decoration: underline;\" href=\"http:\/\/www.rheinfetisch.de\/\" target=\"_blank\" rel=\"noopener noreferrer\">Rheinfetisch e.V.<\/a><\/span><\/li>\n<li><span style=\"color: #000000;\"><a style=\"color: #000000; text-decoration: underline;\" href=\"http:\/\/www.lugman.de\" target=\"_blank\" rel=\"noopener noreferrer\">LUG MANnheim e.V.<\/a><\/span><\/li>\n<li><span style=\"color: #000000;\"><a style=\"color: #000000; text-decoration: underline;\" href=\"http:\/\/www.leguan-hannover.de\" target=\"_blank\" rel=\"noopener noreferrer\">Leguan Hannover \u2013 Leder und Fetisch e.V<\/a><\/span><\/li>\n<li><span style=\"color: #000000;\"><a style=\"color: #000000; text-decoration: underline;\" href=\"http:\/\/www.nlc-nuernberg.de\" target=\"_blank\" rel=\"noopener noreferrer\">N\u00fcrnberger Lederclub e.V. (NLC)<\/a><\/span><\/li>\n<li><span style=\"color: #000000;\"><a style=\"color: #000000; text-decoration: underline;\" href=\"http:\/\/www.lc-stuttgart.de\" target=\"_blank\" rel=\"noopener noreferrer\">Lederclub Stuttgart e.V. (LC Stuttgart)<\/a><\/span><\/li>\n<li><span style=\"color: #000000;\"><a style=\"color: #000000; text-decoration: underline;\" href=\"http:\/\/www.quaelgeist-berlin.de\" target=\"_blank\" rel=\"noopener noreferrer\">Qu\u00e4lgeist Berlin e.V.<\/a><\/span><\/li>\n<li><span style=\"color: #000000;\"><a style=\"color: #000000; text-decoration: underline;\" href=\"http:\/\/www.tlc-erfurt.de\" target=\"_blank\" rel=\"noopener noreferrer\">Th\u00fcringer Leder Club Erfurt e.V. (TLC) <\/a><\/span><\/li>\n<li><span style=\"color: #000000;\"><a style=\"color: #000000; text-decoration: underline;\" href=\"http:\/\/www.gocmuenchen.de\" target=\"_blank\" rel=\"noopener noreferrer\">Gay Outdoor Club M\u00fcnchen e.V. (GOC) <\/a><\/span><\/li>\n<li><span style=\"color: #000000;\"><a style=\"color: #000000; text-decoration: underline;\" href=\"http:\/\/www.stuttgarter-baeren.de\/\" target=\"_blank\" rel=\"noopener noreferrer\">Stuttgarter B\u00e4ren<\/a><\/span><\/li>\n<li><span style=\"color: #000000;\"><a style=\"color: #000000; text-decoration: underline;\" href=\"https:\/\/www.boese-buben-berlin.de\" target=\"_blank\" rel=\"noopener noreferrer\">B\u00f6se Buben e.V. Berlin<\/a><\/span><\/li>\n<\/ul>\n<h4><span style=\"color: #000000;\">International<\/span><\/h4>\n<ul>\n<li><span style=\"color: #000000;\"><a style=\"color: #000000; text-decoration: underline;\" href=\"http:\/\/www.mens-club-aarhus.dk\" target=\"_blank\" rel=\"noopener noreferrer\">SLM \u00c5rhus \u2013 Mens Club <\/a><\/span><\/li>\n<li><span style=\"color: #000000;\"><a style=\"color: #000000; text-decoration: underline;\" href=\"http:\/\/www.slmstockholm.se\" target=\"_blank\" rel=\"noopener noreferrer\">SLM Stockholm<\/a><\/span><\/li>\n<li><span style=\"color: #000000;\"><a style=\"color: #000000; text-decoration: underline;\" href=\"http:\/\/www.slmgbg.nu\" target=\"_blank\" rel=\"noopener noreferrer\">SLM G\u00f6teborg<\/a><\/span><\/li>\n<li><span style=\"color: #000000;\"><a style=\"color: #000000; text-decoration: underline;\" href=\"http:\/\/www.slmmalmo.se\" target=\"_blank\" rel=\"noopener noreferrer\">SLM Malm\u00f6<\/a><\/span><\/li>\n<li><span style=\"color: #000000;\"><a style=\"color: #000000; text-decoration: underline;\" href=\"http:\/\/www.mscfin.fi\" target=\"_blank\" rel=\"noopener noreferrer\">MSC Finland \u2013 Tom\u2019s Club<\/a><\/span><\/li>\n<li><span style=\"color: #000000;\"><a style=\"color: #000000; text-decoration: underline;\" href=\"http:\/\/www.slm-oslo.no\" target=\"_blank\" rel=\"noopener noreferrer\">SLM Oslo<\/a><\/span><\/li>\n<li><span style=\"color: #000000;\"><a style=\"color: #000000; text-decoration: underline;\" href=\"http:\/\/www.essexleather.co.uk\" target=\"_blank\" rel=\"noopener noreferrer\">Essex Leather MSC<\/a><\/span><\/li>\n<li><span style=\"color: #000000;\"><a style=\"color: #000000; text-decoration: underline;\" href=\"http:\/\/www.lmc-vienna.at\" target=\"_blank\" rel=\"noopener noreferrer\">LMC Vienna<\/a><a style=\"color: #000000; text-decoration: underline;\" href=\"http:\/\/www.lmz.ch\" target=\"_blank\" rel=\"noopener noreferrer\">\u00a0<\/a><\/span><\/li>\n<li><span style=\"color: #000000;\"><a style=\"color: #000000; text-decoration: underline;\" href=\"http:\/\/www.lcroma.com\" target=\"_blank\" rel=\"noopener noreferrer\">Leather Club Roma (LCR)<\/a><\/span><\/li>\n<li><span style=\"color: #000000;\"><a style=\"color: #000000; text-decoration: underline;\" href=\"https:\/\/www.evidence-fetiche.fr\" target=\"_blank\" rel=\"noopener noreferrer\">EVIDENCE<\/a><\/span><\/li>\n<li><span style=\"color: #000000;\"><a style=\"color: #000000; text-decoration: underline;\" href=\"https:\/\/www.facebook.com\/spanishlfc\" target=\"_blank\" rel=\"noopener noreferrer\">SLFC Spanien<\/a><\/span><\/li>\n<li><span style=\"color: #000000;\"><a style=\"color: #000000;\" href=\"https:\/\/www.ilbs.es\/\" target=\"_blank\" rel=\"noopener\">ILBS (International Leather and Boots Spain)<\/a><\/span><\/li>\n<\/ul>\n<p><span style=\"color: #000000;\"><\/div><\/div><\/span><\/p>\n<p><span style=\"color: #000000;\"><div class=\"su-box su-box-style-default\" id=\"\" style=\"border-color:#000000;border-radius:3px;max-width:none\"><div class=\"su-box-title\" style=\"background-color:#333333;color:#FFFFFF;border-top-left-radius:1px;border-top-right-radius:1px\">Szene M\u00fcnchen<\/div><div class=\"su-box-content su-u-clearfix su-u-trim\" style=\"border-bottom-left-radius:1px;border-bottom-right-radius:1px\"><\/span><\/p>\n<h4><span style=\"color: #000000;\">Andere M\u00fcnchner Clubs und Vereine<\/span><\/h4>\n<ul>\n<li><span style=\"color: #000000;\"><a style=\"color: #000000; text-decoration: underline;\" href=\"http:\/\/www.munichbears.de\" target=\"_blank\" rel=\"noopener noreferrer\">Munich Bears<\/a><\/span><\/li>\n<li><span style=\"color: #000000;\"><a style=\"color: #000000; text-decoration: underline;\" href=\"http:\/\/www.isarbiker.de\/\" target=\"_blank\" rel=\"noopener noreferrer\">IsarBiker<\/a><\/span><\/li>\n<\/ul>\n<h4><span style=\"color: #000000;\">Shops:<\/span><\/h4>\n<ul>\n<li><span style=\"color: #000000;\">Black Jump &#8211; Mailorder<\/span><\/li>\n<li><span style=\"color: #000000;\"><a style=\"color: #000000; text-decoration: underline;\" href=\"http:\/\/www.cutglass.de\" target=\"_blank\" rel=\"noopener noreferrer\">Cutlass Piercing<\/a>&#8211; M\u00fcllerstra\u00dfe 54<\/span><\/li>\n<li><span style=\"color: #000000;\"><a style=\"color: #000000; text-decoration: underline;\" href=\"http:\/\/www.toy-versand.de\" target=\"_blank\" rel=\"noopener noreferrer\">Diburnium<\/a> &#8211; Thalkirchner Stra\u00dfe 5<\/span><\/li>\n<li><span style=\"color: #000000;\"><a style=\"color: #000000; text-decoration: underline;\" href=\"http:\/\/www.spexter.com\" target=\"_blank\" rel=\"noopener noreferrer\">SpeXter<\/a> &#8211; M\u00fcllerstra\u00dfe 54<\/span><\/li>\n<li><span style=\"color: #000000;\"><span style=\"text-decoration: underline;\"><a style=\"color: #000000; text-decoration: underline;\" href=\"http:\/\/www.parus-leder.de\/de\/\" target=\"_blank\" rel=\"noopener noreferrer\">Parus Store<\/a><\/span> &#8211; Augsburgerstra\u00dfe 19<\/span><\/li>\n<\/ul>\n<h4><span style=\"color: #000000;\">Bars, Restaurants:<\/span><\/h4>\n<ul>\n<li><span style=\"color: #000000;\"><a style=\"color: #000000; text-decoration: underline;\" href=\"http:\/\/www.subonline.org\" target=\"_blank\" rel=\"noopener noreferrer\">SUB &#8211; schwules Kommunikations- und Kulturzentrum M\u00fcnchen e.V.<\/a> &#8211; M\u00fcllerstra\u00dfe\u00a014<\/span><\/li>\n<li><span style=\"color: #000000;\"><span style=\"text-decoration: underline;\"><a style=\"color: #000000; text-decoration: underline;\" href=\"https:\/\/www.camp-munich.com\/\" target=\"_blank\" rel=\"noopener noreferrer\">CAMP<\/a><\/span> &#8211;\u00a0Reisingerstra\u00dfe 15<\/span><\/li>\n<li><span style=\"color: #000000;\"><span style=\"text-decoration: underline;\"><a style=\"color: #000000; text-decoration: underline;\" href=\"https:\/\/www.deutsche-eiche.de\/\" target=\"_blank\" rel=\"noopener noreferrer\">Deutsche Eiche<\/a><\/span> (Hotel,Restaurant und Sauna) &#8211; Reichenbachstra\u00dfe 13<\/span><\/li>\n<li><span style=\"color: #000000;\"><span style=\"text-decoration: underline;\"><a style=\"color: #000000; text-decoration: underline;\" href=\"http:\/\/www.edelheiss.de\/\">Edelheiss<\/a><\/span> &#8211; Pestalozzistra\u00dfe 6<\/span><\/li>\n<li><span style=\"color: #000000;\"><span style=\"text-decoration: underline;\"><a style=\"color: #000000; text-decoration: underline;\" href=\"http:\/\/www.ochsengarten.de\/\" target=\"_blank\" rel=\"noopener noreferrer\">Ochsengarten<\/a><\/span> &#8211; M\u00fcllerstra\u00dfe 47<\/span><\/li>\n<li><span style=\"color: #000000;\"><span style=\"text-decoration: underline;\"><a style=\"color: #000000; text-decoration: underline;\" href=\"http:\/\/www.oberangertheater.com\/\" target=\"_blank\" rel=\"noopener noreferrer\">Oberanger-Theater<\/a><\/span> &#8211; Oberanger 38<\/span><\/li>\n<li><span style=\"color: #000000;\"><span style=\"text-decoration: underline;\"><a style=\"color: #000000; text-decoration: underline;\" href=\"http:\/\/www.bar-zur-feuerwache.de\/\" target=\"_blank\" rel=\"noopener noreferrer\">Zur Feuerwache<\/a><\/span> &#8211; Blumenstra\u00dfe 21a<\/span><\/li>\n<li><span style=\"color: #000000;\">Drei Gl\u00f6cklein &#8211; Hans-Sachs-Stra\u00dfe 8<\/span><\/li>\n<\/ul>\n<h4><span style=\"color: #000000;\">Sonstige:<\/span><\/h4>\n<ul>\n<li><span style=\"color: #000000;\">Adler Apotheke &#8211; Sendlinger Stra\u00dfe 13<\/span><\/li>\n<li><span style=\"color: #000000;\"><a style=\"color: #000000; text-decoration: underline;\" href=\"http:\/\/www.alakara.de\" target=\"_blank\" rel=\"noopener noreferrer\">Alakra Reiseb\u00fcro<\/a> &#8211; Hans-Sachs-Stra\u00dfe 22<\/span><\/li>\n<li><span style=\"color: #000000;\">Connys Blumen &#8211; Johann-Clanze-Stra\u00dfe 27<\/span><\/li>\n<li><span style=\"color: #000000;\"><a style=\"color: #000000; text-decoration: underline;\" href=\"http:\/\/www.bs-elektro.de\" target=\"_blank\" rel=\"noopener noreferrer\">BS Elektroanlagen<\/a> &#8211; Ludwigstra\u00dfe 27, Hallbergmoos<\/span><\/li>\n<li><span style=\"color: #000000;\"><a style=\"color: #000000; text-decoration: underline;\" href=\"http:\/\/www.abart-d-sign.de\" target=\"_blank\" rel=\"noopener noreferrer\">ABart d-sign Werbeagentur<\/a> &amp; <a style=\"color: #000000; text-decoration: underline;\" href=\"http:\/\/www.gay-design.de\" target=\"_blank\" rel=\"noopener noreferrer\">Gay-Desing Werbeagentur<\/a><\/span><\/li>\n<li><span style=\"color: #000000;\"><a style=\"color: #000000; text-decoration: underline;\" href=\"http:\/\/www.kinkinprint.com\" target=\"_blank\" rel=\"noopener noreferrer\">Ulli Richter Photography<\/a><\/span><\/li>\n<li><span style=\"color: #000000;\"><a style=\"color: #000000; text-decoration: underline;\" href=\"http:\/\/www.deike.de\" target=\"_blank\" rel=\"noopener noreferrer\">Lars Deike Photography<\/a><\/span><\/li>\n<li><span style=\"color: #000000;\"><a style=\"color: #000000; text-decoration: underline;\" href=\"http:\/\/www.optik-vogel.de\/\" target=\"_blank\" rel=\"noopener noreferrer\">Optik Vogel<\/a> &#8211; Sonnenstra\u00dfe 32<\/span><\/li>\n<li><span style=\"color: #000000;\"><a style=\"color: #000000; text-decoration: underline;\" href=\"http:\/\/www.gaytrotter.de\/\" target=\"_blank\" rel=\"noopener noreferrer\">Gaytrotter &#8211; schwule Gruppenreisen und Gay Singlereisen<\/a><\/span><\/li>\n<li><span style=\"color: #000000;\"><a style=\"color: #000000; text-decoration: underline;\" href=\"http:\/\/www.sebas-fashion.de\" target=\"_blank\" rel=\"noopener noreferrer\">SEBAs Fashion<\/a> &#8211; Angertorstra\u00dfe 7<\/span><\/li>\n<li><span style=\"color: #000000;\"><a style=\"color: #000000;\" href=\"https:\/\/gay-maspalomas.com\" target=\"_blank\" rel=\"noopener\">GayMaspalomas &#8211; Dein Reiseb\u00fcro\u00a0<\/a><\/span><\/li>\n<\/ul>\n<p><span style=\"color: #000000;\"><\/div><\/div><\/span><\/p>\n","protected":false},"excerpt":{"rendered":"<p>Sch\u00e4tzungen gehen davon aus, dass rd. 5 % der M\u00e4nner schwul sind. Auch wenn diese Zahl klein erscheint, so bilden wir doch eine gro\u00dfe und bunte Gruppe in unserer Stadt. Pr\u00e4gendes Element unserer schwulen Community ist ein verbindendes Zusammengeh\u00f6rigkeitsgef\u00fchl innerhalb unserer Gruppe. Partner, befreundete Clubs, die Szene in M\u00fcnchen oder das Internetportal Gay Romeo sind wichtige Bestandteile der &#8222;gay community&#8220;, auf die wir mit unseren Links besonders hinweisen wollen.<\/p>\n","protected":false},"author":2,"featured_media":0,"parent":0,"menu_order":50,"comment_status":"closed","ping_status":"closed","template":"","meta":{"footnotes":""},"class_list":["post-323","page","type-page","status-publish","hentry","post"],"translation":{"provider":"WPGlobus","version":"3.0.2","language":"de","enabled_languages":["de","en"],"languages":{"de":{"title":true,"content":true,"excerpt":false},"en":{"title":true,"content":true,"excerpt":false}}},"yoast_head":"<!-- This site is optimized with the Yoast SEO plugin v27.3 - https:\/\/yoast.com\/product\/yoast-seo-wordpress\/ -->\n<title>Community - MLC M\u00fcnchner L\u00f6wen Club e.V.<\/title>\n<meta name=\"robots\" content=\"index, follow, max-snippet:-1, max-image-preview:large, max-video-preview:-1\" \/>\n<link rel=\"canonical\" href=\"https:\/\/www.mlc-munich.de\/web\/community\/\" \/>\n<meta property=\"og:locale\" content=\"de_DE\" \/>\n<meta property=\"og:type\" content=\"article\" \/>\n<meta property=\"og:title\" content=\"Community - MLC M\u00fcnchner L\u00f6wen Club e.V.\" \/>\n<meta property=\"og:url\" content=\"https:\/\/www.mlc-munich.de\/web\/community\/\" \/>\n<meta property=\"og:site_name\" content=\"MLC M\u00fcnchner L\u00f6wen Club e.V.\" \/>\n<meta property=\"article:modified_time\" content=\"2026-02-24T20:07:03+00:00\" \/>\n<meta property=\"og:image\" content=\"https:\/\/www.mlc-munich.de\/web\/wp-content\/uploads\/2019\/03\/cropped-logo_mlc_munich.jpg\" \/>\n\t<meta property=\"og:image:width\" content=\"512\" \/>\n\t<meta property=\"og:image:height\" content=\"512\" \/>\n\t<meta property=\"og:image:type\" content=\"image\/jpeg\" \/>\n<meta name=\"twitter:card\" content=\"summary_large_image\" \/>\n<meta name=\"twitter:label1\" content=\"Gesch\u00e4tzte Lesezeit\" \/>\n\t<meta name=\"twitter:data1\" content=\"3\u00a0Minuten\" \/>\n<script type=\"application\/ld+json\" class=\"yoast-schema-graph\">{\"@context\":\"https:\\\/\\\/schema.org\",\"@graph\":[{\"@type\":\"WebPage\",\"@id\":\"https:\\\/\\\/www.mlc-munich.de\\\/web\\\/community\\\/\",\"url\":\"https:\\\/\\\/www.mlc-munich.de\\\/web\\\/community\\\/\",\"name\":\"Community - MLC M\u00fcnchner L\u00f6wen Club e.V.\",\"isPartOf\":{\"@id\":\"https:\\\/\\\/www.mlc-munich.de\\\/web\\\/#website\"},\"datePublished\":\"2018-04-30T09:23:49+00:00\",\"dateModified\":\"2026-02-24T20:07:03+00:00\",\"breadcrumb\":{\"@id\":\"https:\\\/\\\/www.mlc-munich.de\\\/web\\\/community\\\/#breadcrumb\"},\"inLanguage\":\"de\",\"potentialAction\":[{\"@type\":\"ReadAction\",\"target\":[\"https:\\\/\\\/www.mlc-munich.de\\\/web\\\/community\\\/\"]}]},{\"@type\":\"BreadcrumbList\",\"@id\":\"https:\\\/\\\/www.mlc-munich.de\\\/web\\\/community\\\/#breadcrumb\",\"itemListElement\":[{\"@type\":\"ListItem\",\"position\":1,\"name\":\"Startseite\",\"item\":\"https:\\\/\\\/www.mlc-munich.de\\\/web\\\/\"},{\"@type\":\"ListItem\",\"position\":2,\"name\":\"Community\"}]},{\"@type\":\"WebSite\",\"@id\":\"https:\\\/\\\/www.mlc-munich.de\\\/web\\\/#website\",\"url\":\"https:\\\/\\\/www.mlc-munich.de\\\/web\\\/\",\"name\":\"MLC M\u00fcnchner L\u00f6wen Club e.V.\",\"description\":\"MLC M\u00fcnchner L\u00f6wen Club e.V.\",\"publisher\":{\"@id\":\"https:\\\/\\\/www.mlc-munich.de\\\/web\\\/#organization\"},\"potentialAction\":[{\"@type\":\"SearchAction\",\"target\":{\"@type\":\"EntryPoint\",\"urlTemplate\":\"https:\\\/\\\/www.mlc-munich.de\\\/web\\\/?s={search_term_string}\"},\"query-input\":{\"@type\":\"PropertyValueSpecification\",\"valueRequired\":true,\"valueName\":\"search_term_string\"}}],\"inLanguage\":\"de\"},{\"@type\":\"Organization\",\"@id\":\"https:\\\/\\\/www.mlc-munich.de\\\/web\\\/#organization\",\"name\":\"MLC M\u00fcnchner L\u00f6wen Club e.V.\",\"url\":\"https:\\\/\\\/www.mlc-munich.de\\\/web\\\/\",\"logo\":{\"@type\":\"ImageObject\",\"inLanguage\":\"de\",\"@id\":\"https:\\\/\\\/www.mlc-munich.de\\\/web\\\/#\\\/schema\\\/logo\\\/image\\\/\",\"url\":\"https:\\\/\\\/www.mlc-munich.de\\\/web\\\/wp-content\\\/uploads\\\/2018\\\/05\\\/logo_250x95px-Kopie.png\",\"contentUrl\":\"https:\\\/\\\/www.mlc-munich.de\\\/web\\\/wp-content\\\/uploads\\\/2018\\\/05\\\/logo_250x95px-Kopie.png\",\"width\":250,\"height\":95,\"caption\":\"MLC M\u00fcnchner L\u00f6wen Club e.V.\"},\"image\":{\"@id\":\"https:\\\/\\\/www.mlc-munich.de\\\/web\\\/#\\\/schema\\\/logo\\\/image\\\/\"}}]}<\/script>\n<!-- \/ Yoast SEO plugin. -->","yoast_head_json":{"title":"Community - MLC M\u00fcnchner L\u00f6wen Club e.V.","robots":{"index":"index","follow":"follow","max-snippet":"max-snippet:-1","max-image-preview":"max-image-preview:large","max-video-preview":"max-video-preview:-1"},"canonical":"https:\/\/www.mlc-munich.de\/web\/community\/","og_locale":"de_DE","og_type":"article","og_title":"Community - MLC M\u00fcnchner L\u00f6wen Club e.V.","og_url":"https:\/\/www.mlc-munich.de\/web\/community\/","og_site_name":"MLC M\u00fcnchner L\u00f6wen Club e.V.","article_modified_time":"2026-02-24T20:07:03+00:00","og_image":[{"width":512,"height":512,"url":"https:\/\/www.mlc-munich.de\/web\/wp-content\/uploads\/2019\/03\/cropped-logo_mlc_munich.jpg","type":"image\/jpeg"}],"twitter_card":"summary_large_image","twitter_misc":{"Gesch\u00e4tzte Lesezeit":"3\u00a0Minuten"},"schema":{"@context":"https:\/\/schema.org","@graph":[{"@type":"WebPage","@id":"https:\/\/www.mlc-munich.de\/web\/community\/","url":"https:\/\/www.mlc-munich.de\/web\/community\/","name":"Community - MLC M\u00fcnchner L\u00f6wen Club e.V.","isPartOf":{"@id":"https:\/\/www.mlc-munich.de\/web\/#website"},"datePublished":"2018-04-30T09:23:49+00:00","dateModified":"2026-02-24T20:07:03+00:00","breadcrumb":{"@id":"https:\/\/www.mlc-munich.de\/web\/community\/#breadcrumb"},"inLanguage":"de","potentialAction":[{"@type":"ReadAction","target":["https:\/\/www.mlc-munich.de\/web\/community\/"]}]},{"@type":"BreadcrumbList","@id":"https:\/\/www.mlc-munich.de\/web\/community\/#breadcrumb","itemListElement":[{"@type":"ListItem","position":1,"name":"Startseite","item":"https:\/\/www.mlc-munich.de\/web\/"},{"@type":"ListItem","position":2,"name":"Community"}]},{"@type":"WebSite","@id":"https:\/\/www.mlc-munich.de\/web\/#website","url":"https:\/\/www.mlc-munich.de\/web\/","name":"MLC M\u00fcnchner L\u00f6wen Club e.V.","description":"MLC M\u00fcnchner L\u00f6wen Club e.V.","publisher":{"@id":"https:\/\/www.mlc-munich.de\/web\/#organization"},"potentialAction":[{"@type":"SearchAction","target":{"@type":"EntryPoint","urlTemplate":"https:\/\/www.mlc-munich.de\/web\/?s={search_term_string}"},"query-input":{"@type":"PropertyValueSpecification","valueRequired":true,"valueName":"search_term_string"}}],"inLanguage":"de"},{"@type":"Organization","@id":"https:\/\/www.mlc-munich.de\/web\/#organization","name":"MLC M\u00fcnchner L\u00f6wen Club e.V.","url":"https:\/\/www.mlc-munich.de\/web\/","logo":{"@type":"ImageObject","inLanguage":"de","@id":"https:\/\/www.mlc-munich.de\/web\/#\/schema\/logo\/image\/","url":"https:\/\/www.mlc-munich.de\/web\/wp-content\/uploads\/2018\/05\/logo_250x95px-Kopie.png","contentUrl":"https:\/\/www.mlc-munich.de\/web\/wp-content\/uploads\/2018\/05\/logo_250x95px-Kopie.png","width":250,"height":95,"caption":"MLC M\u00fcnchner L\u00f6wen Club e.V."},"image":{"@id":"https:\/\/www.mlc-munich.de\/web\/#\/schema\/logo\/image\/"}}]}},"_links":{"self":[{"href":"https:\/\/www.mlc-munich.de\/web\/wp-json\/wp\/v2\/pages\/323","targetHints":{"allow":["GET"]}}],"collection":[{"href":"https:\/\/www.mlc-munich.de\/web\/wp-json\/wp\/v2\/pages"}],"about":[{"href":"https:\/\/www.mlc-munich.de\/web\/wp-json\/wp\/v2\/types\/page"}],"author":[{"embeddable":true,"href":"https:\/\/www.mlc-munich.de\/web\/wp-json\/wp\/v2\/users\/2"}],"replies":[{"embeddable":true,"href":"https:\/\/www.mlc-munich.de\/web\/wp-json\/wp\/v2\/comments?post=323"}],"version-history":[{"count":43,"href":"https:\/\/www.mlc-munich.de\/web\/wp-json\/wp\/v2\/pages\/323\/revisions"}],"predecessor-version":[{"id":25812,"href":"https:\/\/www.mlc-munich.de\/web\/wp-json\/wp\/v2\/pages\/323\/revisions\/25812"}],"wp:attachment":[{"href":"https:\/\/www.mlc-munich.de\/web\/wp-json\/wp\/v2\/media?parent=323"}],"curies":[{"name":"wp","href":"https:\/\/api.w.org\/{rel}","templated":true}]}}