{"id":334,"date":"2018-04-30T11:52:33","date_gmt":"2018-04-30T09:52:33","guid":{"rendered":"https:\/\/www.mlc-munich.de\/web\/?page_id=334"},"modified":"2021-08-10T11:42:27","modified_gmt":"2021-08-10T09:42:27","slug":"datenschutz","status":"publish","type":"page","link":"https:\/\/www.mlc-munich.de\/web\/datenschutz\/","title":{"rendered":"Datenschutz"},"content":{"rendered":"<p>Unser Vorstand, die Funktion\u00e4re, Helfer und Mitarbeiter nehmen die geltenden Bestimmungen des Datenschutzes sehr ernst. Wir beschr\u00e4nken uns grunds\u00e4tzlich auf die Speicherung Deiner Daten zur Verwaltung Deiner Mitgliedschaft sowie zur Vertragsdurchf\u00fchrung bei der Teilnahme an Club-Veranstaltungen.<\/p>\n<p>Datenschutzbeauftragter des M\u00fcnchner L\u00f6wen Club e.V. ist Michael Henle.<\/p>\n<p>Wir machen ausdr\u00fccklich darauf aufmerksam, dass die E-Mail-Korrespondenz mit unserem Verein (z.B. Vorstand, Funktion\u00e4re, Helfer und Mitarbeiter) \u00fcberwacht und gespeichert wird. Dein Verst\u00e4ndnis und Einverst\u00e4ndnis mit dieser Praxis setzen wir voraus, soweit Du mit uns per E-Mail Kontakt aufnimmst. Wir gehen deshalb auch davon aus, dass wir zu einer E-Mail-Antwort berechtigt sind, sofern wir von Dir eine E-Mail erhalten und Du nicht ausdr\u00fccklich eine andere Kontakt-Form als Antwort w\u00fcnschst.<\/p>\n<p>F\u00fcr die Sicherheit der Daten\u00fcbertragung per E-Mail k\u00f6nnen wir keine Gew\u00e4hr \u00fcbernehmen. So besteht insbesondere bei der Daten\u00fcbertragung per E-Mail das Risiko eines Aussp\u00e4hens oder eines Abfangens durch unbefugte Dritte. Soweit Du dieses Risiko einschr\u00e4nken m\u00f6chtest, sind wir gerne bereit, unseren E-Mail-Verkehr mit Dir verschl\u00fcsselt zu f\u00fchren. Dabei besteht jedoch weiterhin das Risiko, dass bestimmte Verbindungsdaten der Kommunikation (also Meta-Daten, wie z.B. E-Mail Adressen, Datum und Uhrzeit oder verwendete IP-Adressen) weiterhin ausgesp\u00e4ht werden k\u00f6nnen. Im Zweifel empfehlen wir Dir den pers\u00f6nlichen Kontakt oder den Kontakt per Brief-Post.<\/p>\n<p><strong>Die technische Umsetzung unsere Website erfolgt in zwei Bereichen:<\/strong><br \/>\nI. Hauptbereich mit Informationen zum Verein und internen Vereins-Funktionen<br \/>\nII. Online-Shop zum Kartenvorverkauf f\u00fcr Starkbierfest, Grillfest, Oktoberfesttreffen und Weihnachtsfeier<\/p>\n<p>Der Hauptbereich wird auf unseren eigenen Servern betrieben, der Online-Shop wird durch Eventjet in Deutschland bzw. \u00d6sterreich betrieben.<\/p>\n<p><strong>F\u00fcr weitergehende Informationen zum Datenschutz klicke bitte hier:<\/strong><\/p>\n<a href=\"https:\/\/www.mlc-munich.de\/web\/datenschutzerklaerung\/\" class=\"su-button su-button-style-default\" style=\"color:#FFFFFF;background-color:#e2001a;border-color:#b50015;border-radius:6px\" target=\"_self\"><span style=\"color:#FFFFFF;padding:0px 18px;font-size:14px;line-height:28px;border-color:#eb4d5f;border-radius:6px;text-shadow:none\"> DATENSCHUTZERKL\u00c4RUNG<\/span><\/a>\n","protected":false},"excerpt":{"rendered":"<p>Unser Vorstand, die Funktion\u00e4re, Helfer und Mitarbeiter nehmen die geltenden Bestimmungen des Datenschutzes sehr ernst. Wir beschr\u00e4nken uns grunds\u00e4tzlich auf die Speicherung Deiner Daten zur Verwaltung Deiner Mitgliedschaft sowie zur Vertragsdurchf\u00fchrung bei der Teilnahme an Club-Veranstaltungen. Datenschutzbeauftragter des M\u00fcnchner L\u00f6wen Club e.V. ist Michael Henle. Wir machen ausdr\u00fccklich darauf aufmerksam, dass die E-Mail-Korrespondenz mit unserem Verein (z.B. Vorstand, Funktion\u00e4re, Helfer und Mitarbeiter) \u00fcberwacht und gespeichert wird. Dein Verst\u00e4ndnis und Einverst\u00e4ndnis mit dieser Praxis setzen wir voraus, soweit Du mit uns [&hellip;]<\/p>\n","protected":false},"author":2,"featured_media":0,"parent":0,"menu_order":120,"comment_status":"closed","ping_status":"closed","template":"","meta":{"footnotes":""},"class_list":["post-334","page","type-page","status-publish","hentry","post"],"translation":{"provider":"WPGlobus","version":"3.0.2","language":"de","enabled_languages":["de","en"],"languages":{"de":{"title":true,"content":true,"excerpt":false},"en":{"title":true,"content":true,"excerpt":false}}},"yoast_head":"<!-- This site is optimized with the Yoast SEO plugin v27.3 - https:\/\/yoast.com\/product\/yoast-seo-wordpress\/ -->\n<title>Datenschutz - MLC M\u00fcnchner L\u00f6wen Club e.V.<\/title>\n<meta name=\"robots\" content=\"index, follow, max-snippet:-1, max-image-preview:large, max-video-preview:-1\" \/>\n<link rel=\"canonical\" href=\"https:\/\/www.mlc-munich.de\/web\/datenschutz\/\" \/>\n<meta property=\"og:locale\" content=\"de_DE\" \/>\n<meta property=\"og:type\" content=\"article\" \/>\n<meta property=\"og:title\" content=\"Datenschutz - MLC M\u00fcnchner L\u00f6wen Club e.V.\" \/>\n<meta property=\"og:url\" content=\"https:\/\/www.mlc-munich.de\/web\/datenschutz\/\" \/>\n<meta property=\"og:site_name\" content=\"MLC M\u00fcnchner L\u00f6wen Club e.V.\" \/>\n<meta property=\"article:modified_time\" content=\"2021-08-10T09:42:27+00:00\" \/>\n<meta property=\"og:image\" content=\"https:\/\/www.mlc-munich.de\/web\/wp-content\/uploads\/2019\/03\/cropped-logo_mlc_munich.jpg\" \/>\n\t<meta property=\"og:image:width\" content=\"512\" \/>\n\t<meta property=\"og:image:height\" content=\"512\" \/>\n\t<meta property=\"og:image:type\" content=\"image\/jpeg\" \/>\n<meta name=\"twitter:card\" content=\"summary_large_image\" \/>\n<meta name=\"twitter:label1\" content=\"Gesch\u00e4tzte Lesezeit\" \/>\n\t<meta name=\"twitter:data1\" content=\"5\u00a0Minuten\" \/>\n<script type=\"application\/ld+json\" class=\"yoast-schema-graph\">{\"@context\":\"https:\\\/\\\/schema.org\",\"@graph\":[{\"@type\":\"WebPage\",\"@id\":\"https:\\\/\\\/www.mlc-munich.de\\\/web\\\/datenschutz\\\/\",\"url\":\"https:\\\/\\\/www.mlc-munich.de\\\/web\\\/datenschutz\\\/\",\"name\":\"Datenschutz - MLC M\u00fcnchner L\u00f6wen Club e.V.\",\"isPartOf\":{\"@id\":\"https:\\\/\\\/www.mlc-munich.de\\\/web\\\/#website\"},\"datePublished\":\"2018-04-30T09:52:33+00:00\",\"dateModified\":\"2021-08-10T09:42:27+00:00\",\"breadcrumb\":{\"@id\":\"https:\\\/\\\/www.mlc-munich.de\\\/web\\\/datenschutz\\\/#breadcrumb\"},\"inLanguage\":\"de\",\"potentialAction\":[{\"@type\":\"ReadAction\",\"target\":[\"https:\\\/\\\/www.mlc-munich.de\\\/web\\\/datenschutz\\\/\"]}]},{\"@type\":\"BreadcrumbList\",\"@id\":\"https:\\\/\\\/www.mlc-munich.de\\\/web\\\/datenschutz\\\/#breadcrumb\",\"itemListElement\":[{\"@type\":\"ListItem\",\"position\":1,\"name\":\"Startseite\",\"item\":\"https:\\\/\\\/www.mlc-munich.de\\\/web\\\/\"},{\"@type\":\"ListItem\",\"position\":2,\"name\":\"Datenschutz\"}]},{\"@type\":\"WebSite\",\"@id\":\"https:\\\/\\\/www.mlc-munich.de\\\/web\\\/#website\",\"url\":\"https:\\\/\\\/www.mlc-munich.de\\\/web\\\/\",\"name\":\"MLC M\u00fcnchner L\u00f6wen Club e.V.\",\"description\":\"MLC M\u00fcnchner L\u00f6wen Club e.V.\",\"publisher\":{\"@id\":\"https:\\\/\\\/www.mlc-munich.de\\\/web\\\/#organization\"},\"potentialAction\":[{\"@type\":\"SearchAction\",\"target\":{\"@type\":\"EntryPoint\",\"urlTemplate\":\"https:\\\/\\\/www.mlc-munich.de\\\/web\\\/?s={search_term_string}\"},\"query-input\":{\"@type\":\"PropertyValueSpecification\",\"valueRequired\":true,\"valueName\":\"search_term_string\"}}],\"inLanguage\":\"de\"},{\"@type\":\"Organization\",\"@id\":\"https:\\\/\\\/www.mlc-munich.de\\\/web\\\/#organization\",\"name\":\"MLC M\u00fcnchner L\u00f6wen Club e.V.\",\"url\":\"https:\\\/\\\/www.mlc-munich.de\\\/web\\\/\",\"logo\":{\"@type\":\"ImageObject\",\"inLanguage\":\"de\",\"@id\":\"https:\\\/\\\/www.mlc-munich.de\\\/web\\\/#\\\/schema\\\/logo\\\/image\\\/\",\"url\":\"https:\\\/\\\/www.mlc-munich.de\\\/web\\\/wp-content\\\/uploads\\\/2018\\\/05\\\/logo_250x95px-Kopie.png\",\"contentUrl\":\"https:\\\/\\\/www.mlc-munich.de\\\/web\\\/wp-content\\\/uploads\\\/2018\\\/05\\\/logo_250x95px-Kopie.png\",\"width\":250,\"height\":95,\"caption\":\"MLC M\u00fcnchner L\u00f6wen Club e.V.\"},\"image\":{\"@id\":\"https:\\\/\\\/www.mlc-munich.de\\\/web\\\/#\\\/schema\\\/logo\\\/image\\\/\"}}]}<\/script>\n<!-- \/ Yoast SEO plugin. -->","yoast_head_json":{"title":"Datenschutz - MLC M\u00fcnchner L\u00f6wen Club e.V.","robots":{"index":"index","follow":"follow","max-snippet":"max-snippet:-1","max-image-preview":"max-image-preview:large","max-video-preview":"max-video-preview:-1"},"canonical":"https:\/\/www.mlc-munich.de\/web\/datenschutz\/","og_locale":"de_DE","og_type":"article","og_title":"Datenschutz - MLC M\u00fcnchner L\u00f6wen Club e.V.","og_url":"https:\/\/www.mlc-munich.de\/web\/datenschutz\/","og_site_name":"MLC M\u00fcnchner L\u00f6wen Club e.V.","article_modified_time":"2021-08-10T09:42:27+00:00","og_image":[{"width":512,"height":512,"url":"https:\/\/www.mlc-munich.de\/web\/wp-content\/uploads\/2019\/03\/cropped-logo_mlc_munich.jpg","type":"image\/jpeg"}],"twitter_card":"summary_large_image","twitter_misc":{"Gesch\u00e4tzte Lesezeit":"5\u00a0Minuten"},"schema":{"@context":"https:\/\/schema.org","@graph":[{"@type":"WebPage","@id":"https:\/\/www.mlc-munich.de\/web\/datenschutz\/","url":"https:\/\/www.mlc-munich.de\/web\/datenschutz\/","name":"Datenschutz - MLC M\u00fcnchner L\u00f6wen Club e.V.","isPartOf":{"@id":"https:\/\/www.mlc-munich.de\/web\/#website"},"datePublished":"2018-04-30T09:52:33+00:00","dateModified":"2021-08-10T09:42:27+00:00","breadcrumb":{"@id":"https:\/\/www.mlc-munich.de\/web\/datenschutz\/#breadcrumb"},"inLanguage":"de","potentialAction":[{"@type":"ReadAction","target":["https:\/\/www.mlc-munich.de\/web\/datenschutz\/"]}]},{"@type":"BreadcrumbList","@id":"https:\/\/www.mlc-munich.de\/web\/datenschutz\/#breadcrumb","itemListElement":[{"@type":"ListItem","position":1,"name":"Startseite","item":"https:\/\/www.mlc-munich.de\/web\/"},{"@type":"ListItem","position":2,"name":"Datenschutz"}]},{"@type":"WebSite","@id":"https:\/\/www.mlc-munich.de\/web\/#website","url":"https:\/\/www.mlc-munich.de\/web\/","name":"MLC M\u00fcnchner L\u00f6wen Club e.V.","description":"MLC M\u00fcnchner L\u00f6wen Club e.V.","publisher":{"@id":"https:\/\/www.mlc-munich.de\/web\/#organization"},"potentialAction":[{"@type":"SearchAction","target":{"@type":"EntryPoint","urlTemplate":"https:\/\/www.mlc-munich.de\/web\/?s={search_term_string}"},"query-input":{"@type":"PropertyValueSpecification","valueRequired":true,"valueName":"search_term_string"}}],"inLanguage":"de"},{"@type":"Organization","@id":"https:\/\/www.mlc-munich.de\/web\/#organization","name":"MLC M\u00fcnchner L\u00f6wen Club e.V.","url":"https:\/\/www.mlc-munich.de\/web\/","logo":{"@type":"ImageObject","inLanguage":"de","@id":"https:\/\/www.mlc-munich.de\/web\/#\/schema\/logo\/image\/","url":"https:\/\/www.mlc-munich.de\/web\/wp-content\/uploads\/2018\/05\/logo_250x95px-Kopie.png","contentUrl":"https:\/\/www.mlc-munich.de\/web\/wp-content\/uploads\/2018\/05\/logo_250x95px-Kopie.png","width":250,"height":95,"caption":"MLC M\u00fcnchner L\u00f6wen Club e.V."},"image":{"@id":"https:\/\/www.mlc-munich.de\/web\/#\/schema\/logo\/image\/"}}]}},"_links":{"self":[{"href":"https:\/\/www.mlc-munich.de\/web\/wp-json\/wp\/v2\/pages\/334","targetHints":{"allow":["GET"]}}],"collection":[{"href":"https:\/\/www.mlc-munich.de\/web\/wp-json\/wp\/v2\/pages"}],"about":[{"href":"https:\/\/www.mlc-munich.de\/web\/wp-json\/wp\/v2\/types\/page"}],"author":[{"embeddable":true,"href":"https:\/\/www.mlc-munich.de\/web\/wp-json\/wp\/v2\/users\/2"}],"replies":[{"embeddable":true,"href":"https:\/\/www.mlc-munich.de\/web\/wp-json\/wp\/v2\/comments?post=334"}],"version-history":[{"count":17,"href":"https:\/\/www.mlc-munich.de\/web\/wp-json\/wp\/v2\/pages\/334\/revisions"}],"predecessor-version":[{"id":913,"href":"https:\/\/www.mlc-munich.de\/web\/wp-json\/wp\/v2\/pages\/334\/revisions\/913"}],"wp:attachment":[{"href":"https:\/\/www.mlc-munich.de\/web\/wp-json\/wp\/v2\/media?parent=334"}],"curies":[{"name":"wp","href":"https:\/\/api.w.org\/{rel}","templated":true}]}}