{"id":370,"date":"2018-04-30T13:06:13","date_gmt":"2018-04-30T11:06:13","guid":{"rendered":"https:\/\/www.mlc-munich.de\/web\/?page_id=370"},"modified":"2025-08-18T10:44:07","modified_gmt":"2025-08-18T08:44:07","slug":"antrag-satzung","status":"publish","type":"page","link":"https:\/\/www.mlc-munich.de\/web\/der-mlc\/antrag-satzung\/","title":{"rendered":"Antrag &#038; Satzung"},"content":{"rendered":"<p>Wie jeder eingetragene Verein hat der M\u00fcnchner L\u00f6wen Club e.V. eine Satzung, die den Vereinszweck und die Strukturen im Verein definiert. Die Satzung kann hier gelesen und heruntergeladen werden:<\/p>\n<a href=\"https:\/\/www.mlc-munich.de\/web\/wp-content\/uploads\/2025\/08\/Satzung-MLC-Muenchen-2025.pdf\" class=\"su-button su-button-style-noise\" style=\"color:#FFFFFF;background-color:#e2001a;border-color:#b50015;border-radius:56px\" target=\"_self\"><span style=\"color:#FFFFFF;padding:8px 26px;font-size:20px;line-height:30px;border-color:#eb4d5f;border-radius:56px;text-shadow:none\"><i class=\"sui sui-download\" style=\"font-size:20px;color:#FFFFFF\"><\/i> Satzung<\/span><\/a>\n<h3>Mitgliedsantrag<\/h3>\n<p>Um Mitglied im M\u00fcnchner L\u00f6wen Club e.V. zu werden, musst Du vollj\u00e4hrig sein und den Mitgliedsantrag ausf\u00fcllen. Das Antragsformular erh\u00e4ltst Du im UnderGround an der Kasse oder hier zum Herunterladen:<\/p>\n<a href=\"https:\/\/www.mlc-munich.de\/web\/wp-content\/uploads\/2018\/05\/antrag_NEU_2018_.pdf\" class=\"su-button su-button-style-noise\" style=\"color:#FFFFFF;background-color:#e2001a;border-color:#b50015;border-radius:56px\" target=\"_self\"><span style=\"color:#FFFFFF;padding:8px 26px;font-size:20px;line-height:30px;border-color:#eb4d5f;border-radius:56px;text-shadow:none\"><i class=\"sui sui-download\" style=\"font-size:20px;color:#FFFFFF\"><\/i> Antrag<\/span><\/a>\n<p>Den ausgef\u00fcllten Mitgliedsantrag kannst Du im UnderGround an der Kasse abgeben oder uns per Post zukommen lassen:<\/p>\n<p>MLC M\u00fcnchen e.V.<br \/>\nPostfach 330163<br \/>\n80061 M\u00fcnchen<\/p>\n<p>Die \u00dcbermittlung per E-Mail ist ebenfalls m\u00f6glich: <a href=\"mailto:vorstand@mlc-munich.de\">vorstand@mlc-munich.de<\/a><\/p>\n<p>Den Erhalt deines Antrags best\u00e4tigen wir Dir per E-Mail. Bitte achte darauf, dass Deine Daten lesbar und vollst\u00e4ndig eingetragen sind.<\/p>\n<p>Wir legen Wert darauf, nur Jungs und Kerle in unseren Verein aufzunehmen, die sich der Fetisch-Community zugeh\u00f6rig f\u00fchlen und die bereit sind, am Vereinsleben teilzunehmen. Daher wird \u00fcber die Aufnahme erst nach einem pers\u00f6nlichen Gespr\u00e4ch mit einem Vorstand entschieden.<\/p>\n<p>Nach dem Gespr\u00e4ch und dem Einzug des Mitgliedsbeitrags (anteilig f\u00fcr das laufende Jahr) wird dein Mitgliedsausweis gedruckt und per Post verschickt. Dies kann bis zu drei Wochen dauern, da der Kartendruck nur einmal im Monat erfolgt.<\/p>\n","protected":false},"excerpt":{"rendered":"<p>Wie jeder eingetragene Verein hat der M\u00fcnchner L\u00f6wen Club e.V. eine Satzung, die den Vereinszweck und die Strukturen im Verein definiert. Die Satzung kann hier gelesen und heruntergeladen werden: Mitgliedsantrag Um Mitglied im M\u00fcnchner L\u00f6wen Club e.V. zu werden, musst Du vollj\u00e4hrig sein und den Mitgliedsantrag ausf\u00fcllen. Das Antragsformular erh\u00e4ltst Du im UnderGround an der Kasse oder hier zum Herunterladen: Den ausgef\u00fcllten Mitgliedsantrag kannst Du im UnderGround an der Kasse abgeben oder uns per Post zukommen lassen: MLC M\u00fcnchen e.V. [&hellip;]<\/p>\n","protected":false},"author":2,"featured_media":0,"parent":166,"menu_order":30,"comment_status":"closed","ping_status":"closed","template":"","meta":{"footnotes":""},"class_list":["post-370","page","type-page","status-publish","hentry","post"],"translation":{"provider":"WPGlobus","version":"3.0.2","language":"de","enabled_languages":["de","en"],"languages":{"de":{"title":true,"content":true,"excerpt":false},"en":{"title":true,"content":true,"excerpt":false}}},"yoast_head":"<!-- This site is optimized with the Yoast SEO plugin v27.4 - https:\/\/yoast.com\/product\/yoast-seo-wordpress\/ -->\n<title>Antrag &amp; Satzung - MLC M\u00fcnchner L\u00f6wen Club e.V.<\/title>\n<meta name=\"robots\" content=\"index, follow, max-snippet:-1, max-image-preview:large, max-video-preview:-1\" \/>\n<link rel=\"canonical\" href=\"https:\/\/www.mlc-munich.de\/web\/der-mlc\/antrag-satzung\/\" \/>\n<meta property=\"og:locale\" content=\"de_DE\" \/>\n<meta property=\"og:type\" content=\"article\" \/>\n<meta property=\"og:title\" content=\"Antrag &amp; Satzung - MLC M\u00fcnchner L\u00f6wen Club e.V.\" \/>\n<meta property=\"og:url\" content=\"https:\/\/www.mlc-munich.de\/web\/der-mlc\/antrag-satzung\/\" \/>\n<meta property=\"og:site_name\" content=\"MLC M\u00fcnchner L\u00f6wen Club e.V.\" \/>\n<meta property=\"article:modified_time\" content=\"2025-08-18T08:44:07+00:00\" \/>\n<meta property=\"og:image\" content=\"https:\/\/www.mlc-munich.de\/web\/wp-content\/uploads\/2019\/03\/cropped-logo_mlc_munich.jpg\" \/>\n\t<meta property=\"og:image:width\" content=\"512\" \/>\n\t<meta property=\"og:image:height\" content=\"512\" \/>\n\t<meta property=\"og:image:type\" content=\"image\/jpeg\" \/>\n<meta name=\"twitter:card\" content=\"summary_large_image\" \/>\n<meta name=\"twitter:label1\" content=\"Gesch\u00e4tzte Lesezeit\" \/>\n\t<meta name=\"twitter:data1\" content=\"2\u00a0Minuten\" \/>\n<script type=\"application\/ld+json\" class=\"yoast-schema-graph\">{\"@context\":\"https:\\\/\\\/schema.org\",\"@graph\":[{\"@type\":\"WebPage\",\"@id\":\"https:\\\/\\\/www.mlc-munich.de\\\/web\\\/der-mlc\\\/antrag-satzung\\\/\",\"url\":\"https:\\\/\\\/www.mlc-munich.de\\\/web\\\/der-mlc\\\/antrag-satzung\\\/\",\"name\":\"Antrag & Satzung - MLC M\u00fcnchner L\u00f6wen Club e.V.\",\"isPartOf\":{\"@id\":\"https:\\\/\\\/www.mlc-munich.de\\\/web\\\/#website\"},\"datePublished\":\"2018-04-30T11:06:13+00:00\",\"dateModified\":\"2025-08-18T08:44:07+00:00\",\"breadcrumb\":{\"@id\":\"https:\\\/\\\/www.mlc-munich.de\\\/web\\\/der-mlc\\\/antrag-satzung\\\/#breadcrumb\"},\"inLanguage\":\"de\",\"potentialAction\":[{\"@type\":\"ReadAction\",\"target\":[\"https:\\\/\\\/www.mlc-munich.de\\\/web\\\/der-mlc\\\/antrag-satzung\\\/\"]}]},{\"@type\":\"BreadcrumbList\",\"@id\":\"https:\\\/\\\/www.mlc-munich.de\\\/web\\\/der-mlc\\\/antrag-satzung\\\/#breadcrumb\",\"itemListElement\":[{\"@type\":\"ListItem\",\"position\":1,\"name\":\"Startseite\",\"item\":\"https:\\\/\\\/www.mlc-munich.de\\\/web\\\/\"},{\"@type\":\"ListItem\",\"position\":2,\"name\":\"Der MLC\",\"item\":\"https:\\\/\\\/www.mlc-munich.de\\\/web\\\/der-mlc\\\/\"},{\"@type\":\"ListItem\",\"position\":3,\"name\":\"Antrag &#038; Satzung\"}]},{\"@type\":\"WebSite\",\"@id\":\"https:\\\/\\\/www.mlc-munich.de\\\/web\\\/#website\",\"url\":\"https:\\\/\\\/www.mlc-munich.de\\\/web\\\/\",\"name\":\"MLC M\u00fcnchner L\u00f6wen Club e.V.\",\"description\":\"MLC M\u00fcnchner L\u00f6wen Club e.V.\",\"publisher\":{\"@id\":\"https:\\\/\\\/www.mlc-munich.de\\\/web\\\/#organization\"},\"potentialAction\":[{\"@type\":\"SearchAction\",\"target\":{\"@type\":\"EntryPoint\",\"urlTemplate\":\"https:\\\/\\\/www.mlc-munich.de\\\/web\\\/?s={search_term_string}\"},\"query-input\":{\"@type\":\"PropertyValueSpecification\",\"valueRequired\":true,\"valueName\":\"search_term_string\"}}],\"inLanguage\":\"de\"},{\"@type\":\"Organization\",\"@id\":\"https:\\\/\\\/www.mlc-munich.de\\\/web\\\/#organization\",\"name\":\"MLC M\u00fcnchner L\u00f6wen Club e.V.\",\"url\":\"https:\\\/\\\/www.mlc-munich.de\\\/web\\\/\",\"logo\":{\"@type\":\"ImageObject\",\"inLanguage\":\"de\",\"@id\":\"https:\\\/\\\/www.mlc-munich.de\\\/web\\\/#\\\/schema\\\/logo\\\/image\\\/\",\"url\":\"https:\\\/\\\/www.mlc-munich.de\\\/web\\\/wp-content\\\/uploads\\\/2018\\\/05\\\/logo_250x95px-Kopie.png\",\"contentUrl\":\"https:\\\/\\\/www.mlc-munich.de\\\/web\\\/wp-content\\\/uploads\\\/2018\\\/05\\\/logo_250x95px-Kopie.png\",\"width\":250,\"height\":95,\"caption\":\"MLC M\u00fcnchner L\u00f6wen Club e.V.\"},\"image\":{\"@id\":\"https:\\\/\\\/www.mlc-munich.de\\\/web\\\/#\\\/schema\\\/logo\\\/image\\\/\"}}]}<\/script>\n<!-- \/ Yoast SEO plugin. -->","yoast_head_json":{"title":"Antrag & Satzung - MLC M\u00fcnchner L\u00f6wen Club e.V.","robots":{"index":"index","follow":"follow","max-snippet":"max-snippet:-1","max-image-preview":"max-image-preview:large","max-video-preview":"max-video-preview:-1"},"canonical":"https:\/\/www.mlc-munich.de\/web\/der-mlc\/antrag-satzung\/","og_locale":"de_DE","og_type":"article","og_title":"Antrag & Satzung - MLC M\u00fcnchner L\u00f6wen Club e.V.","og_url":"https:\/\/www.mlc-munich.de\/web\/der-mlc\/antrag-satzung\/","og_site_name":"MLC M\u00fcnchner L\u00f6wen Club e.V.","article_modified_time":"2025-08-18T08:44:07+00:00","og_image":[{"width":512,"height":512,"url":"https:\/\/www.mlc-munich.de\/web\/wp-content\/uploads\/2019\/03\/cropped-logo_mlc_munich.jpg","type":"image\/jpeg"}],"twitter_card":"summary_large_image","twitter_misc":{"Gesch\u00e4tzte Lesezeit":"2\u00a0Minuten"},"schema":{"@context":"https:\/\/schema.org","@graph":[{"@type":"WebPage","@id":"https:\/\/www.mlc-munich.de\/web\/der-mlc\/antrag-satzung\/","url":"https:\/\/www.mlc-munich.de\/web\/der-mlc\/antrag-satzung\/","name":"Antrag & Satzung - MLC M\u00fcnchner L\u00f6wen Club e.V.","isPartOf":{"@id":"https:\/\/www.mlc-munich.de\/web\/#website"},"datePublished":"2018-04-30T11:06:13+00:00","dateModified":"2025-08-18T08:44:07+00:00","breadcrumb":{"@id":"https:\/\/www.mlc-munich.de\/web\/der-mlc\/antrag-satzung\/#breadcrumb"},"inLanguage":"de","potentialAction":[{"@type":"ReadAction","target":["https:\/\/www.mlc-munich.de\/web\/der-mlc\/antrag-satzung\/"]}]},{"@type":"BreadcrumbList","@id":"https:\/\/www.mlc-munich.de\/web\/der-mlc\/antrag-satzung\/#breadcrumb","itemListElement":[{"@type":"ListItem","position":1,"name":"Startseite","item":"https:\/\/www.mlc-munich.de\/web\/"},{"@type":"ListItem","position":2,"name":"Der MLC","item":"https:\/\/www.mlc-munich.de\/web\/der-mlc\/"},{"@type":"ListItem","position":3,"name":"Antrag &#038; Satzung"}]},{"@type":"WebSite","@id":"https:\/\/www.mlc-munich.de\/web\/#website","url":"https:\/\/www.mlc-munich.de\/web\/","name":"MLC M\u00fcnchner L\u00f6wen Club e.V.","description":"MLC M\u00fcnchner L\u00f6wen Club e.V.","publisher":{"@id":"https:\/\/www.mlc-munich.de\/web\/#organization"},"potentialAction":[{"@type":"SearchAction","target":{"@type":"EntryPoint","urlTemplate":"https:\/\/www.mlc-munich.de\/web\/?s={search_term_string}"},"query-input":{"@type":"PropertyValueSpecification","valueRequired":true,"valueName":"search_term_string"}}],"inLanguage":"de"},{"@type":"Organization","@id":"https:\/\/www.mlc-munich.de\/web\/#organization","name":"MLC M\u00fcnchner L\u00f6wen Club e.V.","url":"https:\/\/www.mlc-munich.de\/web\/","logo":{"@type":"ImageObject","inLanguage":"de","@id":"https:\/\/www.mlc-munich.de\/web\/#\/schema\/logo\/image\/","url":"https:\/\/www.mlc-munich.de\/web\/wp-content\/uploads\/2018\/05\/logo_250x95px-Kopie.png","contentUrl":"https:\/\/www.mlc-munich.de\/web\/wp-content\/uploads\/2018\/05\/logo_250x95px-Kopie.png","width":250,"height":95,"caption":"MLC M\u00fcnchner L\u00f6wen Club e.V."},"image":{"@id":"https:\/\/www.mlc-munich.de\/web\/#\/schema\/logo\/image\/"}}]}},"_links":{"self":[{"href":"https:\/\/www.mlc-munich.de\/web\/wp-json\/wp\/v2\/pages\/370","targetHints":{"allow":["GET"]}}],"collection":[{"href":"https:\/\/www.mlc-munich.de\/web\/wp-json\/wp\/v2\/pages"}],"about":[{"href":"https:\/\/www.mlc-munich.de\/web\/wp-json\/wp\/v2\/types\/page"}],"author":[{"embeddable":true,"href":"https:\/\/www.mlc-munich.de\/web\/wp-json\/wp\/v2\/users\/2"}],"replies":[{"embeddable":true,"href":"https:\/\/www.mlc-munich.de\/web\/wp-json\/wp\/v2\/comments?post=370"}],"version-history":[{"count":47,"href":"https:\/\/www.mlc-munich.de\/web\/wp-json\/wp\/v2\/pages\/370\/revisions"}],"predecessor-version":[{"id":24262,"href":"https:\/\/www.mlc-munich.de\/web\/wp-json\/wp\/v2\/pages\/370\/revisions\/24262"}],"up":[{"embeddable":true,"href":"https:\/\/www.mlc-munich.de\/web\/wp-json\/wp\/v2\/pages\/166"}],"wp:attachment":[{"href":"https:\/\/www.mlc-munich.de\/web\/wp-json\/wp\/v2\/media?parent=370"}],"curies":[{"name":"wp","href":"https:\/\/api.w.org\/{rel}","templated":true}]}}