{"id":373,"date":"2018-04-30T13:07:07","date_gmt":"2018-04-30T11:07:07","guid":{"rendered":"https:\/\/www.mlc-munich.de\/web\/?page_id=373"},"modified":"2026-01-04T11:09:59","modified_gmt":"2026-01-04T10:09:59","slug":"der-mlc-mitgliedsausweis-show-your-fetish","status":"publish","type":"page","link":"https:\/\/www.mlc-munich.de\/web\/der-mlc\/der-mlc-mitgliedsausweis-show-your-fetish\/","title":{"rendered":"Der MLC-Mitgliedsausweis"},"content":{"rendered":"<h1>Show your Fetish!<\/h1>\n<p>Als einer der gr\u00f6\u00dften Fetischvereine Europas sind wir stolz darauf eine sehr breitgef\u00e4cherte Palette an Partymottos anbieten zu k\u00f6nnen. Um insbesondere die etwas selteneren Fetische weiter zu f\u00f6rdern, kannst Du k\u00fcnftig auf dem MLC-Mitgliedsausweis Deinen Lieblingsfetisch zeigen! W\u00e4hle dazu aus den nachfolgenden Motiven Deinen Lieblingsfetisch aus und sende das ausgef\u00fcllte Formular ab. Immer am Anfang des Jahres erh\u00e4ltst Du dann Deinen Mitgliedsausweis mit Deinem Lieblingsfetisch. Zeige ihn bei der passenden Party an der Kasse und freu Dich schon jetzt auf die eine oder andere \u00dcberraschung!<\/p>\n\n\t\t<style type=\"text\/css\">\n\t\t\t#gallery-1 {\n\t\t\t\tmargin: auto;\n\t\t\t}\n\t\t\t#gallery-1 .gallery-item {\n\t\t\t\tfloat: left;\n\t\t\t\tmargin-top: 10px;\n\t\t\t\ttext-align: center;\n\t\t\t\twidth: 33%;\n\t\t\t}\n\t\t\t#gallery-1 img {\n\t\t\t\tborder: 2px solid #cfcfcf;\n\t\t\t}\n\t\t\t#gallery-1 .gallery-caption {\n\t\t\t\tmargin-left: 0;\n\t\t\t}\n\t\t\t\/* see gallery_shortcode() in wp-includes\/media.php *\/\n\t\t<\/style>\n\t\t<div id='gallery-1' class='gallery galleryid-373 gallery-columns-3 gallery-size-medium'><dl class='gallery-item'>\n\t\t\t<dt class='gallery-icon landscape'>\n\t\t\t\t<img loading=\"lazy\" decoding=\"async\" width=\"600\" height=\"388\" src=\"https:\/\/www.mlc-munich.de\/web\/wp-content\/uploads\/2025\/12\/Mittel-mitgliedsausweiss_neutral1-Kopie-600x388.png\" class=\"attachment-medium size-medium\" alt=\"\" aria-describedby=\"gallery-1-25442\" srcset=\"https:\/\/www.mlc-munich.de\/web\/wp-content\/uploads\/2025\/12\/Mittel-mitgliedsausweiss_neutral1-Kopie-600x388.png 600w, https:\/\/www.mlc-munich.de\/web\/wp-content\/uploads\/2025\/12\/Mittel-mitgliedsausweiss_neutral1-Kopie.png 640w\" sizes=\"auto, (max-width: 600px) 100vw, 600px\" \/>\n\t\t\t<\/dt>\n\t\t\t\t<dd class='wp-caption-text gallery-caption' id='gallery-1-25442'>\n\t\t\t\tMotiv Normal\/Neutral\n\t\t\t\t<\/dd><\/dl><dl class='gallery-item'>\n\t\t\t<dt class='gallery-icon landscape'>\n\t\t\t\t<img loading=\"lazy\" decoding=\"async\" width=\"600\" height=\"388\" src=\"https:\/\/www.mlc-munich.de\/web\/wp-content\/uploads\/2025\/12\/Mittel-mitgliedsausweiss_biker-Kopie-600x388.png\" class=\"attachment-medium size-medium\" alt=\"\" aria-describedby=\"gallery-1-25433\" srcset=\"https:\/\/www.mlc-munich.de\/web\/wp-content\/uploads\/2025\/12\/Mittel-mitgliedsausweiss_biker-Kopie-600x388.png 600w, https:\/\/www.mlc-munich.de\/web\/wp-content\/uploads\/2025\/12\/Mittel-mitgliedsausweiss_biker-Kopie.png 640w\" sizes=\"auto, (max-width: 600px) 100vw, 600px\" \/>\n\t\t\t<\/dt>\n\t\t\t\t<dd class='wp-caption-text gallery-caption' id='gallery-1-25433'>\n\t\t\t\tMotiv Biker\n\t\t\t\t<\/dd><\/dl><dl class='gallery-item'>\n\t\t\t<dt class='gallery-icon landscape'>\n\t\t\t\t<img loading=\"lazy\" decoding=\"async\" width=\"600\" height=\"388\" src=\"https:\/\/www.mlc-munich.de\/web\/wp-content\/uploads\/2025\/12\/Mittel-mitgliedsausweiss_bondage-Kopie-600x388.png\" class=\"attachment-medium size-medium\" alt=\"\" aria-describedby=\"gallery-1-25434\" srcset=\"https:\/\/www.mlc-munich.de\/web\/wp-content\/uploads\/2025\/12\/Mittel-mitgliedsausweiss_bondage-Kopie-600x388.png 600w, https:\/\/www.mlc-munich.de\/web\/wp-content\/uploads\/2025\/12\/Mittel-mitgliedsausweiss_bondage-Kopie.png 640w\" sizes=\"auto, (max-width: 600px) 100vw, 600px\" \/>\n\t\t\t<\/dt>\n\t\t\t\t<dd class='wp-caption-text gallery-caption' id='gallery-1-25434'>\n\t\t\t\tMotiv Bondage\n\t\t\t\t<\/dd><\/dl><br style=\"clear: both\" \/><dl class='gallery-item'>\n\t\t\t<dt class='gallery-icon landscape'>\n\t\t\t\t<img loading=\"lazy\" decoding=\"async\" width=\"600\" height=\"388\" src=\"https:\/\/www.mlc-munich.de\/web\/wp-content\/uploads\/2025\/12\/Mittel-mitgliedsausweiss_cowboy-Kopie-600x388.png\" class=\"attachment-medium size-medium\" alt=\"\" aria-describedby=\"gallery-1-25435\" srcset=\"https:\/\/www.mlc-munich.de\/web\/wp-content\/uploads\/2025\/12\/Mittel-mitgliedsausweiss_cowboy-Kopie-600x388.png 600w, https:\/\/www.mlc-munich.de\/web\/wp-content\/uploads\/2025\/12\/Mittel-mitgliedsausweiss_cowboy-Kopie.png 640w\" sizes=\"auto, (max-width: 600px) 100vw, 600px\" \/>\n\t\t\t<\/dt>\n\t\t\t\t<dd class='wp-caption-text gallery-caption' id='gallery-1-25435'>\n\t\t\t\tMotiv Cowboy\n\t\t\t\t<\/dd><\/dl><dl class='gallery-item'>\n\t\t\t<dt class='gallery-icon landscape'>\n\t\t\t\t<img loading=\"lazy\" decoding=\"async\" width=\"600\" height=\"388\" src=\"https:\/\/www.mlc-munich.de\/web\/wp-content\/uploads\/2025\/12\/Mittel-mitgliedsausweiss_dog-Kopie-600x388.png\" class=\"attachment-medium size-medium\" alt=\"\" aria-describedby=\"gallery-1-25436\" srcset=\"https:\/\/www.mlc-munich.de\/web\/wp-content\/uploads\/2025\/12\/Mittel-mitgliedsausweiss_dog-Kopie-600x388.png 600w, https:\/\/www.mlc-munich.de\/web\/wp-content\/uploads\/2025\/12\/Mittel-mitgliedsausweiss_dog-Kopie.png 640w\" sizes=\"auto, (max-width: 600px) 100vw, 600px\" \/>\n\t\t\t<\/dt>\n\t\t\t\t<dd class='wp-caption-text gallery-caption' id='gallery-1-25436'>\n\t\t\t\tMotiv Dog\n\t\t\t\t<\/dd><\/dl><dl class='gallery-item'>\n\t\t\t<dt class='gallery-icon landscape'>\n\t\t\t\t<img loading=\"lazy\" decoding=\"async\" width=\"600\" height=\"388\" src=\"https:\/\/www.mlc-munich.de\/web\/wp-content\/uploads\/2025\/12\/Mittel-mitgliedsausweiss_fisten-Kopie-600x388.png\" class=\"attachment-medium size-medium\" alt=\"\" aria-describedby=\"gallery-1-25437\" srcset=\"https:\/\/www.mlc-munich.de\/web\/wp-content\/uploads\/2025\/12\/Mittel-mitgliedsausweiss_fisten-Kopie-600x388.png 600w, https:\/\/www.mlc-munich.de\/web\/wp-content\/uploads\/2025\/12\/Mittel-mitgliedsausweiss_fisten-Kopie.png 640w\" sizes=\"auto, (max-width: 600px) 100vw, 600px\" \/>\n\t\t\t<\/dt>\n\t\t\t\t<dd class='wp-caption-text gallery-caption' id='gallery-1-25437'>\n\t\t\t\tMotiv Fisten\n\t\t\t\t<\/dd><\/dl><br style=\"clear: both\" \/><dl class='gallery-item'>\n\t\t\t<dt class='gallery-icon landscape'>\n\t\t\t\t<img loading=\"lazy\" decoding=\"async\" width=\"600\" height=\"388\" src=\"https:\/\/www.mlc-munich.de\/web\/wp-content\/uploads\/2025\/12\/Mittel-mitgliedsausweiss_hardcoregear-Kopie-600x388.png\" class=\"attachment-medium size-medium\" alt=\"\" aria-describedby=\"gallery-1-25438\" srcset=\"https:\/\/www.mlc-munich.de\/web\/wp-content\/uploads\/2025\/12\/Mittel-mitgliedsausweiss_hardcoregear-Kopie-600x388.png 600w, https:\/\/www.mlc-munich.de\/web\/wp-content\/uploads\/2025\/12\/Mittel-mitgliedsausweiss_hardcoregear-Kopie.png 640w\" sizes=\"auto, (max-width: 600px) 100vw, 600px\" \/>\n\t\t\t<\/dt>\n\t\t\t\t<dd class='wp-caption-text gallery-caption' id='gallery-1-25438'>\n\t\t\t\tMotiv Hardcore Gear\n\t\t\t\t<\/dd><\/dl><dl class='gallery-item'>\n\t\t\t<dt class='gallery-icon landscape'>\n\t\t\t\t<img loading=\"lazy\" decoding=\"async\" width=\"600\" height=\"388\" src=\"https:\/\/www.mlc-munich.de\/web\/wp-content\/uploads\/2025\/12\/Mittel-mitgliedsausweiss_leather-Kopie-600x388.png\" class=\"attachment-medium size-medium\" alt=\"\" aria-describedby=\"gallery-1-25439\" srcset=\"https:\/\/www.mlc-munich.de\/web\/wp-content\/uploads\/2025\/12\/Mittel-mitgliedsausweiss_leather-Kopie-600x388.png 600w, https:\/\/www.mlc-munich.de\/web\/wp-content\/uploads\/2025\/12\/Mittel-mitgliedsausweiss_leather-Kopie.png 640w\" sizes=\"auto, (max-width: 600px) 100vw, 600px\" \/>\n\t\t\t<\/dt>\n\t\t\t\t<dd class='wp-caption-text gallery-caption' id='gallery-1-25439'>\n\t\t\t\tMotiv Leather\n\t\t\t\t<\/dd><\/dl><dl class='gallery-item'>\n\t\t\t<dt class='gallery-icon landscape'>\n\t\t\t\t<img loading=\"lazy\" decoding=\"async\" width=\"600\" height=\"388\" src=\"https:\/\/www.mlc-munich.de\/web\/wp-content\/uploads\/2025\/12\/Mittel-mitgliedsausweiss_masked-Kopie-600x388.png\" class=\"attachment-medium size-medium\" alt=\"\" aria-describedby=\"gallery-1-25440\" srcset=\"https:\/\/www.mlc-munich.de\/web\/wp-content\/uploads\/2025\/12\/Mittel-mitgliedsausweiss_masked-Kopie-600x388.png 600w, https:\/\/www.mlc-munich.de\/web\/wp-content\/uploads\/2025\/12\/Mittel-mitgliedsausweiss_masked-Kopie.png 640w\" sizes=\"auto, (max-width: 600px) 100vw, 600px\" \/>\n\t\t\t<\/dt>\n\t\t\t\t<dd class='wp-caption-text gallery-caption' id='gallery-1-25440'>\n\t\t\t\tMotiv Masked\n\t\t\t\t<\/dd><\/dl><br style=\"clear: both\" \/><dl class='gallery-item'>\n\t\t\t<dt class='gallery-icon landscape'>\n\t\t\t\t<img loading=\"lazy\" decoding=\"async\" width=\"600\" height=\"388\" src=\"https:\/\/www.mlc-munich.de\/web\/wp-content\/uploads\/2025\/12\/Mittel-mitgliedsausweiss_naked-Kopie-600x388.png\" class=\"attachment-medium size-medium\" alt=\"\" aria-describedby=\"gallery-1-25441\" srcset=\"https:\/\/www.mlc-munich.de\/web\/wp-content\/uploads\/2025\/12\/Mittel-mitgliedsausweiss_naked-Kopie-600x388.png 600w, https:\/\/www.mlc-munich.de\/web\/wp-content\/uploads\/2025\/12\/Mittel-mitgliedsausweiss_naked-Kopie.png 640w\" sizes=\"auto, (max-width: 600px) 100vw, 600px\" \/>\n\t\t\t<\/dt>\n\t\t\t\t<dd class='wp-caption-text gallery-caption' id='gallery-1-25441'>\n\t\t\t\tMotiv Naked\n\t\t\t\t<\/dd><\/dl><dl class='gallery-item'>\n\t\t\t<dt class='gallery-icon landscape'>\n\t\t\t\t<img loading=\"lazy\" decoding=\"async\" width=\"600\" height=\"388\" src=\"https:\/\/www.mlc-munich.de\/web\/wp-content\/uploads\/2025\/12\/Mittel-mitgliedsausweiss_punk-Kopie-600x388.png\" class=\"attachment-medium size-medium\" alt=\"\" aria-describedby=\"gallery-1-25443\" srcset=\"https:\/\/www.mlc-munich.de\/web\/wp-content\/uploads\/2025\/12\/Mittel-mitgliedsausweiss_punk-Kopie-600x388.png 600w, https:\/\/www.mlc-munich.de\/web\/wp-content\/uploads\/2025\/12\/Mittel-mitgliedsausweiss_punk-Kopie.png 640w\" sizes=\"auto, (max-width: 600px) 100vw, 600px\" \/>\n\t\t\t<\/dt>\n\t\t\t\t<dd class='wp-caption-text gallery-caption' id='gallery-1-25443'>\n\t\t\t\tMotiv Punk\n\t\t\t\t<\/dd><\/dl><dl class='gallery-item'>\n\t\t\t<dt class='gallery-icon landscape'>\n\t\t\t\t<img loading=\"lazy\" decoding=\"async\" width=\"600\" height=\"388\" src=\"https:\/\/www.mlc-munich.de\/web\/wp-content\/uploads\/2025\/12\/Mittel-mitgliedsausweiss_rubber-Kopie-600x388.png\" class=\"attachment-medium size-medium\" alt=\"\" aria-describedby=\"gallery-1-25444\" srcset=\"https:\/\/www.mlc-munich.de\/web\/wp-content\/uploads\/2025\/12\/Mittel-mitgliedsausweiss_rubber-Kopie-600x388.png 600w, https:\/\/www.mlc-munich.de\/web\/wp-content\/uploads\/2025\/12\/Mittel-mitgliedsausweiss_rubber-Kopie.png 640w\" sizes=\"auto, (max-width: 600px) 100vw, 600px\" \/>\n\t\t\t<\/dt>\n\t\t\t\t<dd class='wp-caption-text gallery-caption' id='gallery-1-25444'>\n\t\t\t\tMotiv Rubber\n\t\t\t\t<\/dd><\/dl><br style=\"clear: both\" \/><dl class='gallery-item'>\n\t\t\t<dt class='gallery-icon landscape'>\n\t\t\t\t<img loading=\"lazy\" decoding=\"async\" width=\"600\" height=\"388\" src=\"https:\/\/www.mlc-munich.de\/web\/wp-content\/uploads\/2025\/12\/Mittel-mitgliedsausweiss_skin-Kopie-600x388.png\" class=\"attachment-medium size-medium\" alt=\"\" aria-describedby=\"gallery-1-25445\" srcset=\"https:\/\/www.mlc-munich.de\/web\/wp-content\/uploads\/2025\/12\/Mittel-mitgliedsausweiss_skin-Kopie-600x388.png 600w, https:\/\/www.mlc-munich.de\/web\/wp-content\/uploads\/2025\/12\/Mittel-mitgliedsausweiss_skin-Kopie.png 640w\" sizes=\"auto, (max-width: 600px) 100vw, 600px\" \/>\n\t\t\t<\/dt>\n\t\t\t\t<dd class='wp-caption-text gallery-caption' id='gallery-1-25445'>\n\t\t\t\tMotiv Skin\n\t\t\t\t<\/dd><\/dl><dl class='gallery-item'>\n\t\t\t<dt class='gallery-icon landscape'>\n\t\t\t\t<img loading=\"lazy\" decoding=\"async\" width=\"600\" height=\"388\" src=\"https:\/\/www.mlc-munich.de\/web\/wp-content\/uploads\/2025\/12\/Mittel-mitgliedsausweiss_soldiers-Kopie-600x388.png\" class=\"attachment-medium size-medium\" alt=\"\" aria-describedby=\"gallery-1-25446\" srcset=\"https:\/\/www.mlc-munich.de\/web\/wp-content\/uploads\/2025\/12\/Mittel-mitgliedsausweiss_soldiers-Kopie-600x388.png 600w, https:\/\/www.mlc-munich.de\/web\/wp-content\/uploads\/2025\/12\/Mittel-mitgliedsausweiss_soldiers-Kopie.png 640w\" sizes=\"auto, (max-width: 600px) 100vw, 600px\" \/>\n\t\t\t<\/dt>\n\t\t\t\t<dd class='wp-caption-text gallery-caption' id='gallery-1-25446'>\n\t\t\t\tMotiv Soldiers\n\t\t\t\t<\/dd><\/dl><dl class='gallery-item'>\n\t\t\t<dt class='gallery-icon landscape'>\n\t\t\t\t<img loading=\"lazy\" decoding=\"async\" width=\"600\" height=\"388\" src=\"https:\/\/www.mlc-munich.de\/web\/wp-content\/uploads\/2025\/12\/Mittel-mitgliedsausweiss_sports-Kopie-600x388.png\" class=\"attachment-medium size-medium\" alt=\"\" aria-describedby=\"gallery-1-25447\" srcset=\"https:\/\/www.mlc-munich.de\/web\/wp-content\/uploads\/2025\/12\/Mittel-mitgliedsausweiss_sports-Kopie-600x388.png 600w, https:\/\/www.mlc-munich.de\/web\/wp-content\/uploads\/2025\/12\/Mittel-mitgliedsausweiss_sports-Kopie.png 640w\" sizes=\"auto, (max-width: 600px) 100vw, 600px\" \/>\n\t\t\t<\/dt>\n\t\t\t\t<dd class='wp-caption-text gallery-caption' id='gallery-1-25447'>\n\t\t\t\tMotiv Sportsware\n\t\t\t\t<\/dd><\/dl><br style=\"clear: both\" \/><dl class='gallery-item'>\n\t\t\t<dt class='gallery-icon landscape'>\n\t\t\t\t<img loading=\"lazy\" decoding=\"async\" width=\"600\" height=\"388\" src=\"https:\/\/www.mlc-munich.de\/web\/wp-content\/uploads\/2025\/12\/Mittel-mitgliedsausweiss_Suit_Tie-Kopie-600x388.png\" class=\"attachment-medium size-medium\" alt=\"\" aria-describedby=\"gallery-1-25448\" srcset=\"https:\/\/www.mlc-munich.de\/web\/wp-content\/uploads\/2025\/12\/Mittel-mitgliedsausweiss_Suit_Tie-Kopie-600x388.png 600w, https:\/\/www.mlc-munich.de\/web\/wp-content\/uploads\/2025\/12\/Mittel-mitgliedsausweiss_Suit_Tie-Kopie.png 640w\" sizes=\"auto, (max-width: 600px) 100vw, 600px\" \/>\n\t\t\t<\/dt>\n\t\t\t\t<dd class='wp-caption-text gallery-caption' id='gallery-1-25448'>\n\t\t\t\tMotiv Suit &#038; Tie\n\t\t\t\t<\/dd><\/dl><dl class='gallery-item'>\n\t\t\t<dt class='gallery-icon landscape'>\n\t\t\t\t<img loading=\"lazy\" decoding=\"async\" width=\"600\" height=\"388\" src=\"https:\/\/www.mlc-munich.de\/web\/wp-content\/uploads\/2025\/12\/Mittel-mitgliedsausweiss_workwear-Kopie-600x388.png\" class=\"attachment-medium size-medium\" alt=\"\" aria-describedby=\"gallery-1-25449\" srcset=\"https:\/\/www.mlc-munich.de\/web\/wp-content\/uploads\/2025\/12\/Mittel-mitgliedsausweiss_workwear-Kopie-600x388.png 600w, https:\/\/www.mlc-munich.de\/web\/wp-content\/uploads\/2025\/12\/Mittel-mitgliedsausweiss_workwear-Kopie.png 640w\" sizes=\"auto, (max-width: 600px) 100vw, 600px\" \/>\n\t\t\t<\/dt>\n\t\t\t\t<dd class='wp-caption-text gallery-caption' id='gallery-1-25449'>\n\t\t\t\tMotiv Workware\n\t\t\t\t<\/dd><\/dl>\n\t\t\t<br style='clear: both' \/>\n\t\t<\/div>\n\n<p>&nbsp;<\/p>\n<p><a title=\"Vereinsverwaltung Mitglieder\" href=\"https:\/\/easyverein.com\/public\/MLC\/\"><img decoding=\"async\" src=\"https:\/\/easyverein.com\/static\/img\/login_link.png\" \/><\/a><\/p>\n","protected":false},"excerpt":{"rendered":"<p>Show your Fetish! Als einer der gr\u00f6\u00dften Fetischvereine Europas sind wir stolz darauf eine sehr breitgef\u00e4cherte Palette an Partymottos anbieten zu k\u00f6nnen. Um insbesondere die etwas selteneren Fetische weiter zu f\u00f6rdern, kannst Du k\u00fcnftig auf dem MLC-Mitgliedsausweis Deinen Lieblingsfetisch zeigen! W\u00e4hle dazu aus den nachfolgenden Motiven Deinen Lieblingsfetisch aus und sende das ausgef\u00fcllte Formular ab. Immer am Anfang des Jahres erh\u00e4ltst Du dann Deinen Mitgliedsausweis mit Deinem Lieblingsfetisch. Zeige ihn bei der passenden Party an der Kasse und freu Dich [&hellip;]<\/p>\n","protected":false},"author":2,"featured_media":0,"parent":166,"menu_order":40,"comment_status":"closed","ping_status":"closed","template":"","meta":{"footnotes":""},"class_list":["post-373","page","type-page","status-publish","hentry","post"],"translation":{"provider":"WPGlobus","version":"3.0.2","language":"de","enabled_languages":["de","en"],"languages":{"de":{"title":true,"content":true,"excerpt":false},"en":{"title":true,"content":true,"excerpt":false}}},"yoast_head":"<!-- This site is optimized with the Yoast SEO plugin v27.5 - https:\/\/yoast.com\/product\/yoast-seo-wordpress\/ -->\n<title>Der MLC-Mitgliedsausweis - MLC M\u00fcnchner L\u00f6wen Club e.V.<\/title>\n<meta name=\"robots\" content=\"index, follow, max-snippet:-1, max-image-preview:large, max-video-preview:-1\" \/>\n<link rel=\"canonical\" href=\"https:\/\/www.mlc-munich.de\/web\/der-mlc\/der-mlc-mitgliedsausweis-show-your-fetish\/\" \/>\n<meta property=\"og:locale\" content=\"de_DE\" \/>\n<meta property=\"og:type\" content=\"article\" \/>\n<meta property=\"og:title\" content=\"Der MLC-Mitgliedsausweis - MLC M\u00fcnchner L\u00f6wen Club e.V.\" \/>\n<meta property=\"og:url\" content=\"https:\/\/www.mlc-munich.de\/web\/der-mlc\/der-mlc-mitgliedsausweis-show-your-fetish\/\" \/>\n<meta property=\"og:site_name\" content=\"MLC M\u00fcnchner L\u00f6wen Club e.V.\" \/>\n<meta property=\"article:modified_time\" content=\"2026-01-04T10:09:59+00:00\" \/>\n<meta property=\"og:image\" content=\"https:\/\/www.mlc-munich.de\/web\/wp-content\/uploads\/2025\/12\/Mittel-mitgliedsausweiss_neutral1-Kopie-600x388.png\" \/>\n<meta name=\"twitter:card\" content=\"summary_large_image\" \/>\n<meta name=\"twitter:label1\" content=\"Gesch\u00e4tzte Lesezeit\" \/>\n\t<meta name=\"twitter:data1\" content=\"1\u00a0Minute\" \/>\n<script type=\"application\/ld+json\" class=\"yoast-schema-graph\">{\"@context\":\"https:\\\/\\\/schema.org\",\"@graph\":[{\"@type\":\"WebPage\",\"@id\":\"https:\\\/\\\/www.mlc-munich.de\\\/web\\\/der-mlc\\\/der-mlc-mitgliedsausweis-show-your-fetish\\\/\",\"url\":\"https:\\\/\\\/www.mlc-munich.de\\\/web\\\/der-mlc\\\/der-mlc-mitgliedsausweis-show-your-fetish\\\/\",\"name\":\"Der MLC-Mitgliedsausweis - MLC M\u00fcnchner L\u00f6wen Club e.V.\",\"isPartOf\":{\"@id\":\"https:\\\/\\\/www.mlc-munich.de\\\/web\\\/#website\"},\"primaryImageOfPage\":{\"@id\":\"https:\\\/\\\/www.mlc-munich.de\\\/web\\\/der-mlc\\\/der-mlc-mitgliedsausweis-show-your-fetish\\\/#primaryimage\"},\"image\":{\"@id\":\"https:\\\/\\\/www.mlc-munich.de\\\/web\\\/der-mlc\\\/der-mlc-mitgliedsausweis-show-your-fetish\\\/#primaryimage\"},\"thumbnailUrl\":\"https:\\\/\\\/easyverein.com\\\/static\\\/img\\\/login_link.png\",\"datePublished\":\"2018-04-30T11:07:07+00:00\",\"dateModified\":\"2026-01-04T10:09:59+00:00\",\"breadcrumb\":{\"@id\":\"https:\\\/\\\/www.mlc-munich.de\\\/web\\\/der-mlc\\\/der-mlc-mitgliedsausweis-show-your-fetish\\\/#breadcrumb\"},\"inLanguage\":\"de\",\"potentialAction\":[{\"@type\":\"ReadAction\",\"target\":[\"https:\\\/\\\/www.mlc-munich.de\\\/web\\\/der-mlc\\\/der-mlc-mitgliedsausweis-show-your-fetish\\\/\"]}]},{\"@type\":\"ImageObject\",\"inLanguage\":\"de\",\"@id\":\"https:\\\/\\\/www.mlc-munich.de\\\/web\\\/der-mlc\\\/der-mlc-mitgliedsausweis-show-your-fetish\\\/#primaryimage\",\"url\":\"https:\\\/\\\/easyverein.com\\\/static\\\/img\\\/login_link.png\",\"contentUrl\":\"https:\\\/\\\/easyverein.com\\\/static\\\/img\\\/login_link.png\"},{\"@type\":\"BreadcrumbList\",\"@id\":\"https:\\\/\\\/www.mlc-munich.de\\\/web\\\/der-mlc\\\/der-mlc-mitgliedsausweis-show-your-fetish\\\/#breadcrumb\",\"itemListElement\":[{\"@type\":\"ListItem\",\"position\":1,\"name\":\"Startseite\",\"item\":\"https:\\\/\\\/www.mlc-munich.de\\\/web\\\/\"},{\"@type\":\"ListItem\",\"position\":2,\"name\":\"Der MLC\",\"item\":\"https:\\\/\\\/www.mlc-munich.de\\\/web\\\/der-mlc\\\/\"},{\"@type\":\"ListItem\",\"position\":3,\"name\":\"Der MLC-Mitgliedsausweis\"}]},{\"@type\":\"WebSite\",\"@id\":\"https:\\\/\\\/www.mlc-munich.de\\\/web\\\/#website\",\"url\":\"https:\\\/\\\/www.mlc-munich.de\\\/web\\\/\",\"name\":\"MLC M\u00fcnchner L\u00f6wen Club e.V.\",\"description\":\"MLC M\u00fcnchner L\u00f6wen Club e.V.\",\"publisher\":{\"@id\":\"https:\\\/\\\/www.mlc-munich.de\\\/web\\\/#organization\"},\"potentialAction\":[{\"@type\":\"SearchAction\",\"target\":{\"@type\":\"EntryPoint\",\"urlTemplate\":\"https:\\\/\\\/www.mlc-munich.de\\\/web\\\/?s={search_term_string}\"},\"query-input\":{\"@type\":\"PropertyValueSpecification\",\"valueRequired\":true,\"valueName\":\"search_term_string\"}}],\"inLanguage\":\"de\"},{\"@type\":\"Organization\",\"@id\":\"https:\\\/\\\/www.mlc-munich.de\\\/web\\\/#organization\",\"name\":\"MLC M\u00fcnchner L\u00f6wen Club e.V.\",\"url\":\"https:\\\/\\\/www.mlc-munich.de\\\/web\\\/\",\"logo\":{\"@type\":\"ImageObject\",\"inLanguage\":\"de\",\"@id\":\"https:\\\/\\\/www.mlc-munich.de\\\/web\\\/#\\\/schema\\\/logo\\\/image\\\/\",\"url\":\"https:\\\/\\\/www.mlc-munich.de\\\/web\\\/wp-content\\\/uploads\\\/2018\\\/05\\\/logo_250x95px-Kopie.png\",\"contentUrl\":\"https:\\\/\\\/www.mlc-munich.de\\\/web\\\/wp-content\\\/uploads\\\/2018\\\/05\\\/logo_250x95px-Kopie.png\",\"width\":250,\"height\":95,\"caption\":\"MLC M\u00fcnchner L\u00f6wen Club e.V.\"},\"image\":{\"@id\":\"https:\\\/\\\/www.mlc-munich.de\\\/web\\\/#\\\/schema\\\/logo\\\/image\\\/\"}}]}<\/script>\n<!-- \/ Yoast SEO plugin. -->","yoast_head_json":{"title":"Der MLC-Mitgliedsausweis - MLC M\u00fcnchner L\u00f6wen Club e.V.","robots":{"index":"index","follow":"follow","max-snippet":"max-snippet:-1","max-image-preview":"max-image-preview:large","max-video-preview":"max-video-preview:-1"},"canonical":"https:\/\/www.mlc-munich.de\/web\/der-mlc\/der-mlc-mitgliedsausweis-show-your-fetish\/","og_locale":"de_DE","og_type":"article","og_title":"Der MLC-Mitgliedsausweis - MLC M\u00fcnchner L\u00f6wen Club e.V.","og_url":"https:\/\/www.mlc-munich.de\/web\/der-mlc\/der-mlc-mitgliedsausweis-show-your-fetish\/","og_site_name":"MLC M\u00fcnchner L\u00f6wen Club e.V.","article_modified_time":"2026-01-04T10:09:59+00:00","og_image":[{"url":"https:\/\/www.mlc-munich.de\/web\/wp-content\/uploads\/2025\/12\/Mittel-mitgliedsausweiss_neutral1-Kopie-600x388.png","type":"","width":"","height":""}],"twitter_card":"summary_large_image","twitter_misc":{"Gesch\u00e4tzte Lesezeit":"1\u00a0Minute"},"schema":{"@context":"https:\/\/schema.org","@graph":[{"@type":"WebPage","@id":"https:\/\/www.mlc-munich.de\/web\/der-mlc\/der-mlc-mitgliedsausweis-show-your-fetish\/","url":"https:\/\/www.mlc-munich.de\/web\/der-mlc\/der-mlc-mitgliedsausweis-show-your-fetish\/","name":"Der MLC-Mitgliedsausweis - MLC M\u00fcnchner L\u00f6wen Club e.V.","isPartOf":{"@id":"https:\/\/www.mlc-munich.de\/web\/#website"},"primaryImageOfPage":{"@id":"https:\/\/www.mlc-munich.de\/web\/der-mlc\/der-mlc-mitgliedsausweis-show-your-fetish\/#primaryimage"},"image":{"@id":"https:\/\/www.mlc-munich.de\/web\/der-mlc\/der-mlc-mitgliedsausweis-show-your-fetish\/#primaryimage"},"thumbnailUrl":"https:\/\/easyverein.com\/static\/img\/login_link.png","datePublished":"2018-04-30T11:07:07+00:00","dateModified":"2026-01-04T10:09:59+00:00","breadcrumb":{"@id":"https:\/\/www.mlc-munich.de\/web\/der-mlc\/der-mlc-mitgliedsausweis-show-your-fetish\/#breadcrumb"},"inLanguage":"de","potentialAction":[{"@type":"ReadAction","target":["https:\/\/www.mlc-munich.de\/web\/der-mlc\/der-mlc-mitgliedsausweis-show-your-fetish\/"]}]},{"@type":"ImageObject","inLanguage":"de","@id":"https:\/\/www.mlc-munich.de\/web\/der-mlc\/der-mlc-mitgliedsausweis-show-your-fetish\/#primaryimage","url":"https:\/\/easyverein.com\/static\/img\/login_link.png","contentUrl":"https:\/\/easyverein.com\/static\/img\/login_link.png"},{"@type":"BreadcrumbList","@id":"https:\/\/www.mlc-munich.de\/web\/der-mlc\/der-mlc-mitgliedsausweis-show-your-fetish\/#breadcrumb","itemListElement":[{"@type":"ListItem","position":1,"name":"Startseite","item":"https:\/\/www.mlc-munich.de\/web\/"},{"@type":"ListItem","position":2,"name":"Der MLC","item":"https:\/\/www.mlc-munich.de\/web\/der-mlc\/"},{"@type":"ListItem","position":3,"name":"Der MLC-Mitgliedsausweis"}]},{"@type":"WebSite","@id":"https:\/\/www.mlc-munich.de\/web\/#website","url":"https:\/\/www.mlc-munich.de\/web\/","name":"MLC M\u00fcnchner L\u00f6wen Club e.V.","description":"MLC M\u00fcnchner L\u00f6wen Club e.V.","publisher":{"@id":"https:\/\/www.mlc-munich.de\/web\/#organization"},"potentialAction":[{"@type":"SearchAction","target":{"@type":"EntryPoint","urlTemplate":"https:\/\/www.mlc-munich.de\/web\/?s={search_term_string}"},"query-input":{"@type":"PropertyValueSpecification","valueRequired":true,"valueName":"search_term_string"}}],"inLanguage":"de"},{"@type":"Organization","@id":"https:\/\/www.mlc-munich.de\/web\/#organization","name":"MLC M\u00fcnchner L\u00f6wen Club e.V.","url":"https:\/\/www.mlc-munich.de\/web\/","logo":{"@type":"ImageObject","inLanguage":"de","@id":"https:\/\/www.mlc-munich.de\/web\/#\/schema\/logo\/image\/","url":"https:\/\/www.mlc-munich.de\/web\/wp-content\/uploads\/2018\/05\/logo_250x95px-Kopie.png","contentUrl":"https:\/\/www.mlc-munich.de\/web\/wp-content\/uploads\/2018\/05\/logo_250x95px-Kopie.png","width":250,"height":95,"caption":"MLC M\u00fcnchner L\u00f6wen Club e.V."},"image":{"@id":"https:\/\/www.mlc-munich.de\/web\/#\/schema\/logo\/image\/"}}]}},"_links":{"self":[{"href":"https:\/\/www.mlc-munich.de\/web\/wp-json\/wp\/v2\/pages\/373","targetHints":{"allow":["GET"]}}],"collection":[{"href":"https:\/\/www.mlc-munich.de\/web\/wp-json\/wp\/v2\/pages"}],"about":[{"href":"https:\/\/www.mlc-munich.de\/web\/wp-json\/wp\/v2\/types\/page"}],"author":[{"embeddable":true,"href":"https:\/\/www.mlc-munich.de\/web\/wp-json\/wp\/v2\/users\/2"}],"replies":[{"embeddable":true,"href":"https:\/\/www.mlc-munich.de\/web\/wp-json\/wp\/v2\/comments?post=373"}],"version-history":[{"count":27,"href":"https:\/\/www.mlc-munich.de\/web\/wp-json\/wp\/v2\/pages\/373\/revisions"}],"predecessor-version":[{"id":25594,"href":"https:\/\/www.mlc-munich.de\/web\/wp-json\/wp\/v2\/pages\/373\/revisions\/25594"}],"up":[{"embeddable":true,"href":"https:\/\/www.mlc-munich.de\/web\/wp-json\/wp\/v2\/pages\/166"}],"wp:attachment":[{"href":"https:\/\/www.mlc-munich.de\/web\/wp-json\/wp\/v2\/media?parent=373"}],"curies":[{"name":"wp","href":"https:\/\/api.w.org\/{rel}","templated":true}]}}