{"id":376,"date":"2018-04-30T13:08:17","date_gmt":"2018-04-30T11:08:17","guid":{"rendered":"https:\/\/www.mlc-munich.de\/web\/?page_id=376"},"modified":"2021-08-10T11:34:48","modified_gmt":"2021-08-10T09:34:48","slug":"antigewalt","status":"publish","type":"page","link":"https:\/\/www.mlc-munich.de\/web\/der-mlc\/antigewalt\/","title":{"rendered":"Antigewalt"},"content":{"rendered":"<h1><img loading=\"lazy\" decoding=\"async\" class=\"size-full wp-image-584 alignright\" src=\"https:\/\/www.mlc-munich.de\/web\/wp-content\/uploads\/2018\/05\/Mann_Logo_Antigewalt.png\" alt=\"\" width=\"181\" height=\"297\" \/><\/h1>\n<h4 class=\"MsoNormal\">Herzlich Willkommen &#8230;<\/h4>\n<div class=\"su-list\" style=\"margin-left:0px\">\n<ul>\n<li><i class=\"sui sui-star\" style=\"color:#333\"><\/i> \n<h4>wenn Du Informationen zu antischwuler Gewalt in M\u00fcnchen \/ Bayern oder allgemein suchst<\/h4>\n<\/li>\n<li><i class=\"sui sui-star\" style=\"color:#333\"><\/i> \n<h4>wenn Du Dich pr\u00e4ventiv vor homophoben Aggressionen sch\u00fctzen m\u00f6chtest<\/h4>\n<\/li>\n<li><i class=\"sui sui-star\" style=\"color:#333\"><\/i> \n<h4>wenn Du antischwule Gewalt erfahren hast und Hilfe brauchst<\/h4>\n<\/li>\n<\/ul>\n<\/div>\n<p>Unsere Gesellschaft ist gegen\u00fcber Schwulen, Lesben, Trans &amp; Bi\u00b4s offener &amp; toleranter geworden &#8211; die Akzeptanz homosexueller Liebe &amp; Lebensweisen w\u00e4chst &#8211; trotzdem gibt es immer wieder homophobe Aggressionen &amp; antischwule Gewalt mit unterschiedlichen Motivationen!<\/p>\n<p>Scham, Angst, Trauma sind oft Gr\u00fcnde, warum diese Taten nicht gemeldet werden und Opfer schweigen &#8211; daher ist die Dunkelziffer solcher Vorf\u00e4lle sehr hoch &#8230; das gilt aber auch besonders f\u00fcr Gewalt die innerhalb einer Beziehung ausge\u00fcbt wird!<\/p>\n<p>Der MLC m\u00f6chte hier seinen Mitgliedern &amp; Freunden zu diesem Thema informieren und Wege zur Hilfe aufzeigen &#8211;<br \/>\nso eine Seite wie diese hier lebt aber auch von Kommunikation &amp; Austausch &#8230;<\/p>\n<h4>Wir freuen uns daher auch auf Dein Feedback:<\/h4>\n<h4>Thorsten<br \/>\n<a href=\"mailto:antigewalt@mlc-munich.de\">antigewalt@mlc-munich.de<\/a><\/h4>\n<div class=\"su-accordion su-u-trim\"><div class=\"su-spoiler su-spoiler-style-fancy su-spoiler-icon- su-spoiler-closed\" data-scroll-offset=\"0\" data-anchor-in-url=\"no\"><div class=\"su-spoiler-title\" tabindex=\"0\" role=\"button\"><span class=\"su-spoiler-icon\"><\/span>Hilfe<\/div><div class=\"su-spoiler-content su-u-clearfix su-u-trim\">\n<h4>Du bist Opfer homophober Aggressionen und \/ oder antischwuler Gewalt geworden? Was Du tun kannst und wo Du Hilfe bekommst:<\/h4>\n<p><strong>\u2022 am besten sofort: W\u00e4hle 110!<\/strong><br \/>\nMelde den Vorfall der Polizei und zeige den\/die T\u00e4ter an. Nur so k\u00f6nnen T\u00e4ter gefasst werden &#8211; nicht anzeigen sch\u00fctzt den T\u00e4ter!<br \/>\n<strong>\u2022 wenn Du angegriffen wirst, versuche eher zu fliehen als mit Gegenwehr zu antworten &#8211; gehe nicht auf verbale Provokationen ein!<\/strong><br \/>\n<strong> \u2022 bitte evtl. Anwesende um Unterst\u00fctzung!<\/strong><br \/>\n<strong> \u2022 solltest Du bei der Polizei Diskriminierung bef\u00fcrchten oder Dich sch\u00e4men &#8211; es gibt in M\u00fcnchen das <a href=\"http:\/\/www.polizei.bayern.de\/schuetzenvorbeugen\/beratung\/index.html\/663\" target=\"_blank\" rel=\"noopener\">Kommissariat 105 f\u00fcr Opferschutz<\/a><br \/>\n<\/strong><br \/>\n<strong>Opferberatung<\/strong><br \/>\n089\/2910-4444<br \/>\nBayerstra\u00dfe 35-37<br \/>\n80335 M\u00fcnchen<br \/>\nMo &#8211; Fr\u00a0 08.00-11.00 Uhr<br \/>\nMo &#8211; Do 13.00-15.00 Uhr<\/p>\n<p>Hier sind Polizeibeamte besonders geschult und f\u00fcr das Thema Gewalt gegen\u00fcber Homosexuellen sensibilisiert!<\/p>\n<p><strong>\u2022 wende Dich an das Anti-Gewalt-Projekt der <a href=\"https:\/\/www.subonline.org\/schwul_in_muenchen\/beratung\/anti-gewalt-projekt\/\" target=\"_blank\" rel=\"noopener\">SUB-Beratungsstelle<\/a><\/strong><br \/>\nTel.: 089\/26025070<br \/>\n<a href=\"mailto:agp@subonline.org\">agp@subonline.org<\/a><\/p>\n<p>Dort sind Mitarbeiter f\u00fcr Dich da &#8211; auch diskret &amp; anonym wenn Du es m\u00f6chtest &#8230; und auch bei Gewalt innerhalb einer Beziehung, durch schwules Mobbing oder Missbrauch: Lass Dir helfen!<\/p>\n<p><strong>\u2022 wende Dich an das <a href=\"http:\/\/www.aktionsolidaritaet.de\/\" target=\"_blank\" rel=\"noopener\">Aktionsb\u00fcndnis f\u00fcr Solidarit\u00e4t<\/a><\/strong><br \/>\nEs ist wichtig dass antischwule Gewalt &amp; homophobe Aggressionen gemeldet &amp; dokumentiert werden &#8211; auch damit die Verantwortlichen in der Szene ein aktuelles Bild \u00fcber die Tendenzen &amp; Entwicklungen bekommen!<br \/>\nHier findest Du ein <a href=\"http:\/\/www.aktionsolidaritaet.de\/kontaktformular.html\" target=\"_blank\" rel=\"noopener\">Kontaktformular<\/a>, welches Du auch anonym nutzen &amp; ausf\u00fcllen kannst &#8230; es kann auch der erste Schritt zur Hilfe sein &#8211; nutze sie!<\/p>\n<\/div><\/div>\n<div class=\"su-spoiler su-spoiler-style-fancy su-spoiler-icon- su-spoiler-closed\" data-scroll-offset=\"0\" data-anchor-in-url=\"no\"><div class=\"su-spoiler-title\" tabindex=\"0\" role=\"button\"><span class=\"su-spoiler-icon\"><\/span>Pr\u00e4vention<\/div><div class=\"su-spoiler-content su-u-clearfix su-u-trim\">\n<h4>Sei wachsam, vorausschauend &amp; umsichtig &#8230; immer &amp; \u00fcberall!<\/h4>\n<p>Das\u00a0<a href=\"https:\/\/www.mlc-munich.de\/web\/wp-content\/uploads\/2018\/05\/flyer_des_kommissariats_105.pdf\">Kommissariat 105 f\u00fcr Opferschutz<\/a> bietet in Zusammenarbeit mit M\u00fcnchner Polizei-Inspektionen einen <a href=\"http:\/\/www.polizei.bayern.de\/content\/9\/9\/1\/3\/7\/polizei-kurs.pdf\" target=\"_blank\" rel=\"noopener\">Kurs f\u00fcr Zivilcourage &amp; Selbstsicherheit<\/a> an.<\/p>\n<p>Ziel des seit 1999 angebotenen Trainings ist neben dem Erlernen von Zivilcourage (wie helfe ich anderen) auch das Erlernen von Selbstsicherheit (wie helfe ich mir selbst). Dabei geht es \u00fcberwiegend um Verhaltensmuster, die in Rollenspielen erarbeitet werden. Helfen &#8211; ohne sich selbst in Gefahr zu bringen!<\/p>\n<p>Der Kurs eignet sich insbesondere auch f\u00fcr solche Teilnehmer\/innen, die selbst Opfer geworden sind &#8211; oder Opfern helfen m\u00f6chten.<\/p>\n<p>Zur St\u00e4rkung des Sicherheitsempfindens wird in Zusammenarbeit mit den Kontaktbeamten der \u00f6rtlichen Polizeiinspektionen ein POLIZEI-Kurs angeboten, der Euch insbesondere auf folgende Fragen Antworten gibt:<\/p>\n<p><strong>Wie erkenne ich Gefahren rechtzeitig?<\/strong><br \/>\n<strong> Wie verhalte ich mich in Gefahrensituationen?<\/strong><br \/>\n<strong> Wie setze ich meine Stimme effektiv ein?<\/strong><br \/>\n<strong> Wie verteidige ich mich sinnvoll?<\/strong><br \/>\n<strong> Wo sind besondere Risikobereiche?<\/strong><br \/>\n<strong> Was ist Notwehr \/ Nothilfe?<\/strong><\/p>\n<p>Der etwa vierst\u00fcndige Kurs f\u00fcr jeweils 15 bis 20 Teilnehmer wird allen M\u00fcnchner Stadt- und Landkreisb\u00fcrgern kostenlos angeboten. Der Verein \u201ePOLIZISTEN HELFEN &#8211; Polizeifreunde M\u00fcnchen e.V.&#8220; finanzierte in vollem Umfang die Kursunterlagen und Materialien. Die Durchf\u00fchrung erfolgt beim Kommissariat 105 oder durch einen der \u00fcber 80 ausgebildeten Kontaktbeamten bei den \u00f6rtlichen Polizeiinspektionen.<\/p>\n<p>Wir k\u00f6nnen diesen Kurs sehr empfehlen und organsieren gerne Kurse f\u00fcr &amp; mit MLC-Mitgliedern, Freunden &amp; Interessierten &#8211; bei Interesse bitte eine mail an Thorsten <a href=\"mailto:antigewalt@mlc-munich.de\">antigewalt@mlc-munich.de<\/a><\/p>\n<p>Die <a href=\"http:\/\/www.isarbiker-muenchen.de\/\" target=\"_blank\" rel=\"noopener\">Isarbiker<\/a> haben diesen Kurs \u00fcbringens schon besucht &#8211; wenn Du mehr dar\u00fcber erfahren m\u00f6chtest, kontaktiere sie oder komm zu ihrem Stammtisch an jedem 1. &amp; 3. Mittwoch im Monat (ab 20.00 Uhr im Kreuzberger auf der Westerm\u00fchlstr. 32 in M\u00fcnchen)<\/p>\n<\/div><\/div><\/div>\n","protected":false},"excerpt":{"rendered":"<p>Herzlich Willkommen &#8230; Unsere Gesellschaft ist gegen\u00fcber Schwulen, Lesben, Trans &amp; Bi\u00b4s offener &amp; toleranter geworden &#8211; die Akzeptanz homosexueller Liebe &amp; Lebensweisen w\u00e4chst &#8211; trotzdem gibt es immer wieder homophobe Aggressionen &amp; antischwule Gewalt mit unterschiedlichen Motivationen! Scham, Angst, Trauma sind oft Gr\u00fcnde, warum diese Taten nicht gemeldet werden und Opfer schweigen &#8211; daher ist die Dunkelziffer solcher Vorf\u00e4lle sehr hoch &#8230; das gilt aber auch besonders f\u00fcr Gewalt die innerhalb einer Beziehung ausge\u00fcbt wird! Der MLC m\u00f6chte hier [&hellip;]<\/p>\n","protected":false},"author":2,"featured_media":0,"parent":166,"menu_order":50,"comment_status":"closed","ping_status":"closed","template":"","meta":{"footnotes":""},"class_list":["post-376","page","type-page","status-publish","hentry","post"],"translation":{"provider":"WPGlobus","version":"3.0.2","language":"de","enabled_languages":["de","en"],"languages":{"de":{"title":true,"content":true,"excerpt":false},"en":{"title":true,"content":true,"excerpt":false}}},"yoast_head":"<!-- This site is optimized with the Yoast SEO plugin v27.4 - https:\/\/yoast.com\/product\/yoast-seo-wordpress\/ -->\n<title>Antigewalt - MLC M\u00fcnchner L\u00f6wen Club e.V.<\/title>\n<meta name=\"robots\" content=\"index, follow, max-snippet:-1, max-image-preview:large, max-video-preview:-1\" \/>\n<link rel=\"canonical\" href=\"https:\/\/www.mlc-munich.de\/web\/der-mlc\/antigewalt\/\" \/>\n<meta property=\"og:locale\" content=\"de_DE\" \/>\n<meta property=\"og:type\" content=\"article\" \/>\n<meta property=\"og:title\" content=\"Antigewalt - MLC M\u00fcnchner L\u00f6wen Club e.V.\" \/>\n<meta property=\"og:url\" content=\"https:\/\/www.mlc-munich.de\/web\/der-mlc\/antigewalt\/\" \/>\n<meta property=\"og:site_name\" content=\"MLC M\u00fcnchner L\u00f6wen Club e.V.\" \/>\n<meta property=\"article:modified_time\" content=\"2021-08-10T09:34:48+00:00\" \/>\n<meta property=\"og:image\" content=\"https:\/\/www.mlc-munich.de\/web\/wp-content\/uploads\/2018\/05\/Mann_Logo_Antigewalt.png\" \/>\n<meta name=\"twitter:card\" content=\"summary_large_image\" \/>\n<meta name=\"twitter:label1\" content=\"Gesch\u00e4tzte Lesezeit\" \/>\n\t<meta name=\"twitter:data1\" content=\"11\u00a0Minuten\" \/>\n<script type=\"application\/ld+json\" class=\"yoast-schema-graph\">{\"@context\":\"https:\\\/\\\/schema.org\",\"@graph\":[{\"@type\":\"WebPage\",\"@id\":\"https:\\\/\\\/www.mlc-munich.de\\\/web\\\/der-mlc\\\/antigewalt\\\/\",\"url\":\"https:\\\/\\\/www.mlc-munich.de\\\/web\\\/der-mlc\\\/antigewalt\\\/\",\"name\":\"Antigewalt - MLC M\u00fcnchner L\u00f6wen Club e.V.\",\"isPartOf\":{\"@id\":\"https:\\\/\\\/www.mlc-munich.de\\\/web\\\/#website\"},\"primaryImageOfPage\":{\"@id\":\"https:\\\/\\\/www.mlc-munich.de\\\/web\\\/der-mlc\\\/antigewalt\\\/#primaryimage\"},\"image\":{\"@id\":\"https:\\\/\\\/www.mlc-munich.de\\\/web\\\/der-mlc\\\/antigewalt\\\/#primaryimage\"},\"thumbnailUrl\":\"https:\\\/\\\/www.mlc-munich.de\\\/web\\\/wp-content\\\/uploads\\\/2018\\\/05\\\/Mann_Logo_Antigewalt.png\",\"datePublished\":\"2018-04-30T11:08:17+00:00\",\"dateModified\":\"2021-08-10T09:34:48+00:00\",\"breadcrumb\":{\"@id\":\"https:\\\/\\\/www.mlc-munich.de\\\/web\\\/der-mlc\\\/antigewalt\\\/#breadcrumb\"},\"inLanguage\":\"de\",\"potentialAction\":[{\"@type\":\"ReadAction\",\"target\":[\"https:\\\/\\\/www.mlc-munich.de\\\/web\\\/der-mlc\\\/antigewalt\\\/\"]}]},{\"@type\":\"ImageObject\",\"inLanguage\":\"de\",\"@id\":\"https:\\\/\\\/www.mlc-munich.de\\\/web\\\/der-mlc\\\/antigewalt\\\/#primaryimage\",\"url\":\"https:\\\/\\\/www.mlc-munich.de\\\/web\\\/wp-content\\\/uploads\\\/2018\\\/05\\\/Mann_Logo_Antigewalt.png\",\"contentUrl\":\"https:\\\/\\\/www.mlc-munich.de\\\/web\\\/wp-content\\\/uploads\\\/2018\\\/05\\\/Mann_Logo_Antigewalt.png\",\"width\":181,\"height\":297},{\"@type\":\"BreadcrumbList\",\"@id\":\"https:\\\/\\\/www.mlc-munich.de\\\/web\\\/der-mlc\\\/antigewalt\\\/#breadcrumb\",\"itemListElement\":[{\"@type\":\"ListItem\",\"position\":1,\"name\":\"Startseite\",\"item\":\"https:\\\/\\\/www.mlc-munich.de\\\/web\\\/\"},{\"@type\":\"ListItem\",\"position\":2,\"name\":\"Der MLC\",\"item\":\"https:\\\/\\\/www.mlc-munich.de\\\/web\\\/der-mlc\\\/\"},{\"@type\":\"ListItem\",\"position\":3,\"name\":\"Antigewalt\"}]},{\"@type\":\"WebSite\",\"@id\":\"https:\\\/\\\/www.mlc-munich.de\\\/web\\\/#website\",\"url\":\"https:\\\/\\\/www.mlc-munich.de\\\/web\\\/\",\"name\":\"MLC M\u00fcnchner L\u00f6wen Club e.V.\",\"description\":\"MLC M\u00fcnchner L\u00f6wen Club e.V.\",\"publisher\":{\"@id\":\"https:\\\/\\\/www.mlc-munich.de\\\/web\\\/#organization\"},\"potentialAction\":[{\"@type\":\"SearchAction\",\"target\":{\"@type\":\"EntryPoint\",\"urlTemplate\":\"https:\\\/\\\/www.mlc-munich.de\\\/web\\\/?s={search_term_string}\"},\"query-input\":{\"@type\":\"PropertyValueSpecification\",\"valueRequired\":true,\"valueName\":\"search_term_string\"}}],\"inLanguage\":\"de\"},{\"@type\":\"Organization\",\"@id\":\"https:\\\/\\\/www.mlc-munich.de\\\/web\\\/#organization\",\"name\":\"MLC M\u00fcnchner L\u00f6wen Club e.V.\",\"url\":\"https:\\\/\\\/www.mlc-munich.de\\\/web\\\/\",\"logo\":{\"@type\":\"ImageObject\",\"inLanguage\":\"de\",\"@id\":\"https:\\\/\\\/www.mlc-munich.de\\\/web\\\/#\\\/schema\\\/logo\\\/image\\\/\",\"url\":\"https:\\\/\\\/www.mlc-munich.de\\\/web\\\/wp-content\\\/uploads\\\/2018\\\/05\\\/logo_250x95px-Kopie.png\",\"contentUrl\":\"https:\\\/\\\/www.mlc-munich.de\\\/web\\\/wp-content\\\/uploads\\\/2018\\\/05\\\/logo_250x95px-Kopie.png\",\"width\":250,\"height\":95,\"caption\":\"MLC M\u00fcnchner L\u00f6wen Club e.V.\"},\"image\":{\"@id\":\"https:\\\/\\\/www.mlc-munich.de\\\/web\\\/#\\\/schema\\\/logo\\\/image\\\/\"}}]}<\/script>\n<!-- \/ Yoast SEO plugin. -->","yoast_head_json":{"title":"Antigewalt - MLC M\u00fcnchner L\u00f6wen Club e.V.","robots":{"index":"index","follow":"follow","max-snippet":"max-snippet:-1","max-image-preview":"max-image-preview:large","max-video-preview":"max-video-preview:-1"},"canonical":"https:\/\/www.mlc-munich.de\/web\/der-mlc\/antigewalt\/","og_locale":"de_DE","og_type":"article","og_title":"Antigewalt - MLC M\u00fcnchner L\u00f6wen Club e.V.","og_url":"https:\/\/www.mlc-munich.de\/web\/der-mlc\/antigewalt\/","og_site_name":"MLC M\u00fcnchner L\u00f6wen Club e.V.","article_modified_time":"2021-08-10T09:34:48+00:00","og_image":[{"url":"https:\/\/www.mlc-munich.de\/web\/wp-content\/uploads\/2018\/05\/Mann_Logo_Antigewalt.png","type":"","width":"","height":""}],"twitter_card":"summary_large_image","twitter_misc":{"Gesch\u00e4tzte Lesezeit":"11\u00a0Minuten"},"schema":{"@context":"https:\/\/schema.org","@graph":[{"@type":"WebPage","@id":"https:\/\/www.mlc-munich.de\/web\/der-mlc\/antigewalt\/","url":"https:\/\/www.mlc-munich.de\/web\/der-mlc\/antigewalt\/","name":"Antigewalt - MLC M\u00fcnchner L\u00f6wen Club e.V.","isPartOf":{"@id":"https:\/\/www.mlc-munich.de\/web\/#website"},"primaryImageOfPage":{"@id":"https:\/\/www.mlc-munich.de\/web\/der-mlc\/antigewalt\/#primaryimage"},"image":{"@id":"https:\/\/www.mlc-munich.de\/web\/der-mlc\/antigewalt\/#primaryimage"},"thumbnailUrl":"https:\/\/www.mlc-munich.de\/web\/wp-content\/uploads\/2018\/05\/Mann_Logo_Antigewalt.png","datePublished":"2018-04-30T11:08:17+00:00","dateModified":"2021-08-10T09:34:48+00:00","breadcrumb":{"@id":"https:\/\/www.mlc-munich.de\/web\/der-mlc\/antigewalt\/#breadcrumb"},"inLanguage":"de","potentialAction":[{"@type":"ReadAction","target":["https:\/\/www.mlc-munich.de\/web\/der-mlc\/antigewalt\/"]}]},{"@type":"ImageObject","inLanguage":"de","@id":"https:\/\/www.mlc-munich.de\/web\/der-mlc\/antigewalt\/#primaryimage","url":"https:\/\/www.mlc-munich.de\/web\/wp-content\/uploads\/2018\/05\/Mann_Logo_Antigewalt.png","contentUrl":"https:\/\/www.mlc-munich.de\/web\/wp-content\/uploads\/2018\/05\/Mann_Logo_Antigewalt.png","width":181,"height":297},{"@type":"BreadcrumbList","@id":"https:\/\/www.mlc-munich.de\/web\/der-mlc\/antigewalt\/#breadcrumb","itemListElement":[{"@type":"ListItem","position":1,"name":"Startseite","item":"https:\/\/www.mlc-munich.de\/web\/"},{"@type":"ListItem","position":2,"name":"Der MLC","item":"https:\/\/www.mlc-munich.de\/web\/der-mlc\/"},{"@type":"ListItem","position":3,"name":"Antigewalt"}]},{"@type":"WebSite","@id":"https:\/\/www.mlc-munich.de\/web\/#website","url":"https:\/\/www.mlc-munich.de\/web\/","name":"MLC M\u00fcnchner L\u00f6wen Club e.V.","description":"MLC M\u00fcnchner L\u00f6wen Club e.V.","publisher":{"@id":"https:\/\/www.mlc-munich.de\/web\/#organization"},"potentialAction":[{"@type":"SearchAction","target":{"@type":"EntryPoint","urlTemplate":"https:\/\/www.mlc-munich.de\/web\/?s={search_term_string}"},"query-input":{"@type":"PropertyValueSpecification","valueRequired":true,"valueName":"search_term_string"}}],"inLanguage":"de"},{"@type":"Organization","@id":"https:\/\/www.mlc-munich.de\/web\/#organization","name":"MLC M\u00fcnchner L\u00f6wen Club e.V.","url":"https:\/\/www.mlc-munich.de\/web\/","logo":{"@type":"ImageObject","inLanguage":"de","@id":"https:\/\/www.mlc-munich.de\/web\/#\/schema\/logo\/image\/","url":"https:\/\/www.mlc-munich.de\/web\/wp-content\/uploads\/2018\/05\/logo_250x95px-Kopie.png","contentUrl":"https:\/\/www.mlc-munich.de\/web\/wp-content\/uploads\/2018\/05\/logo_250x95px-Kopie.png","width":250,"height":95,"caption":"MLC M\u00fcnchner L\u00f6wen Club e.V."},"image":{"@id":"https:\/\/www.mlc-munich.de\/web\/#\/schema\/logo\/image\/"}}]}},"_links":{"self":[{"href":"https:\/\/www.mlc-munich.de\/web\/wp-json\/wp\/v2\/pages\/376","targetHints":{"allow":["GET"]}}],"collection":[{"href":"https:\/\/www.mlc-munich.de\/web\/wp-json\/wp\/v2\/pages"}],"about":[{"href":"https:\/\/www.mlc-munich.de\/web\/wp-json\/wp\/v2\/types\/page"}],"author":[{"embeddable":true,"href":"https:\/\/www.mlc-munich.de\/web\/wp-json\/wp\/v2\/users\/2"}],"replies":[{"embeddable":true,"href":"https:\/\/www.mlc-munich.de\/web\/wp-json\/wp\/v2\/comments?post=376"}],"version-history":[{"count":13,"href":"https:\/\/www.mlc-munich.de\/web\/wp-json\/wp\/v2\/pages\/376\/revisions"}],"predecessor-version":[{"id":583,"href":"https:\/\/www.mlc-munich.de\/web\/wp-json\/wp\/v2\/pages\/376\/revisions\/583"}],"up":[{"embeddable":true,"href":"https:\/\/www.mlc-munich.de\/web\/wp-json\/wp\/v2\/pages\/166"}],"wp:attachment":[{"href":"https:\/\/www.mlc-munich.de\/web\/wp-json\/wp\/v2\/media?parent=376"}],"curies":[{"name":"wp","href":"https:\/\/api.w.org\/{rel}","templated":true}]}}