{"id":382,"date":"2018-04-30T13:10:14","date_gmt":"2018-04-30T11:10:14","guid":{"rendered":"https:\/\/www.mlc-munich.de\/web\/?page_id=382"},"modified":"2025-02-07T17:54:19","modified_gmt":"2025-02-07T16:54:19","slug":"dresscode","status":"publish","type":"page","link":"https:\/\/www.mlc-munich.de\/web\/der-mlc\/dresscode\/","title":{"rendered":"Dresscode"},"content":{"rendered":"<p>Als schwuler Fetisch-Verein m\u00f6chte der MLC allen G\u00e4sten des UnderGround m\u00f6glichst geile Fetisch-Partys erm\u00f6glichen. Daher gilt der <strong>allgemeine MLC Dresscode<\/strong> bei diesen Partys:<\/p>\n<p><img loading=\"lazy\" decoding=\"async\" class=\"alignnone wp-image-20126\" src=\"https:\/\/www.mlc-munich.de\/web\/wp-content\/uploads\/2025\/02\/Allgemein_DE.png\" alt=\"\" width=\"1200\" height=\"440\" \/><\/p>\n<p>Zirka die H\u00e4lfte unserer Partys sind <strong>Dresscode-Partys<\/strong>, bei denen jeweils ein <strong>eigener Dresscode<\/strong> gilt und auch <strong>kontrolliert<\/strong> wird. Daneben gibt es <strong>Schnupperpartys<\/strong>, um das UnderGround auch in Stra\u00dfenkleidung kennenlernen zu k\u00f6nnen. Eine genauere Beschreibung von \u201eStra\u00dfenkleidung\u201c befindet sich unter den Dresscode Slides:<\/p>\n<div><\/div>\n<div><\/div>\n<p><strong>Definition Stra\u00dfenkleidung:<\/strong><br \/>\nAlle Klamotten, die man zu Hause, beim Familienbesuch oder im Alltag tr\u00e4gt, wie T-Shirt, Hemd, Jeans, flache Schuhe oder kurze Hose.<\/p>\n<p>Das Mitf\u00fchren von Schuss- und Stichwaffen (auch Softair, Anscheinswaffen, Messer o. \u00c4.) sowie das Zeigen von Kennzeichen verfassungswidriger Organisationen ist verboten. Kennzeichen in diesem Sinne sind Fahnen, Abzeichen, Uniformst\u00fccke, Parolen und Gru\u00dfformen sowie solche, die ihnen zum Verwechseln \u00e4hnlich sind.<\/p>\n<p>Die Entscheidung zur Einhaltung des Dresscode liegt bei der Dresscode-Kontrolle oder beim VvD. Den Einlass und das <a href=\"https:\/\/www.mlc-munich.de\/web\/partys-events\/hausordnung\/\">Hausrecht\/Hausordnung<\/a> behalten wir uns vor.<\/p>\n","protected":false},"excerpt":{"rendered":"<p>Als schwuler Fetisch-Verein m\u00f6chte der MLC allen G\u00e4sten des UnderGround m\u00f6glichst geile Fetisch-Partys erm\u00f6glichen. Daher gilt der allgemeine MLC Dresscode bei diesen Partys: Zirka die H\u00e4lfte unserer Partys sind Dresscode-Partys, bei denen jeweils ein eigener Dresscode gilt und auch kontrolliert wird. Daneben gibt es Schnupperpartys, um das UnderGround auch in Stra\u00dfenkleidung kennenlernen zu k\u00f6nnen. Eine genauere Beschreibung von \u201eStra\u00dfenkleidung\u201c befindet sich unter den Dresscode Slides: Definition Stra\u00dfenkleidung: Alle Klamotten, die man zu Hause, beim Familienbesuch oder im Alltag tr\u00e4gt, wie [&hellip;]<\/p>\n","protected":false},"author":2,"featured_media":0,"parent":166,"menu_order":70,"comment_status":"closed","ping_status":"closed","template":"","meta":{"footnotes":""},"class_list":["post-382","page","type-page","status-publish","hentry","post"],"translation":{"provider":"WPGlobus","version":"3.0.2","language":"de","enabled_languages":["de","en"],"languages":{"de":{"title":true,"content":true,"excerpt":false},"en":{"title":true,"content":true,"excerpt":false}}},"yoast_head":"<!-- This site is optimized with the Yoast SEO plugin v27.3 - https:\/\/yoast.com\/product\/yoast-seo-wordpress\/ -->\n<title>Dresscode - MLC M\u00fcnchner L\u00f6wen Club e.V.<\/title>\n<meta name=\"robots\" content=\"index, follow, max-snippet:-1, max-image-preview:large, max-video-preview:-1\" \/>\n<link rel=\"canonical\" href=\"https:\/\/www.mlc-munich.de\/web\/der-mlc\/dresscode\/\" \/>\n<meta property=\"og:locale\" content=\"de_DE\" \/>\n<meta property=\"og:type\" content=\"article\" \/>\n<meta property=\"og:title\" content=\"Dresscode - MLC M\u00fcnchner L\u00f6wen Club e.V.\" \/>\n<meta property=\"og:url\" content=\"https:\/\/www.mlc-munich.de\/web\/der-mlc\/dresscode\/\" \/>\n<meta property=\"og:site_name\" content=\"MLC M\u00fcnchner L\u00f6wen Club e.V.\" \/>\n<meta property=\"article:modified_time\" content=\"2025-02-07T16:54:19+00:00\" \/>\n<meta property=\"og:image\" content=\"https:\/\/www.mlc-munich.de\/web\/wp-content\/uploads\/2024\/10\/Allgemein_DE.png\" \/>\n\t<meta property=\"og:image:width\" content=\"3758\" \/>\n\t<meta property=\"og:image:height\" content=\"1377\" \/>\n\t<meta property=\"og:image:type\" content=\"image\/png\" \/>\n<meta name=\"twitter:card\" content=\"summary_large_image\" \/>\n<meta name=\"twitter:label1\" content=\"Gesch\u00e4tzte Lesezeit\" \/>\n\t<meta name=\"twitter:data1\" content=\"2\u00a0Minuten\" \/>\n<script type=\"application\/ld+json\" class=\"yoast-schema-graph\">{\"@context\":\"https:\\\/\\\/schema.org\",\"@graph\":[{\"@type\":\"WebPage\",\"@id\":\"https:\\\/\\\/www.mlc-munich.de\\\/web\\\/der-mlc\\\/dresscode\\\/\",\"url\":\"https:\\\/\\\/www.mlc-munich.de\\\/web\\\/der-mlc\\\/dresscode\\\/\",\"name\":\"Dresscode - MLC M\u00fcnchner L\u00f6wen Club e.V.\",\"isPartOf\":{\"@id\":\"https:\\\/\\\/www.mlc-munich.de\\\/web\\\/#website\"},\"primaryImageOfPage\":{\"@id\":\"https:\\\/\\\/www.mlc-munich.de\\\/web\\\/der-mlc\\\/dresscode\\\/#primaryimage\"},\"image\":{\"@id\":\"https:\\\/\\\/www.mlc-munich.de\\\/web\\\/der-mlc\\\/dresscode\\\/#primaryimage\"},\"thumbnailUrl\":\"https:\\\/\\\/www.mlc-munich.de\\\/web\\\/wp-content\\\/uploads\\\/2025\\\/02\\\/Allgemein_DE.png\",\"datePublished\":\"2018-04-30T11:10:14+00:00\",\"dateModified\":\"2025-02-07T16:54:19+00:00\",\"breadcrumb\":{\"@id\":\"https:\\\/\\\/www.mlc-munich.de\\\/web\\\/der-mlc\\\/dresscode\\\/#breadcrumb\"},\"inLanguage\":\"de\",\"potentialAction\":[{\"@type\":\"ReadAction\",\"target\":[\"https:\\\/\\\/www.mlc-munich.de\\\/web\\\/der-mlc\\\/dresscode\\\/\"]}]},{\"@type\":\"ImageObject\",\"inLanguage\":\"de\",\"@id\":\"https:\\\/\\\/www.mlc-munich.de\\\/web\\\/der-mlc\\\/dresscode\\\/#primaryimage\",\"url\":\"https:\\\/\\\/www.mlc-munich.de\\\/web\\\/wp-content\\\/uploads\\\/2024\\\/10\\\/Allgemein_DE.png\",\"contentUrl\":\"https:\\\/\\\/www.mlc-munich.de\\\/web\\\/wp-content\\\/uploads\\\/2024\\\/10\\\/Allgemein_DE.png\",\"width\":3758,\"height\":1377},{\"@type\":\"BreadcrumbList\",\"@id\":\"https:\\\/\\\/www.mlc-munich.de\\\/web\\\/der-mlc\\\/dresscode\\\/#breadcrumb\",\"itemListElement\":[{\"@type\":\"ListItem\",\"position\":1,\"name\":\"Startseite\",\"item\":\"https:\\\/\\\/www.mlc-munich.de\\\/web\\\/\"},{\"@type\":\"ListItem\",\"position\":2,\"name\":\"Der MLC\",\"item\":\"https:\\\/\\\/www.mlc-munich.de\\\/web\\\/der-mlc\\\/\"},{\"@type\":\"ListItem\",\"position\":3,\"name\":\"Dresscode\"}]},{\"@type\":\"WebSite\",\"@id\":\"https:\\\/\\\/www.mlc-munich.de\\\/web\\\/#website\",\"url\":\"https:\\\/\\\/www.mlc-munich.de\\\/web\\\/\",\"name\":\"MLC M\u00fcnchner L\u00f6wen Club e.V.\",\"description\":\"MLC M\u00fcnchner L\u00f6wen Club e.V.\",\"publisher\":{\"@id\":\"https:\\\/\\\/www.mlc-munich.de\\\/web\\\/#organization\"},\"potentialAction\":[{\"@type\":\"SearchAction\",\"target\":{\"@type\":\"EntryPoint\",\"urlTemplate\":\"https:\\\/\\\/www.mlc-munich.de\\\/web\\\/?s={search_term_string}\"},\"query-input\":{\"@type\":\"PropertyValueSpecification\",\"valueRequired\":true,\"valueName\":\"search_term_string\"}}],\"inLanguage\":\"de\"},{\"@type\":\"Organization\",\"@id\":\"https:\\\/\\\/www.mlc-munich.de\\\/web\\\/#organization\",\"name\":\"MLC M\u00fcnchner L\u00f6wen Club e.V.\",\"url\":\"https:\\\/\\\/www.mlc-munich.de\\\/web\\\/\",\"logo\":{\"@type\":\"ImageObject\",\"inLanguage\":\"de\",\"@id\":\"https:\\\/\\\/www.mlc-munich.de\\\/web\\\/#\\\/schema\\\/logo\\\/image\\\/\",\"url\":\"https:\\\/\\\/www.mlc-munich.de\\\/web\\\/wp-content\\\/uploads\\\/2018\\\/05\\\/logo_250x95px-Kopie.png\",\"contentUrl\":\"https:\\\/\\\/www.mlc-munich.de\\\/web\\\/wp-content\\\/uploads\\\/2018\\\/05\\\/logo_250x95px-Kopie.png\",\"width\":250,\"height\":95,\"caption\":\"MLC M\u00fcnchner L\u00f6wen Club e.V.\"},\"image\":{\"@id\":\"https:\\\/\\\/www.mlc-munich.de\\\/web\\\/#\\\/schema\\\/logo\\\/image\\\/\"}}]}<\/script>\n<!-- \/ Yoast SEO plugin. -->","yoast_head_json":{"title":"Dresscode - MLC M\u00fcnchner L\u00f6wen Club e.V.","robots":{"index":"index","follow":"follow","max-snippet":"max-snippet:-1","max-image-preview":"max-image-preview:large","max-video-preview":"max-video-preview:-1"},"canonical":"https:\/\/www.mlc-munich.de\/web\/der-mlc\/dresscode\/","og_locale":"de_DE","og_type":"article","og_title":"Dresscode - MLC M\u00fcnchner L\u00f6wen Club e.V.","og_url":"https:\/\/www.mlc-munich.de\/web\/der-mlc\/dresscode\/","og_site_name":"MLC M\u00fcnchner L\u00f6wen Club e.V.","article_modified_time":"2025-02-07T16:54:19+00:00","og_image":[{"width":3758,"height":1377,"url":"https:\/\/www.mlc-munich.de\/web\/wp-content\/uploads\/2024\/10\/Allgemein_DE.png","type":"image\/png"}],"twitter_card":"summary_large_image","twitter_misc":{"Gesch\u00e4tzte Lesezeit":"2\u00a0Minuten"},"schema":{"@context":"https:\/\/schema.org","@graph":[{"@type":"WebPage","@id":"https:\/\/www.mlc-munich.de\/web\/der-mlc\/dresscode\/","url":"https:\/\/www.mlc-munich.de\/web\/der-mlc\/dresscode\/","name":"Dresscode - MLC M\u00fcnchner L\u00f6wen Club e.V.","isPartOf":{"@id":"https:\/\/www.mlc-munich.de\/web\/#website"},"primaryImageOfPage":{"@id":"https:\/\/www.mlc-munich.de\/web\/der-mlc\/dresscode\/#primaryimage"},"image":{"@id":"https:\/\/www.mlc-munich.de\/web\/der-mlc\/dresscode\/#primaryimage"},"thumbnailUrl":"https:\/\/www.mlc-munich.de\/web\/wp-content\/uploads\/2025\/02\/Allgemein_DE.png","datePublished":"2018-04-30T11:10:14+00:00","dateModified":"2025-02-07T16:54:19+00:00","breadcrumb":{"@id":"https:\/\/www.mlc-munich.de\/web\/der-mlc\/dresscode\/#breadcrumb"},"inLanguage":"de","potentialAction":[{"@type":"ReadAction","target":["https:\/\/www.mlc-munich.de\/web\/der-mlc\/dresscode\/"]}]},{"@type":"ImageObject","inLanguage":"de","@id":"https:\/\/www.mlc-munich.de\/web\/der-mlc\/dresscode\/#primaryimage","url":"https:\/\/www.mlc-munich.de\/web\/wp-content\/uploads\/2024\/10\/Allgemein_DE.png","contentUrl":"https:\/\/www.mlc-munich.de\/web\/wp-content\/uploads\/2024\/10\/Allgemein_DE.png","width":3758,"height":1377},{"@type":"BreadcrumbList","@id":"https:\/\/www.mlc-munich.de\/web\/der-mlc\/dresscode\/#breadcrumb","itemListElement":[{"@type":"ListItem","position":1,"name":"Startseite","item":"https:\/\/www.mlc-munich.de\/web\/"},{"@type":"ListItem","position":2,"name":"Der MLC","item":"https:\/\/www.mlc-munich.de\/web\/der-mlc\/"},{"@type":"ListItem","position":3,"name":"Dresscode"}]},{"@type":"WebSite","@id":"https:\/\/www.mlc-munich.de\/web\/#website","url":"https:\/\/www.mlc-munich.de\/web\/","name":"MLC M\u00fcnchner L\u00f6wen Club e.V.","description":"MLC M\u00fcnchner L\u00f6wen Club e.V.","publisher":{"@id":"https:\/\/www.mlc-munich.de\/web\/#organization"},"potentialAction":[{"@type":"SearchAction","target":{"@type":"EntryPoint","urlTemplate":"https:\/\/www.mlc-munich.de\/web\/?s={search_term_string}"},"query-input":{"@type":"PropertyValueSpecification","valueRequired":true,"valueName":"search_term_string"}}],"inLanguage":"de"},{"@type":"Organization","@id":"https:\/\/www.mlc-munich.de\/web\/#organization","name":"MLC M\u00fcnchner L\u00f6wen Club e.V.","url":"https:\/\/www.mlc-munich.de\/web\/","logo":{"@type":"ImageObject","inLanguage":"de","@id":"https:\/\/www.mlc-munich.de\/web\/#\/schema\/logo\/image\/","url":"https:\/\/www.mlc-munich.de\/web\/wp-content\/uploads\/2018\/05\/logo_250x95px-Kopie.png","contentUrl":"https:\/\/www.mlc-munich.de\/web\/wp-content\/uploads\/2018\/05\/logo_250x95px-Kopie.png","width":250,"height":95,"caption":"MLC M\u00fcnchner L\u00f6wen Club e.V."},"image":{"@id":"https:\/\/www.mlc-munich.de\/web\/#\/schema\/logo\/image\/"}}]}},"_links":{"self":[{"href":"https:\/\/www.mlc-munich.de\/web\/wp-json\/wp\/v2\/pages\/382","targetHints":{"allow":["GET"]}}],"collection":[{"href":"https:\/\/www.mlc-munich.de\/web\/wp-json\/wp\/v2\/pages"}],"about":[{"href":"https:\/\/www.mlc-munich.de\/web\/wp-json\/wp\/v2\/types\/page"}],"author":[{"embeddable":true,"href":"https:\/\/www.mlc-munich.de\/web\/wp-json\/wp\/v2\/users\/2"}],"replies":[{"embeddable":true,"href":"https:\/\/www.mlc-munich.de\/web\/wp-json\/wp\/v2\/comments?post=382"}],"version-history":[{"count":54,"href":"https:\/\/www.mlc-munich.de\/web\/wp-json\/wp\/v2\/pages\/382\/revisions"}],"predecessor-version":[{"id":23083,"href":"https:\/\/www.mlc-munich.de\/web\/wp-json\/wp\/v2\/pages\/382\/revisions\/23083"}],"up":[{"embeddable":true,"href":"https:\/\/www.mlc-munich.de\/web\/wp-json\/wp\/v2\/pages\/166"}],"wp:attachment":[{"href":"https:\/\/www.mlc-munich.de\/web\/wp-json\/wp\/v2\/media?parent=382"}],"curies":[{"name":"wp","href":"https:\/\/api.w.org\/{rel}","templated":true}]}}