{"id":385,"date":"2018-04-30T13:10:58","date_gmt":"2018-04-30T11:10:58","guid":{"rendered":"https:\/\/www.mlc-munich.de\/web\/?page_id=385"},"modified":"2021-08-10T11:36:49","modified_gmt":"2021-08-10T09:36:49","slug":"praevention-prep","status":"publish","type":"page","link":"https:\/\/www.mlc-munich.de\/web\/der-mlc\/praevention-prep\/","title":{"rendered":"Pr\u00e4vention PREP"},"content":{"rendered":"<p>Pr\u00e4vention geht uns alle an \u2013 und nur, wer gut informiert ist, kann die f\u00fcr sich richtige Pr\u00e4ventionsstrategie w\u00e4hlen. Wenn wir von Pr\u00e4vention reden meinen wir meistens: Schutz vor HIV. Trotzdem darf nicht vergessen werden, dass auch ein angemessener Schutz vor anderen sexuell \u00fcbertragbaren Krankheiten angeraten wird. F\u00fcr alle sexuell aktiven gilt: Kenne Deinen Status \u2013 gehe regelm\u00e4\u00dfig zum Testen! Testangebote in M\u00fcnchen findest Du in der M\u00fcnchner Aids-Hilfe beim <a href=\"http:\/\/www.muenchner-aidshilfe.de\/ich-wills-wissen\/ich-will-den-test\/checkpoint-muenchen.html\" target=\"_blank\" rel=\"noopener noreferrer\">Checkpoint<\/a>, das <a href=\"https:\/\/www.subonline.org\/schwul_in_muenchen\/gesundheit\/hiv-test\/\" target=\"_blank\" rel=\"noopener noreferrer\">sub bietet regelm\u00e4\u00dfig Tests an<\/a> und auch das <a href=\"https:\/\/www.muenchen.de\/rathaus\/Stadtverwaltung\/Referat-fuer-Gesundheit-und-Umwelt\/Infektionsschutz\/Aids\/HIV_Test.html\" target=\"_blank\" rel=\"noopener noreferrer\">Gesundheitsamt<\/a>. Ebenso sind Tests auf HIV und sexuell \u00fcbertragbare Krankheiten bei deinem Hauszarzt m\u00f6glich.<\/p>\n<p><strong>PrEP steht f\u00fcr Pr\u00e4-Expositions-Prophylaxe und dient als Vorsorge zum Schutz vor einer HIV-Infektion. Die PrEP samt den erforderlichen Begleituntersuchungen wird seit Herbst 2019 bei Menschen mit erh\u00f6htem HIV-Risiko auch von den gesetzlichen Krankenkassen \u00fcbernommen.<\/strong><\/p>\n<p>Die Deutsche Aids-Hilfe (und die Wissenschaft) geht mittlerweile von drei Pr\u00e4ventionsstrategien (gegen HIV) aus:<\/p>\n<p>&#8211; Kondome sch\u00fctzen<br \/>\n&#8211; Medikation als Vorsorge \u2013 Schutz durch Therapie<br \/>\n&#8211; PrEP \u2013 die Pille davor<\/p>\n<p><strong>Kondome richtig gebrauchen:<\/strong><br \/>\nDer richtige Kondomgebrauch wird auf diesen Seiten <a href=\"https:\/\/www.liebesleben.de\/fuer-alle\/kondome\/anwendung\/\" target=\"_blank\" rel=\"noopener noreferrer\">https:\/\/www.gib-aids-keine-chance.de\/wissen\/safer_sex\/anwenden.php<\/a> ausf\u00fchrlich und lehrreich beschrieben.<\/p>\n<p><strong>Medikation als Vorsorge \u2013 Schutz durch Therapie<br \/>\n<\/strong>Mittlerweile ist nachgewiesen, dass beim Sex ohne Kondom mit einem HIV Positiven eine Ansteckung sehr unwahrscheinlich ist, wenn dauerhaft keine HI-Viren im Blut nachweisbar sind. N\u00e4here Informationen hierzu findest Du auf den Seiten von \u201e<a href=\"https:\/\/www.iwwit.de\/themen\/schutz-durch-therapie\" target=\"_blank\" rel=\"noopener noreferrer\">Iwwit \u2013 Ich weiss was ich tu<\/a>\u201c<\/p>\n<p><strong>PrEP \u2013 die Pille davor<br \/>\n<\/strong>Sehr kontrovers wird derzeit die PrEP (Pr\u00e4expositions-Prophylaxe) diskutiert. Dabei nimmt ein HIV negativer regelm\u00e4\u00dfig ein Medikament ein, das ihn davor sch\u00fctzen soll, dass sich HI-Viren im K\u00f6rper einlagern und vermehren k\u00f6nnen. PrEP hat in mehreren Studien beachtliche Erfolge nachgewiesen und beispielsweise ist in London nach bekannt werden und Verbreitung der PrEP die Neuinfektionsrate signifikant nach unten gegangen. Die PrEP wirkt also.<\/p>\n<p>Wenn Du mehr \u00fcber die PrEP erfahren m\u00f6chtest, finden sich im Internet zahlreiche Informationen. Die Seite <a href=\"http:\/\/www.iwantprepnow.co.uk\/\" target=\"_blank\" rel=\"noopener noreferrer\">www.iwantprepnow.co.uk<\/a> beschreibt sehr ausf\u00fchrlich die Wirkweise der PrEP, was man beachten muss und gibt auch Hinweise, wie man g\u00fcnstiger an die Medikamente kommt.<\/p>\n<p>Die deutsche Seite <a href=\"http:\/\/www.wasistprep.de\/\" target=\"_blank\" rel=\"noopener noreferrer\">www.wasistprep.de<\/a> hat \u00e4hnliche Inhalte wie die englische und verweist zudem auf weitere Informationsangebote im Internet.<\/p>\n<p>In M\u00fcnchen gibt es ab August 2017 im sub jeden 2. Und 4. Donnerstag im Monat ab 19h eine PrEP-Beratung. Dort triffst Du auf PrEP-Anwender und kannst dich mit ihnen \u00fcber deren Erfahrungen mit PrEP austauschen, Informationen zur PrEP einholen und so vielleicht Deine Entscheidung f\u00fcr oder gegen PrEP leichter f\u00e4llen.<\/p>\n<p>Was tun, wenn doch mal was passiert ist?<\/p>\n<p>Ein Kondom kann rei\u00dfen oder Du f\u00fchlst Dich nach dem Sex vielleicht doch nicht mehr so sicher, ob nicht doch was passiert sein k\u00f6nnte? Daf\u00fcr gibt es die sogenannte PEP (Postexpositions-Prophylaxe). Die HIV-Postexpositionsprophylaxe (PEP oder HIV-PEP) ist eine vierw\u00f6chige antiretrovirale Behandlung, um eine HIV-Infektion nach potentieller Exposition zu verhindern. Wichtig ist dabei: nicht lange z\u00f6gern \u2013 die PEP muss unverz\u00fcglich begonnen werden.<\/p>\n<p>Die Postexpositionsprophylaxe (PEP) kannst Du tags\u00fcber in den Imunambulanzen der Universit\u00e4tsklinik M\u00fcnchen und der Technischen Universit\u00e4t M\u00fcnchen (IZAR) und den M\u00fcnchner HIV-Schwerpunktpraxen erhalten. Nachts steht Dir die Notambulanzen der oben genannten Kliniken zur Verf\u00fcgung.<\/p>\n<p>Weitere Infos: <a href=\"https:\/\/www.muenchen.de\/rathaus\/Stadtverwaltung\/Referat-fuer-Gesundheit-und-Umwelt\/Infektionsschutz\/Aids\/Notfallmassnahmen.html\" target=\"_blank\" rel=\"noopener noreferrer\">https:\/\/www.muenchen.de\/rathaus\/Stadtverwaltung\/Referat-fuer-Gesundheit-und-Umwelt\/Infektionsschutz\/Aids\/Notfallmassnahmen.html<\/a><\/p>\n<p>&#8212;&#8212;&#8212;&#8212;&#8212;&#8212;&#8212;&#8212;&#8212;&#8212;&#8212;&#8212;&#8212;&#8212;&#8212;&#8212;&#8212;&#8212;&#8212;&#8212;&#8212;&#8212;&#8211;<\/p>\n<p>Interdisziplin\u00e4res HIV Zentrum IZAR am Klinikum rechts der Isar<br \/>\nDas Interview von Dr. Spinner findet Ihr hier auf Facebook: <a href=\"https:\/\/www.facebook.com\/goIZAR\/posts\/768151436695587:0\" target=\"_blank\" rel=\"noopener noreferrer\">https:\/\/www.facebook.com\/goIZAR\/posts\/768151436695587:0<\/a><\/p>\n","protected":false},"excerpt":{"rendered":"<p>Pr\u00e4vention geht uns alle an \u2013 und nur, wer gut informiert ist, kann die f\u00fcr sich richtige Pr\u00e4ventionsstrategie w\u00e4hlen. Wenn wir von Pr\u00e4vention reden meinen wir meistens: Schutz vor HIV. Trotzdem darf nicht vergessen werden, dass auch ein angemessener Schutz vor anderen sexuell \u00fcbertragbaren Krankheiten angeraten wird. F\u00fcr alle sexuell aktiven gilt: Kenne Deinen Status \u2013 gehe regelm\u00e4\u00dfig zum Testen! Testangebote in M\u00fcnchen findest Du in der M\u00fcnchner Aids-Hilfe beim Checkpoint, das sub bietet regelm\u00e4\u00dfig Tests an und auch das [&hellip;]<\/p>\n","protected":false},"author":2,"featured_media":0,"parent":166,"menu_order":80,"comment_status":"closed","ping_status":"closed","template":"","meta":{"footnotes":""},"class_list":["post-385","page","type-page","status-publish","hentry","post"],"translation":{"provider":"WPGlobus","version":"3.0.2","language":"de","enabled_languages":["de","en"],"languages":{"de":{"title":true,"content":true,"excerpt":false},"en":{"title":true,"content":true,"excerpt":false}}},"yoast_head":"<!-- This site is optimized with the Yoast SEO plugin v27.4 - https:\/\/yoast.com\/product\/yoast-seo-wordpress\/ -->\n<title>Pr\u00e4vention PREP - MLC M\u00fcnchner L\u00f6wen Club e.V.<\/title>\n<meta name=\"robots\" content=\"index, follow, max-snippet:-1, max-image-preview:large, max-video-preview:-1\" \/>\n<link rel=\"canonical\" href=\"https:\/\/www.mlc-munich.de\/web\/der-mlc\/praevention-prep\/\" \/>\n<meta property=\"og:locale\" content=\"de_DE\" \/>\n<meta property=\"og:type\" content=\"article\" \/>\n<meta property=\"og:title\" content=\"Pr\u00e4vention PREP - MLC M\u00fcnchner L\u00f6wen Club e.V.\" \/>\n<meta property=\"og:url\" content=\"https:\/\/www.mlc-munich.de\/web\/der-mlc\/praevention-prep\/\" \/>\n<meta property=\"og:site_name\" content=\"MLC M\u00fcnchner L\u00f6wen Club e.V.\" \/>\n<meta property=\"article:modified_time\" content=\"2021-08-10T09:36:49+00:00\" \/>\n<meta property=\"og:image\" content=\"https:\/\/www.mlc-munich.de\/web\/wp-content\/uploads\/2019\/03\/cropped-logo_mlc_munich.jpg\" \/>\n\t<meta property=\"og:image:width\" content=\"512\" \/>\n\t<meta property=\"og:image:height\" content=\"512\" \/>\n\t<meta property=\"og:image:type\" content=\"image\/jpeg\" \/>\n<meta name=\"twitter:card\" content=\"summary_large_image\" \/>\n<meta name=\"twitter:label1\" content=\"Gesch\u00e4tzte Lesezeit\" \/>\n\t<meta name=\"twitter:data1\" content=\"9\u00a0Minuten\" \/>\n<script type=\"application\/ld+json\" class=\"yoast-schema-graph\">{\"@context\":\"https:\\\/\\\/schema.org\",\"@graph\":[{\"@type\":\"WebPage\",\"@id\":\"https:\\\/\\\/www.mlc-munich.de\\\/web\\\/der-mlc\\\/praevention-prep\\\/\",\"url\":\"https:\\\/\\\/www.mlc-munich.de\\\/web\\\/der-mlc\\\/praevention-prep\\\/\",\"name\":\"Pr\u00e4vention PREP - MLC M\u00fcnchner L\u00f6wen Club e.V.\",\"isPartOf\":{\"@id\":\"https:\\\/\\\/www.mlc-munich.de\\\/web\\\/#website\"},\"datePublished\":\"2018-04-30T11:10:58+00:00\",\"dateModified\":\"2021-08-10T09:36:49+00:00\",\"breadcrumb\":{\"@id\":\"https:\\\/\\\/www.mlc-munich.de\\\/web\\\/der-mlc\\\/praevention-prep\\\/#breadcrumb\"},\"inLanguage\":\"de\",\"potentialAction\":[{\"@type\":\"ReadAction\",\"target\":[\"https:\\\/\\\/www.mlc-munich.de\\\/web\\\/der-mlc\\\/praevention-prep\\\/\"]}]},{\"@type\":\"BreadcrumbList\",\"@id\":\"https:\\\/\\\/www.mlc-munich.de\\\/web\\\/der-mlc\\\/praevention-prep\\\/#breadcrumb\",\"itemListElement\":[{\"@type\":\"ListItem\",\"position\":1,\"name\":\"Startseite\",\"item\":\"https:\\\/\\\/www.mlc-munich.de\\\/web\\\/\"},{\"@type\":\"ListItem\",\"position\":2,\"name\":\"Der MLC\",\"item\":\"https:\\\/\\\/www.mlc-munich.de\\\/web\\\/der-mlc\\\/\"},{\"@type\":\"ListItem\",\"position\":3,\"name\":\"Pr\u00e4vention PREP\"}]},{\"@type\":\"WebSite\",\"@id\":\"https:\\\/\\\/www.mlc-munich.de\\\/web\\\/#website\",\"url\":\"https:\\\/\\\/www.mlc-munich.de\\\/web\\\/\",\"name\":\"MLC M\u00fcnchner L\u00f6wen Club e.V.\",\"description\":\"MLC M\u00fcnchner L\u00f6wen Club e.V.\",\"publisher\":{\"@id\":\"https:\\\/\\\/www.mlc-munich.de\\\/web\\\/#organization\"},\"potentialAction\":[{\"@type\":\"SearchAction\",\"target\":{\"@type\":\"EntryPoint\",\"urlTemplate\":\"https:\\\/\\\/www.mlc-munich.de\\\/web\\\/?s={search_term_string}\"},\"query-input\":{\"@type\":\"PropertyValueSpecification\",\"valueRequired\":true,\"valueName\":\"search_term_string\"}}],\"inLanguage\":\"de\"},{\"@type\":\"Organization\",\"@id\":\"https:\\\/\\\/www.mlc-munich.de\\\/web\\\/#organization\",\"name\":\"MLC M\u00fcnchner L\u00f6wen Club e.V.\",\"url\":\"https:\\\/\\\/www.mlc-munich.de\\\/web\\\/\",\"logo\":{\"@type\":\"ImageObject\",\"inLanguage\":\"de\",\"@id\":\"https:\\\/\\\/www.mlc-munich.de\\\/web\\\/#\\\/schema\\\/logo\\\/image\\\/\",\"url\":\"https:\\\/\\\/www.mlc-munich.de\\\/web\\\/wp-content\\\/uploads\\\/2018\\\/05\\\/logo_250x95px-Kopie.png\",\"contentUrl\":\"https:\\\/\\\/www.mlc-munich.de\\\/web\\\/wp-content\\\/uploads\\\/2018\\\/05\\\/logo_250x95px-Kopie.png\",\"width\":250,\"height\":95,\"caption\":\"MLC M\u00fcnchner L\u00f6wen Club e.V.\"},\"image\":{\"@id\":\"https:\\\/\\\/www.mlc-munich.de\\\/web\\\/#\\\/schema\\\/logo\\\/image\\\/\"}}]}<\/script>\n<!-- \/ Yoast SEO plugin. -->","yoast_head_json":{"title":"Pr\u00e4vention PREP - MLC M\u00fcnchner L\u00f6wen Club e.V.","robots":{"index":"index","follow":"follow","max-snippet":"max-snippet:-1","max-image-preview":"max-image-preview:large","max-video-preview":"max-video-preview:-1"},"canonical":"https:\/\/www.mlc-munich.de\/web\/der-mlc\/praevention-prep\/","og_locale":"de_DE","og_type":"article","og_title":"Pr\u00e4vention PREP - MLC M\u00fcnchner L\u00f6wen Club e.V.","og_url":"https:\/\/www.mlc-munich.de\/web\/der-mlc\/praevention-prep\/","og_site_name":"MLC M\u00fcnchner L\u00f6wen Club e.V.","article_modified_time":"2021-08-10T09:36:49+00:00","og_image":[{"width":512,"height":512,"url":"https:\/\/www.mlc-munich.de\/web\/wp-content\/uploads\/2019\/03\/cropped-logo_mlc_munich.jpg","type":"image\/jpeg"}],"twitter_card":"summary_large_image","twitter_misc":{"Gesch\u00e4tzte Lesezeit":"9\u00a0Minuten"},"schema":{"@context":"https:\/\/schema.org","@graph":[{"@type":"WebPage","@id":"https:\/\/www.mlc-munich.de\/web\/der-mlc\/praevention-prep\/","url":"https:\/\/www.mlc-munich.de\/web\/der-mlc\/praevention-prep\/","name":"Pr\u00e4vention PREP - MLC M\u00fcnchner L\u00f6wen Club e.V.","isPartOf":{"@id":"https:\/\/www.mlc-munich.de\/web\/#website"},"datePublished":"2018-04-30T11:10:58+00:00","dateModified":"2021-08-10T09:36:49+00:00","breadcrumb":{"@id":"https:\/\/www.mlc-munich.de\/web\/der-mlc\/praevention-prep\/#breadcrumb"},"inLanguage":"de","potentialAction":[{"@type":"ReadAction","target":["https:\/\/www.mlc-munich.de\/web\/der-mlc\/praevention-prep\/"]}]},{"@type":"BreadcrumbList","@id":"https:\/\/www.mlc-munich.de\/web\/der-mlc\/praevention-prep\/#breadcrumb","itemListElement":[{"@type":"ListItem","position":1,"name":"Startseite","item":"https:\/\/www.mlc-munich.de\/web\/"},{"@type":"ListItem","position":2,"name":"Der MLC","item":"https:\/\/www.mlc-munich.de\/web\/der-mlc\/"},{"@type":"ListItem","position":3,"name":"Pr\u00e4vention PREP"}]},{"@type":"WebSite","@id":"https:\/\/www.mlc-munich.de\/web\/#website","url":"https:\/\/www.mlc-munich.de\/web\/","name":"MLC M\u00fcnchner L\u00f6wen Club e.V.","description":"MLC M\u00fcnchner L\u00f6wen Club e.V.","publisher":{"@id":"https:\/\/www.mlc-munich.de\/web\/#organization"},"potentialAction":[{"@type":"SearchAction","target":{"@type":"EntryPoint","urlTemplate":"https:\/\/www.mlc-munich.de\/web\/?s={search_term_string}"},"query-input":{"@type":"PropertyValueSpecification","valueRequired":true,"valueName":"search_term_string"}}],"inLanguage":"de"},{"@type":"Organization","@id":"https:\/\/www.mlc-munich.de\/web\/#organization","name":"MLC M\u00fcnchner L\u00f6wen Club e.V.","url":"https:\/\/www.mlc-munich.de\/web\/","logo":{"@type":"ImageObject","inLanguage":"de","@id":"https:\/\/www.mlc-munich.de\/web\/#\/schema\/logo\/image\/","url":"https:\/\/www.mlc-munich.de\/web\/wp-content\/uploads\/2018\/05\/logo_250x95px-Kopie.png","contentUrl":"https:\/\/www.mlc-munich.de\/web\/wp-content\/uploads\/2018\/05\/logo_250x95px-Kopie.png","width":250,"height":95,"caption":"MLC M\u00fcnchner L\u00f6wen Club e.V."},"image":{"@id":"https:\/\/www.mlc-munich.de\/web\/#\/schema\/logo\/image\/"}}]}},"_links":{"self":[{"href":"https:\/\/www.mlc-munich.de\/web\/wp-json\/wp\/v2\/pages\/385","targetHints":{"allow":["GET"]}}],"collection":[{"href":"https:\/\/www.mlc-munich.de\/web\/wp-json\/wp\/v2\/pages"}],"about":[{"href":"https:\/\/www.mlc-munich.de\/web\/wp-json\/wp\/v2\/types\/page"}],"author":[{"embeddable":true,"href":"https:\/\/www.mlc-munich.de\/web\/wp-json\/wp\/v2\/users\/2"}],"replies":[{"embeddable":true,"href":"https:\/\/www.mlc-munich.de\/web\/wp-json\/wp\/v2\/comments?post=385"}],"version-history":[{"count":8,"href":"https:\/\/www.mlc-munich.de\/web\/wp-json\/wp\/v2\/pages\/385\/revisions"}],"predecessor-version":[{"id":2303,"href":"https:\/\/www.mlc-munich.de\/web\/wp-json\/wp\/v2\/pages\/385\/revisions\/2303"}],"up":[{"embeddable":true,"href":"https:\/\/www.mlc-munich.de\/web\/wp-json\/wp\/v2\/pages\/166"}],"wp:attachment":[{"href":"https:\/\/www.mlc-munich.de\/web\/wp-json\/wp\/v2\/media?parent=385"}],"curies":[{"name":"wp","href":"https:\/\/api.w.org\/{rel}","templated":true}]}}