{"id":7262,"date":"2023-08-30T10:51:18","date_gmt":"2023-08-30T08:51:18","guid":{"rendered":"https:\/\/www.mlc-munich.de\/web\/?page_id=7262"},"modified":"2024-12-02T17:59:05","modified_gmt":"2024-12-02T16:59:05","slug":"50-jahre-mlc","status":"publish","type":"page","link":"https:\/\/www.mlc-munich.de\/web\/partys-events\/50-jahre-mlc\/","title":{"rendered":"50 Jahre M\u00fcnchner L\u00f6wen Club"},"content":{"rendered":"<p><img loading=\"lazy\" decoding=\"async\" class=\"alignnone size-full wp-image-7270\" src=\"https:\/\/www.mlc-munich.de\/web\/wp-content\/uploads\/2023\/08\/50jahre_logo_weiss.png\" alt=\"\" width=\"600\" height=\"363\" \/><\/p>\n<h2>\u00dcberblick und Details zu allen Veranstaltungen im Jubil\u00e4umsjahr.<\/h2>\n<a href=\"https:\/\/shop.eventjet.at\/mlc\/event-group\/0e831f2f-5341-46d5-a5f1-df3ba063104b\" class=\"su-button su-button-style-noise\" style=\"color:#FFFFFF;background-color:#e2001a;border-color:#b50015;border-radius:45px\" target=\"_blank\" rel=\"noopener noreferrer\"><span style=\"color:#FFFFFF;padding:7px 22px;font-size:17px;line-height:26px;border-color:#eb4d5f;border-radius:45px;text-shadow:none\"><i class=\"sui sui-ticket\" style=\"font-size:17px;color:#FFFFFF\"><\/i> Zum Ticket-Shop der 50-Jahre Events<\/span><\/a>\n<p>&nbsp;<\/p>\n<p><span style=\"font-size: 18pt; background-color: #ff0000; color: #ffffff;\"><strong>03.12.2024<\/strong><\/span><br \/>\n<span style=\"background-color: #339966; color: #ffffff;\"><strong><span style=\"font-size: 14pt; background-color: #339966;\">Finissage Ausstellung Ulli Richter @ SUB<\/span><\/strong><\/span><\/p>\n<ul>\n<li>19:00 bis 23:00 Uhr im Sub<br \/>\n<a href=\"https:\/\/www.google.com\/maps\/place\/Sub+-+Schwules+Kommunikations-+und+Kulturzentrum+M%C3%BCnchen+e.V.\/@48.1326156,11.570977,17z\/data=!4m14!1m7!3m6!1s0x479ddf5e91f716a1:0xb96b903fe0084c01!2sSub+-+Schwules+Kommunikations-+und+Kulturzentrum+M%C3%BCnchen+e.V.!8m2!3d48.132612!4d11.5735519!16s%2Fg%2F1vc6cckw!3m5!1s0x479ddf5e91f716a1:0xb96b903fe0084c01!8m2!3d48.132612!4d11.5735519!16s%2Fg%2F1vc6cckw?entry=ttu\" target=\"_blank\" rel=\"noopener\">M\u00fcllerstra\u00dfe 14, 80469 M\u00fcnchen<\/a><\/li>\n<li>Eintritt kostenlos \u2013 Keine Anmeldung erforderlich<\/li>\n<li>Getr\u00e4nke auf eigene Rechnung<\/li>\n<li>Dresscode: Keiner \u2013 Fetish welcome (Intimzonen bedeckt)<\/li>\n<li>All Gender<\/li>\n<\/ul>\n<p><span style=\"font-size: 18pt; background-color: #ff0000; color: #ffffff;\"><strong>07.12.2024\u00a0<\/strong><\/span><br \/>\n<span style=\"background-color: #339966; color: #ffffff;\"><strong><span style=\"font-size: 14pt; background-color: #339966;\">Clubausflug zum Christkindlesmarkttreffen in N\u00fcrnberg<\/span><\/strong><\/span><\/p>\n<ul>\n<li>Treffpunkt und Gl\u00fchweinempfang um 11 Uhr am UnderGround<br \/>\n<a href=\"https:\/\/www.google.com\/maps\/place\/MLC+M%C3%BCnchen+-+M%C3%BCnchner+L%C3%B6wen+Club+e.V.+%2F+UnderGround\/@48.095061,11.5116005,17z\/data=!3m1!5s0x479dd9242dc22413:0x518c0294cc47795d!4m15!1m8!3m7!1s0x479dd9242fd6c271:0x3c2fda6dd42397ea!2sMachtlfinger+Str.+29,+81379+M%C3%BCnchen!3b1!8m2!3d48.0950574!4d11.5141754!16s%2Fg%2F11b8v493z1!3m5!1s0x479dd9242cb5e56d:0x6f9e1ae16fa79827!8m2!3d48.0951828!4d11.5148926!16s%2Fg%2F1tmpcxv_?entry=ttu\" target=\"_blank\" rel=\"noopener\">Machtlfinger Stra\u00dfe 29, M\u00fcnchen<\/a><\/li>\n<li>Abfahrt Bus um 11:30 Uhr<\/li>\n<li>Gemeinsame Busfahrt nach N\u00fcrnberg und zur\u00fcck (optional selbst organisierte \u00dcbernachtung und R\u00fcckreise)<\/li>\n<li>Besuch des Christkindlesmarkt in N\u00fcrnberg<\/li>\n<li>Theaterbesuch um 19:30 Uhr zur Premiere des neuen St\u00fccks der Schlampenlichter<\/li>\n<li>Ticketpreis: 80\u20ac (beinhaltet Gl\u00fchweinempfang, Busfahrt und Theatereintritt)<\/li>\n<li>Dresscode: Keiner \u2013 Fetish welcome (Intimzonen bedeckt)<\/li>\n<li>Men Only<\/li>\n<\/ul>\n<div class=\"ctsc-spacer  \" style=\"height:50px\"><\/div>\n<p>&nbsp;<\/p>\n<p><span style=\"font-size: 16pt;\"><strong><span style=\"color: #ffffff; background-color: #339966;\">Weitere Infos und Veranstaltungen folgen!\u00a0<\/span><\/strong><\/span><\/p>\n<p><strong>Gegen Vorlage aller ab dem 03. Februar 2024 gekauften Tickets erh\u00e4ltst du im Spexter Shop 10% Rabatt!<\/strong><\/p>\n<p><span style=\"font-size: 8pt;\">G\u00fcltig ab dem Tag vor der jeweiligen Veranstaltung bis zum Tag nach der Veranstaltung auf dem Ticket.<br \/>\nDer Rabatt ist nicht \u00fcbertragbar und nicht mit anderen Aktionen &amp; Rabatten kombinierbar.<br \/>\nGilt nicht f\u00fcr Zeitschriften und Printmedien.\u00a0<\/span><\/p>\n","protected":false},"excerpt":{"rendered":"<p>\u00dcberblick und Details zu allen Veranstaltungen im Jubil\u00e4umsjahr. &nbsp; 03.12.2024 Finissage Ausstellung Ulli Richter @ SUB 19:00 bis 23:00 Uhr im Sub M\u00fcllerstra\u00dfe 14, 80469 M\u00fcnchen Eintritt kostenlos \u2013 Keine Anmeldung erforderlich Getr\u00e4nke auf eigene Rechnung Dresscode: Keiner \u2013 Fetish welcome (Intimzonen bedeckt) All Gender 07.12.2024\u00a0 Clubausflug zum Christkindlesmarkttreffen in N\u00fcrnberg Treffpunkt und Gl\u00fchweinempfang um 11 Uhr am UnderGround Machtlfinger Stra\u00dfe 29, M\u00fcnchen Abfahrt Bus um 11:30 Uhr Gemeinsame Busfahrt nach N\u00fcrnberg und zur\u00fcck (optional selbst organisierte \u00dcbernachtung und R\u00fcckreise) [&hellip;]<\/p>\n","protected":false},"author":2,"featured_media":0,"parent":161,"menu_order":500,"comment_status":"closed","ping_status":"closed","template":"","meta":{"footnotes":""},"class_list":["post-7262","page","type-page","status-publish","hentry","post"],"translation":{"provider":"WPGlobus","version":"3.0.2","language":"de","enabled_languages":["de","en"],"languages":{"de":{"title":true,"content":true,"excerpt":false},"en":{"title":true,"content":true,"excerpt":false}}},"yoast_head":"<!-- This site is optimized with the Yoast SEO plugin v27.4 - https:\/\/yoast.com\/product\/yoast-seo-wordpress\/ -->\n<title>50 Jahre M\u00fcnchner L\u00f6wen Club - MLC M\u00fcnchner L\u00f6wen Club e.V.<\/title>\n<meta name=\"robots\" content=\"index, follow, max-snippet:-1, max-image-preview:large, max-video-preview:-1\" \/>\n<link rel=\"canonical\" href=\"https:\/\/www.mlc-munich.de\/web\/partys-events\/50-jahre-mlc\/\" \/>\n<meta property=\"og:locale\" content=\"de_DE\" \/>\n<meta property=\"og:type\" content=\"article\" \/>\n<meta property=\"og:title\" content=\"50 Jahre M\u00fcnchner L\u00f6wen Club - MLC M\u00fcnchner L\u00f6wen Club e.V.\" \/>\n<meta property=\"og:url\" content=\"https:\/\/www.mlc-munich.de\/web\/partys-events\/50-jahre-mlc\/\" \/>\n<meta property=\"og:site_name\" content=\"MLC M\u00fcnchner L\u00f6wen Club e.V.\" \/>\n<meta property=\"article:modified_time\" content=\"2024-12-02T16:59:05+00:00\" \/>\n<meta property=\"og:image\" content=\"https:\/\/www.mlc-munich.de\/web\/wp-content\/uploads\/2023\/08\/50jahre_logo.png\" \/>\n\t<meta property=\"og:image:width\" content=\"600\" \/>\n\t<meta property=\"og:image:height\" content=\"363\" \/>\n\t<meta property=\"og:image:type\" content=\"image\/png\" \/>\n<meta name=\"twitter:card\" content=\"summary_large_image\" \/>\n<meta name=\"twitter:label1\" content=\"Gesch\u00e4tzte Lesezeit\" \/>\n\t<meta name=\"twitter:data1\" content=\"2\u00a0Minuten\" \/>\n<script type=\"application\/ld+json\" class=\"yoast-schema-graph\">{\"@context\":\"https:\\\/\\\/schema.org\",\"@graph\":[{\"@type\":\"WebPage\",\"@id\":\"https:\\\/\\\/www.mlc-munich.de\\\/web\\\/partys-events\\\/50-jahre-mlc\\\/\",\"url\":\"https:\\\/\\\/www.mlc-munich.de\\\/web\\\/partys-events\\\/50-jahre-mlc\\\/\",\"name\":\"50 Jahre M\u00fcnchner L\u00f6wen Club - MLC M\u00fcnchner L\u00f6wen Club e.V.\",\"isPartOf\":{\"@id\":\"https:\\\/\\\/www.mlc-munich.de\\\/web\\\/#website\"},\"primaryImageOfPage\":{\"@id\":\"https:\\\/\\\/www.mlc-munich.de\\\/web\\\/partys-events\\\/50-jahre-mlc\\\/#primaryimage\"},\"image\":{\"@id\":\"https:\\\/\\\/www.mlc-munich.de\\\/web\\\/partys-events\\\/50-jahre-mlc\\\/#primaryimage\"},\"thumbnailUrl\":\"https:\\\/\\\/www.mlc-munich.de\\\/web\\\/wp-content\\\/uploads\\\/2023\\\/08\\\/50jahre_logo_weiss.png\",\"datePublished\":\"2023-08-30T08:51:18+00:00\",\"dateModified\":\"2024-12-02T16:59:05+00:00\",\"breadcrumb\":{\"@id\":\"https:\\\/\\\/www.mlc-munich.de\\\/web\\\/partys-events\\\/50-jahre-mlc\\\/#breadcrumb\"},\"inLanguage\":\"de\",\"potentialAction\":[{\"@type\":\"ReadAction\",\"target\":[\"https:\\\/\\\/www.mlc-munich.de\\\/web\\\/partys-events\\\/50-jahre-mlc\\\/\"]}]},{\"@type\":\"ImageObject\",\"inLanguage\":\"de\",\"@id\":\"https:\\\/\\\/www.mlc-munich.de\\\/web\\\/partys-events\\\/50-jahre-mlc\\\/#primaryimage\",\"url\":\"https:\\\/\\\/www.mlc-munich.de\\\/web\\\/wp-content\\\/uploads\\\/2023\\\/08\\\/50jahre_logo_weiss.png\",\"contentUrl\":\"https:\\\/\\\/www.mlc-munich.de\\\/web\\\/wp-content\\\/uploads\\\/2023\\\/08\\\/50jahre_logo_weiss.png\",\"width\":600,\"height\":363},{\"@type\":\"BreadcrumbList\",\"@id\":\"https:\\\/\\\/www.mlc-munich.de\\\/web\\\/partys-events\\\/50-jahre-mlc\\\/#breadcrumb\",\"itemListElement\":[{\"@type\":\"ListItem\",\"position\":1,\"name\":\"Startseite\",\"item\":\"https:\\\/\\\/www.mlc-munich.de\\\/web\\\/\"},{\"@type\":\"ListItem\",\"position\":2,\"name\":\"Partys &#038; Events\",\"item\":\"https:\\\/\\\/www.mlc-munich.de\\\/web\\\/partys-events\\\/\"},{\"@type\":\"ListItem\",\"position\":3,\"name\":\"50 Jahre M\u00fcnchner L\u00f6wen Club\"}]},{\"@type\":\"WebSite\",\"@id\":\"https:\\\/\\\/www.mlc-munich.de\\\/web\\\/#website\",\"url\":\"https:\\\/\\\/www.mlc-munich.de\\\/web\\\/\",\"name\":\"MLC M\u00fcnchner L\u00f6wen Club e.V.\",\"description\":\"MLC M\u00fcnchner L\u00f6wen Club e.V.\",\"publisher\":{\"@id\":\"https:\\\/\\\/www.mlc-munich.de\\\/web\\\/#organization\"},\"potentialAction\":[{\"@type\":\"SearchAction\",\"target\":{\"@type\":\"EntryPoint\",\"urlTemplate\":\"https:\\\/\\\/www.mlc-munich.de\\\/web\\\/?s={search_term_string}\"},\"query-input\":{\"@type\":\"PropertyValueSpecification\",\"valueRequired\":true,\"valueName\":\"search_term_string\"}}],\"inLanguage\":\"de\"},{\"@type\":\"Organization\",\"@id\":\"https:\\\/\\\/www.mlc-munich.de\\\/web\\\/#organization\",\"name\":\"MLC M\u00fcnchner L\u00f6wen Club e.V.\",\"url\":\"https:\\\/\\\/www.mlc-munich.de\\\/web\\\/\",\"logo\":{\"@type\":\"ImageObject\",\"inLanguage\":\"de\",\"@id\":\"https:\\\/\\\/www.mlc-munich.de\\\/web\\\/#\\\/schema\\\/logo\\\/image\\\/\",\"url\":\"https:\\\/\\\/www.mlc-munich.de\\\/web\\\/wp-content\\\/uploads\\\/2018\\\/05\\\/logo_250x95px-Kopie.png\",\"contentUrl\":\"https:\\\/\\\/www.mlc-munich.de\\\/web\\\/wp-content\\\/uploads\\\/2018\\\/05\\\/logo_250x95px-Kopie.png\",\"width\":250,\"height\":95,\"caption\":\"MLC M\u00fcnchner L\u00f6wen Club e.V.\"},\"image\":{\"@id\":\"https:\\\/\\\/www.mlc-munich.de\\\/web\\\/#\\\/schema\\\/logo\\\/image\\\/\"}}]}<\/script>\n<!-- \/ Yoast SEO plugin. -->","yoast_head_json":{"title":"50 Jahre M\u00fcnchner L\u00f6wen Club - MLC M\u00fcnchner L\u00f6wen Club e.V.","robots":{"index":"index","follow":"follow","max-snippet":"max-snippet:-1","max-image-preview":"max-image-preview:large","max-video-preview":"max-video-preview:-1"},"canonical":"https:\/\/www.mlc-munich.de\/web\/partys-events\/50-jahre-mlc\/","og_locale":"de_DE","og_type":"article","og_title":"50 Jahre M\u00fcnchner L\u00f6wen Club - MLC M\u00fcnchner L\u00f6wen Club e.V.","og_url":"https:\/\/www.mlc-munich.de\/web\/partys-events\/50-jahre-mlc\/","og_site_name":"MLC M\u00fcnchner L\u00f6wen Club e.V.","article_modified_time":"2024-12-02T16:59:05+00:00","og_image":[{"width":600,"height":363,"url":"https:\/\/www.mlc-munich.de\/web\/wp-content\/uploads\/2023\/08\/50jahre_logo.png","type":"image\/png"}],"twitter_card":"summary_large_image","twitter_misc":{"Gesch\u00e4tzte Lesezeit":"2\u00a0Minuten"},"schema":{"@context":"https:\/\/schema.org","@graph":[{"@type":"WebPage","@id":"https:\/\/www.mlc-munich.de\/web\/partys-events\/50-jahre-mlc\/","url":"https:\/\/www.mlc-munich.de\/web\/partys-events\/50-jahre-mlc\/","name":"50 Jahre M\u00fcnchner L\u00f6wen Club - MLC M\u00fcnchner L\u00f6wen Club e.V.","isPartOf":{"@id":"https:\/\/www.mlc-munich.de\/web\/#website"},"primaryImageOfPage":{"@id":"https:\/\/www.mlc-munich.de\/web\/partys-events\/50-jahre-mlc\/#primaryimage"},"image":{"@id":"https:\/\/www.mlc-munich.de\/web\/partys-events\/50-jahre-mlc\/#primaryimage"},"thumbnailUrl":"https:\/\/www.mlc-munich.de\/web\/wp-content\/uploads\/2023\/08\/50jahre_logo_weiss.png","datePublished":"2023-08-30T08:51:18+00:00","dateModified":"2024-12-02T16:59:05+00:00","breadcrumb":{"@id":"https:\/\/www.mlc-munich.de\/web\/partys-events\/50-jahre-mlc\/#breadcrumb"},"inLanguage":"de","potentialAction":[{"@type":"ReadAction","target":["https:\/\/www.mlc-munich.de\/web\/partys-events\/50-jahre-mlc\/"]}]},{"@type":"ImageObject","inLanguage":"de","@id":"https:\/\/www.mlc-munich.de\/web\/partys-events\/50-jahre-mlc\/#primaryimage","url":"https:\/\/www.mlc-munich.de\/web\/wp-content\/uploads\/2023\/08\/50jahre_logo_weiss.png","contentUrl":"https:\/\/www.mlc-munich.de\/web\/wp-content\/uploads\/2023\/08\/50jahre_logo_weiss.png","width":600,"height":363},{"@type":"BreadcrumbList","@id":"https:\/\/www.mlc-munich.de\/web\/partys-events\/50-jahre-mlc\/#breadcrumb","itemListElement":[{"@type":"ListItem","position":1,"name":"Startseite","item":"https:\/\/www.mlc-munich.de\/web\/"},{"@type":"ListItem","position":2,"name":"Partys &#038; Events","item":"https:\/\/www.mlc-munich.de\/web\/partys-events\/"},{"@type":"ListItem","position":3,"name":"50 Jahre M\u00fcnchner L\u00f6wen Club"}]},{"@type":"WebSite","@id":"https:\/\/www.mlc-munich.de\/web\/#website","url":"https:\/\/www.mlc-munich.de\/web\/","name":"MLC M\u00fcnchner L\u00f6wen Club e.V.","description":"MLC M\u00fcnchner L\u00f6wen Club e.V.","publisher":{"@id":"https:\/\/www.mlc-munich.de\/web\/#organization"},"potentialAction":[{"@type":"SearchAction","target":{"@type":"EntryPoint","urlTemplate":"https:\/\/www.mlc-munich.de\/web\/?s={search_term_string}"},"query-input":{"@type":"PropertyValueSpecification","valueRequired":true,"valueName":"search_term_string"}}],"inLanguage":"de"},{"@type":"Organization","@id":"https:\/\/www.mlc-munich.de\/web\/#organization","name":"MLC M\u00fcnchner L\u00f6wen Club e.V.","url":"https:\/\/www.mlc-munich.de\/web\/","logo":{"@type":"ImageObject","inLanguage":"de","@id":"https:\/\/www.mlc-munich.de\/web\/#\/schema\/logo\/image\/","url":"https:\/\/www.mlc-munich.de\/web\/wp-content\/uploads\/2018\/05\/logo_250x95px-Kopie.png","contentUrl":"https:\/\/www.mlc-munich.de\/web\/wp-content\/uploads\/2018\/05\/logo_250x95px-Kopie.png","width":250,"height":95,"caption":"MLC M\u00fcnchner L\u00f6wen Club e.V."},"image":{"@id":"https:\/\/www.mlc-munich.de\/web\/#\/schema\/logo\/image\/"}}]}},"_links":{"self":[{"href":"https:\/\/www.mlc-munich.de\/web\/wp-json\/wp\/v2\/pages\/7262","targetHints":{"allow":["GET"]}}],"collection":[{"href":"https:\/\/www.mlc-munich.de\/web\/wp-json\/wp\/v2\/pages"}],"about":[{"href":"https:\/\/www.mlc-munich.de\/web\/wp-json\/wp\/v2\/types\/page"}],"author":[{"embeddable":true,"href":"https:\/\/www.mlc-munich.de\/web\/wp-json\/wp\/v2\/users\/2"}],"replies":[{"embeddable":true,"href":"https:\/\/www.mlc-munich.de\/web\/wp-json\/wp\/v2\/comments?post=7262"}],"version-history":[{"count":214,"href":"https:\/\/www.mlc-munich.de\/web\/wp-json\/wp\/v2\/pages\/7262\/revisions"}],"predecessor-version":[{"id":21479,"href":"https:\/\/www.mlc-munich.de\/web\/wp-json\/wp\/v2\/pages\/7262\/revisions\/21479"}],"up":[{"embeddable":true,"href":"https:\/\/www.mlc-munich.de\/web\/wp-json\/wp\/v2\/pages\/161"}],"wp:attachment":[{"href":"https:\/\/www.mlc-munich.de\/web\/wp-json\/wp\/v2\/media?parent=7262"}],"curies":[{"name":"wp","href":"https:\/\/api.w.org\/{rel}","templated":true}]}}