{"id":965,"date":"2018-08-13T13:43:58","date_gmt":"2018-08-13T11:43:58","guid":{"rendered":"https:\/\/www.mlc-munich.de\/web\/?page_id=965"},"modified":"2025-10-22T22:00:25","modified_gmt":"2025-10-22T20:00:25","slug":"mlc-weihnachtsfeier","status":"publish","type":"page","link":"https:\/\/www.mlc-munich.de\/web\/partys-events\/mlc-weihnachtsfeier\/","title":{"rendered":"MLC Weihnachtsfeier"},"content":{"rendered":"<div>\n<p><img loading=\"lazy\" decoding=\"async\" class=\"size-medium wp-image-24829 alignleft\" src=\"https:\/\/www.mlc-munich.de\/web\/wp-content\/uploads\/2025\/10\/MLC_Weihnachtsfeier_Feed_1080x1350px_V3-480x600.jpg\" alt=\"\" width=\"480\" height=\"600\" srcset=\"https:\/\/www.mlc-munich.de\/web\/wp-content\/uploads\/2025\/10\/MLC_Weihnachtsfeier_Feed_1080x1350px_V3-480x600.jpg 480w, https:\/\/www.mlc-munich.de\/web\/wp-content\/uploads\/2025\/10\/MLC_Weihnachtsfeier_Feed_1080x1350px_V3-768x960.jpg 768w, https:\/\/www.mlc-munich.de\/web\/wp-content\/uploads\/2025\/10\/MLC_Weihnachtsfeier_Feed_1080x1350px_V3.jpg 1080w\" sizes=\"auto, (max-width: 480px) 100vw, 480px\" \/><\/p>\n<\/div>\n<p>&nbsp;<\/p>\n<p>&nbsp;<\/p>\n<p>&nbsp;<\/p>\n<p>&nbsp;<\/p>\n<p>&nbsp;<\/p>\n<p>&nbsp;<\/p>\n<p>&nbsp;<\/p>\n<p>&nbsp;<\/p>\n<p>&nbsp;<\/p>\n<p>&nbsp;<\/p>\n<p>&nbsp;<\/p>\n<p>&nbsp;<\/p>\n<p>&nbsp;<\/p>\n<p>&nbsp;<\/p>\n<p>&nbsp;<\/p>\n<p>&nbsp;<\/p>\n<p><strong>Nur mit Anmeldung<br \/>\n<\/strong><\/p>\n<a href=\"https:\/\/shop.eventjet.at\/de\/mlc\/event\/199445b3-a36f-4b94-87f2-92b22429046c\" class=\"su-button su-button-style-noise\" style=\"color:#FFFFFF;background-color:#e2001a;border-color:#b50015;border-radius:77px\" target=\"_blank\" rel=\"noopener noreferrer\"><span style=\"color:#FFFFFF;padding:10px 34px;font-size:25px;line-height:38px;border-color:#eb4d5f;border-radius:77px;text-shadow:none\"><i class=\"sui sui-user\" style=\"font-size:25px;color:#FFFFFF\"><\/i> Zur Anmeldung<\/span><\/a>\n<ul>\n<li>Im Saal des Augustiner Keller<\/li>\n<li>Gl\u00fchweinempfang<\/li>\n<li>Reichhaltiges kaltes und warmes Buffet<\/li>\n<\/ul>\n<p>Getr\u00e4nke gehen auf eigene Kosten.<\/p>\n<p>&nbsp;<\/p>\n<p>&nbsp;<\/p>\n","protected":false},"excerpt":{"rendered":"<p>&nbsp; &nbsp; &nbsp; &nbsp; &nbsp; &nbsp; &nbsp; &nbsp; &nbsp; &nbsp; &nbsp; &nbsp; &nbsp; &nbsp; &nbsp; &nbsp; Nur mit Anmeldung Im Saal des Augustiner Keller Gl\u00fchweinempfang Reichhaltiges kaltes und warmes Buffet Getr\u00e4nke gehen auf eigene Kosten. &nbsp; &nbsp;<\/p>\n","protected":false},"author":2,"featured_media":0,"parent":161,"menu_order":110,"comment_status":"closed","ping_status":"closed","template":"","meta":{"footnotes":""},"class_list":["post-965","page","type-page","status-publish","hentry","post"],"translation":{"provider":"WPGlobus","version":"3.0.2","language":"de","enabled_languages":["de","en"],"languages":{"de":{"title":true,"content":true,"excerpt":false},"en":{"title":false,"content":false,"excerpt":false}}},"yoast_head":"<!-- This site is optimized with the Yoast SEO plugin v27.4 - https:\/\/yoast.com\/product\/yoast-seo-wordpress\/ -->\n<title>MLC Weihnachtsfeier - MLC M\u00fcnchner L\u00f6wen Club e.V.<\/title>\n<meta name=\"robots\" content=\"index, follow, max-snippet:-1, max-image-preview:large, max-video-preview:-1\" \/>\n<link rel=\"canonical\" href=\"https:\/\/www.mlc-munich.de\/web\/partys-events\/mlc-weihnachtsfeier\/\" \/>\n<meta property=\"og:locale\" content=\"de_DE\" \/>\n<meta property=\"og:type\" content=\"article\" \/>\n<meta property=\"og:title\" content=\"MLC Weihnachtsfeier - MLC M\u00fcnchner L\u00f6wen Club e.V.\" \/>\n<meta property=\"og:url\" content=\"https:\/\/www.mlc-munich.de\/web\/partys-events\/mlc-weihnachtsfeier\/\" \/>\n<meta property=\"og:site_name\" content=\"MLC M\u00fcnchner L\u00f6wen Club e.V.\" \/>\n<meta property=\"article:modified_time\" content=\"2025-10-22T20:00:25+00:00\" \/>\n<meta property=\"og:image\" content=\"https:\/\/www.mlc-munich.de\/web\/wp-content\/uploads\/2025\/10\/MLC_Weihnachtsfeier_Feed_1080x1350px_V3.jpg\" \/>\n\t<meta property=\"og:image:width\" content=\"1080\" \/>\n\t<meta property=\"og:image:height\" content=\"1350\" \/>\n\t<meta property=\"og:image:type\" content=\"image\/jpeg\" \/>\n<meta name=\"twitter:card\" content=\"summary_large_image\" \/>\n<meta name=\"twitter:label1\" content=\"Gesch\u00e4tzte Lesezeit\" \/>\n\t<meta name=\"twitter:data1\" content=\"1\u00a0Minute\" \/>\n<script type=\"application\/ld+json\" class=\"yoast-schema-graph\">{\"@context\":\"https:\\\/\\\/schema.org\",\"@graph\":[{\"@type\":\"WebPage\",\"@id\":\"https:\\\/\\\/www.mlc-munich.de\\\/web\\\/partys-events\\\/mlc-weihnachtsfeier\\\/\",\"url\":\"https:\\\/\\\/www.mlc-munich.de\\\/web\\\/partys-events\\\/mlc-weihnachtsfeier\\\/\",\"name\":\"MLC Weihnachtsfeier - MLC M\u00fcnchner L\u00f6wen Club e.V.\",\"isPartOf\":{\"@id\":\"https:\\\/\\\/www.mlc-munich.de\\\/web\\\/#website\"},\"primaryImageOfPage\":{\"@id\":\"https:\\\/\\\/www.mlc-munich.de\\\/web\\\/partys-events\\\/mlc-weihnachtsfeier\\\/#primaryimage\"},\"image\":{\"@id\":\"https:\\\/\\\/www.mlc-munich.de\\\/web\\\/partys-events\\\/mlc-weihnachtsfeier\\\/#primaryimage\"},\"thumbnailUrl\":\"https:\\\/\\\/www.mlc-munich.de\\\/web\\\/wp-content\\\/uploads\\\/2025\\\/10\\\/MLC_Weihnachtsfeier_Feed_1080x1350px_V3-480x600.jpg\",\"datePublished\":\"2018-08-13T11:43:58+00:00\",\"dateModified\":\"2025-10-22T20:00:25+00:00\",\"breadcrumb\":{\"@id\":\"https:\\\/\\\/www.mlc-munich.de\\\/web\\\/partys-events\\\/mlc-weihnachtsfeier\\\/#breadcrumb\"},\"inLanguage\":\"de\",\"potentialAction\":[{\"@type\":\"ReadAction\",\"target\":[\"https:\\\/\\\/www.mlc-munich.de\\\/web\\\/partys-events\\\/mlc-weihnachtsfeier\\\/\"]}]},{\"@type\":\"ImageObject\",\"inLanguage\":\"de\",\"@id\":\"https:\\\/\\\/www.mlc-munich.de\\\/web\\\/partys-events\\\/mlc-weihnachtsfeier\\\/#primaryimage\",\"url\":\"https:\\\/\\\/www.mlc-munich.de\\\/web\\\/wp-content\\\/uploads\\\/2025\\\/10\\\/MLC_Weihnachtsfeier_Feed_1080x1350px_V3.jpg\",\"contentUrl\":\"https:\\\/\\\/www.mlc-munich.de\\\/web\\\/wp-content\\\/uploads\\\/2025\\\/10\\\/MLC_Weihnachtsfeier_Feed_1080x1350px_V3.jpg\",\"width\":1080,\"height\":1350},{\"@type\":\"BreadcrumbList\",\"@id\":\"https:\\\/\\\/www.mlc-munich.de\\\/web\\\/partys-events\\\/mlc-weihnachtsfeier\\\/#breadcrumb\",\"itemListElement\":[{\"@type\":\"ListItem\",\"position\":1,\"name\":\"Startseite\",\"item\":\"https:\\\/\\\/www.mlc-munich.de\\\/web\\\/\"},{\"@type\":\"ListItem\",\"position\":2,\"name\":\"Partys &#038; Events\",\"item\":\"https:\\\/\\\/www.mlc-munich.de\\\/web\\\/partys-events\\\/\"},{\"@type\":\"ListItem\",\"position\":3,\"name\":\"MLC Weihnachtsfeier\"}]},{\"@type\":\"WebSite\",\"@id\":\"https:\\\/\\\/www.mlc-munich.de\\\/web\\\/#website\",\"url\":\"https:\\\/\\\/www.mlc-munich.de\\\/web\\\/\",\"name\":\"MLC M\u00fcnchner L\u00f6wen Club e.V.\",\"description\":\"MLC M\u00fcnchner L\u00f6wen Club e.V.\",\"publisher\":{\"@id\":\"https:\\\/\\\/www.mlc-munich.de\\\/web\\\/#organization\"},\"potentialAction\":[{\"@type\":\"SearchAction\",\"target\":{\"@type\":\"EntryPoint\",\"urlTemplate\":\"https:\\\/\\\/www.mlc-munich.de\\\/web\\\/?s={search_term_string}\"},\"query-input\":{\"@type\":\"PropertyValueSpecification\",\"valueRequired\":true,\"valueName\":\"search_term_string\"}}],\"inLanguage\":\"de\"},{\"@type\":\"Organization\",\"@id\":\"https:\\\/\\\/www.mlc-munich.de\\\/web\\\/#organization\",\"name\":\"MLC M\u00fcnchner L\u00f6wen Club e.V.\",\"url\":\"https:\\\/\\\/www.mlc-munich.de\\\/web\\\/\",\"logo\":{\"@type\":\"ImageObject\",\"inLanguage\":\"de\",\"@id\":\"https:\\\/\\\/www.mlc-munich.de\\\/web\\\/#\\\/schema\\\/logo\\\/image\\\/\",\"url\":\"https:\\\/\\\/www.mlc-munich.de\\\/web\\\/wp-content\\\/uploads\\\/2018\\\/05\\\/logo_250x95px-Kopie.png\",\"contentUrl\":\"https:\\\/\\\/www.mlc-munich.de\\\/web\\\/wp-content\\\/uploads\\\/2018\\\/05\\\/logo_250x95px-Kopie.png\",\"width\":250,\"height\":95,\"caption\":\"MLC M\u00fcnchner L\u00f6wen Club e.V.\"},\"image\":{\"@id\":\"https:\\\/\\\/www.mlc-munich.de\\\/web\\\/#\\\/schema\\\/logo\\\/image\\\/\"}}]}<\/script>\n<!-- \/ Yoast SEO plugin. -->","yoast_head_json":{"title":"MLC Weihnachtsfeier - MLC M\u00fcnchner L\u00f6wen Club e.V.","robots":{"index":"index","follow":"follow","max-snippet":"max-snippet:-1","max-image-preview":"max-image-preview:large","max-video-preview":"max-video-preview:-1"},"canonical":"https:\/\/www.mlc-munich.de\/web\/partys-events\/mlc-weihnachtsfeier\/","og_locale":"de_DE","og_type":"article","og_title":"MLC Weihnachtsfeier - MLC M\u00fcnchner L\u00f6wen Club e.V.","og_url":"https:\/\/www.mlc-munich.de\/web\/partys-events\/mlc-weihnachtsfeier\/","og_site_name":"MLC M\u00fcnchner L\u00f6wen Club e.V.","article_modified_time":"2025-10-22T20:00:25+00:00","og_image":[{"width":1080,"height":1350,"url":"https:\/\/www.mlc-munich.de\/web\/wp-content\/uploads\/2025\/10\/MLC_Weihnachtsfeier_Feed_1080x1350px_V3.jpg","type":"image\/jpeg"}],"twitter_card":"summary_large_image","twitter_misc":{"Gesch\u00e4tzte Lesezeit":"1\u00a0Minute"},"schema":{"@context":"https:\/\/schema.org","@graph":[{"@type":"WebPage","@id":"https:\/\/www.mlc-munich.de\/web\/partys-events\/mlc-weihnachtsfeier\/","url":"https:\/\/www.mlc-munich.de\/web\/partys-events\/mlc-weihnachtsfeier\/","name":"MLC Weihnachtsfeier - MLC M\u00fcnchner L\u00f6wen Club e.V.","isPartOf":{"@id":"https:\/\/www.mlc-munich.de\/web\/#website"},"primaryImageOfPage":{"@id":"https:\/\/www.mlc-munich.de\/web\/partys-events\/mlc-weihnachtsfeier\/#primaryimage"},"image":{"@id":"https:\/\/www.mlc-munich.de\/web\/partys-events\/mlc-weihnachtsfeier\/#primaryimage"},"thumbnailUrl":"https:\/\/www.mlc-munich.de\/web\/wp-content\/uploads\/2025\/10\/MLC_Weihnachtsfeier_Feed_1080x1350px_V3-480x600.jpg","datePublished":"2018-08-13T11:43:58+00:00","dateModified":"2025-10-22T20:00:25+00:00","breadcrumb":{"@id":"https:\/\/www.mlc-munich.de\/web\/partys-events\/mlc-weihnachtsfeier\/#breadcrumb"},"inLanguage":"de","potentialAction":[{"@type":"ReadAction","target":["https:\/\/www.mlc-munich.de\/web\/partys-events\/mlc-weihnachtsfeier\/"]}]},{"@type":"ImageObject","inLanguage":"de","@id":"https:\/\/www.mlc-munich.de\/web\/partys-events\/mlc-weihnachtsfeier\/#primaryimage","url":"https:\/\/www.mlc-munich.de\/web\/wp-content\/uploads\/2025\/10\/MLC_Weihnachtsfeier_Feed_1080x1350px_V3.jpg","contentUrl":"https:\/\/www.mlc-munich.de\/web\/wp-content\/uploads\/2025\/10\/MLC_Weihnachtsfeier_Feed_1080x1350px_V3.jpg","width":1080,"height":1350},{"@type":"BreadcrumbList","@id":"https:\/\/www.mlc-munich.de\/web\/partys-events\/mlc-weihnachtsfeier\/#breadcrumb","itemListElement":[{"@type":"ListItem","position":1,"name":"Startseite","item":"https:\/\/www.mlc-munich.de\/web\/"},{"@type":"ListItem","position":2,"name":"Partys &#038; Events","item":"https:\/\/www.mlc-munich.de\/web\/partys-events\/"},{"@type":"ListItem","position":3,"name":"MLC Weihnachtsfeier"}]},{"@type":"WebSite","@id":"https:\/\/www.mlc-munich.de\/web\/#website","url":"https:\/\/www.mlc-munich.de\/web\/","name":"MLC M\u00fcnchner L\u00f6wen Club e.V.","description":"MLC M\u00fcnchner L\u00f6wen Club e.V.","publisher":{"@id":"https:\/\/www.mlc-munich.de\/web\/#organization"},"potentialAction":[{"@type":"SearchAction","target":{"@type":"EntryPoint","urlTemplate":"https:\/\/www.mlc-munich.de\/web\/?s={search_term_string}"},"query-input":{"@type":"PropertyValueSpecification","valueRequired":true,"valueName":"search_term_string"}}],"inLanguage":"de"},{"@type":"Organization","@id":"https:\/\/www.mlc-munich.de\/web\/#organization","name":"MLC M\u00fcnchner L\u00f6wen Club e.V.","url":"https:\/\/www.mlc-munich.de\/web\/","logo":{"@type":"ImageObject","inLanguage":"de","@id":"https:\/\/www.mlc-munich.de\/web\/#\/schema\/logo\/image\/","url":"https:\/\/www.mlc-munich.de\/web\/wp-content\/uploads\/2018\/05\/logo_250x95px-Kopie.png","contentUrl":"https:\/\/www.mlc-munich.de\/web\/wp-content\/uploads\/2018\/05\/logo_250x95px-Kopie.png","width":250,"height":95,"caption":"MLC M\u00fcnchner L\u00f6wen Club e.V."},"image":{"@id":"https:\/\/www.mlc-munich.de\/web\/#\/schema\/logo\/image\/"}}]}},"_links":{"self":[{"href":"https:\/\/www.mlc-munich.de\/web\/wp-json\/wp\/v2\/pages\/965","targetHints":{"allow":["GET"]}}],"collection":[{"href":"https:\/\/www.mlc-munich.de\/web\/wp-json\/wp\/v2\/pages"}],"about":[{"href":"https:\/\/www.mlc-munich.de\/web\/wp-json\/wp\/v2\/types\/page"}],"author":[{"embeddable":true,"href":"https:\/\/www.mlc-munich.de\/web\/wp-json\/wp\/v2\/users\/2"}],"replies":[{"embeddable":true,"href":"https:\/\/www.mlc-munich.de\/web\/wp-json\/wp\/v2\/comments?post=965"}],"version-history":[{"count":59,"href":"https:\/\/www.mlc-munich.de\/web\/wp-json\/wp\/v2\/pages\/965\/revisions"}],"predecessor-version":[{"id":24848,"href":"https:\/\/www.mlc-munich.de\/web\/wp-json\/wp\/v2\/pages\/965\/revisions\/24848"}],"up":[{"embeddable":true,"href":"https:\/\/www.mlc-munich.de\/web\/wp-json\/wp\/v2\/pages\/161"}],"wp:attachment":[{"href":"https:\/\/www.mlc-munich.de\/web\/wp-json\/wp\/v2\/media?parent=965"}],"curies":[{"name":"wp","href":"https:\/\/api.w.org\/{rel}","templated":true}]}}